{"id":7702,"date":"2017-12-14T10:03:57","date_gmt":"2017-12-14T10:03:57","guid":{"rendered":"https:\/\/syprin.de\/?post_type=product&#038;p=7702"},"modified":"2026-04-30T17:32:40","modified_gmt":"2026-04-30T15:32:40","slug":"original-syprin-olomhelyettesito","status":"publish","type":"product","link":"https:\/\/syprin.de\/hu\/produkt\/original-syprin-olomhelyettesito\/","title":{"rendered":"ORIGINAL SYPRIN \u00f3lomhelyettes\u00edt\u0151"},"content":{"rendered":"<div class=\"wpb-content-wrapper\"><p>[vc_row][vc_column][vc_column_text css=&#8221;&#8221;]<\/p>\n<div class=\"tab-popup-content\">\n<h3><span id=\"productTitle\" class=\"a-size-large product-title-word-break\"><span style=\"vertical-align: inherit;\"><span style=\"vertical-align: inherit;\"><span style=\"vertical-align: inherit;\"><span style=\"vertical-align: inherit;\">ORIGINAL SYPRIN \u00f3lomhelyettes\u00edt\u0151<\/span><\/span><\/span><\/span><\/span><\/h3>\n<p>Az ORIGINAL SYPRIN \u00f3lomp\u00f3tl\u00f3 ide\u00e1lis term\u00e9k motorker\u00e9kp\u00e1r-rajong\u00f3k \u00e9s klasszikus aut\u00f3k szerelmeseinek. A rendk\u00edv\u00fcl hat\u00e9kony hat\u00f3anyag-kombin\u00e1ci\u00f3nak k\u00f6sz\u00f6nhet\u0151en biztons\u00e1gos vezet\u00e9st \u00e9s gyakorlatilag \u00fajszer\u0171 szelep-vissza\u00e1ll\u00edt\u00e1st biztos\u00edt.<\/p>\n<h3>Kompatibilit\u00e1s<\/h3>\n<p>A SYPRIN d\u00edzelmotor- \u00e9s befecskendez\u0151\u00e1pol\u00f3 adal\u00e9k minden d\u00edzelmotorhoz alkalmas, r\u00e9szecskesz\u0171r\u0151vel \u00e9s an\u00e9lk\u00fcl is. Megel\u0151z\u0151 vagy jav\u00edt\u00e1si c\u00e9lokra. Turb\u00f3felt\u00f6lt\u0151vel tesztelt. K\u00f6zvetlen\u00fcl az \u00fczemanyagtart\u00e1lyba adagolhat\u00f3. Teljesen kompatibilis az \u00f6sszes szok\u00e1sos d\u00edzel- \u00e9s biod\u00edzel \u00fczemanyaggal. Az optim\u00e1lis eredm\u00e9ny 250 ml \u00e9s 50 l \u00fczemanyag kever\u00e9si ar\u00e1ny\u00e1val \u00e9rhet\u0151 el.<\/p>\n<p>&nbsp;<\/p>\n<\/div>\n<h3><b>Vesz\u00e9lyes \u00e1rukra vonatkoz\u00f3 inform\u00e1ci\u00f3k Eredeti Syprin d\u00edzelmotor- \u00e9s befecskendez\u0151\u00e1pol\u00f3 adal\u00e9kanyag<\/b><\/h3>\n<div><img decoding=\"async\" data-src=\"https:\/\/syprin.de\/wp-content\/uploads\/2018\/02\/Gesundheitsgefahr_GHS08-7.webp\" width=\"64\" height=\"64\" src=\"data:image\/svg+xml;base64,PHN2ZyB3aWR0aD0iMSIgaGVpZ2h0PSIxIiB4bWxucz0iaHR0cDovL3d3dy53My5vcmcvMjAwMC9zdmciPjwvc3ZnPg==\" class=\"lazyload\" style=\"--smush-placeholder-width: 64px; --smush-placeholder-aspect-ratio: 64\/64;\" \/><img decoding=\"async\" class=\"lazyloaded\" data-src=\"https:\/\/syprin.de\/wp-content\/uploads\/2026\/02\/Gefahrhinweis.jpg\" width=\"64\" height=\"64\" src=\"data:image\/svg+xml;base64,PHN2ZyB3aWR0aD0iMSIgaGVpZ2h0PSIxIiB4bWxucz0iaHR0cDovL3d3dy53My5vcmcvMjAwMC9zdmciPjwvc3ZnPg==\" style=\"--smush-placeholder-width: 64px; --smush-placeholder-aspect-ratio: 64\/64;\" \/><\/div>\n<p><strong><br \/>\n<\/strong>Vesz\u00e9lyre vonatkoz\u00f3 figyelmeztet\u00e9sek:<br \/>\nH304 Lenyel\u00e9s eset\u00e9n \u00e9s a l\u00e9gutakba ker\u00fclve hal\u00e1los lehet.<br \/>\nH318 S\u00falyos szemk\u00e1rosod\u00e1st okoz.<\/p>\n<p><strong>Biztons\u00e1gi utas\u00edt\u00e1sok<\/strong>:<br \/>\nP101\u00a0Orvosi tan\u00e1csad\u00e1s eset\u00e9n tartsa k\u00e9zn\u00e9l a term\u00e9k ed\u00e9ny\u00e9t vagy c\u00edmk\u00e9j\u00e9t.<br \/>\nP102 Gyermekekt\u0151l elz\u00e1rva tartand\u00f3.<br \/>\nP280 Viseljen szemv\u00e9d\u0151t.<br \/>\nP301+P310+331\u00a0LENYEL\u00c9S ESET\u00c9N: Azonnal h\u00edvja a M\u00e9rgez\u00e9s-inform\u00e1ci\u00f3s K\u00f6zpontot vagy orvost. NE h\u00e1nytasson.<br \/>\nP305+P351+P338-SZEMBE KER\u00dcL\u00c9S ESET\u00c9N: T\u00f6bb percig tart\u00f3 \u00f3vatos \u00f6bl\u00edt\u00e9s v\u00edzzel. Adott esetben a kontaktlencs\u00e9ket el kell t\u00e1vol\u00edtani, ha k\u00f6nnyen megoldhat\u00f3.<br \/>\nHa lehets\u00e9ges, t\u00e1vol\u00edtsa el. Folytassa az \u00f6bl\u00edt\u00e9st.<br \/>\nP315\u00a0Azonnal forduljon orvoshoz\/k\u00e9rjen orvosi seg\u00edts\u00e9get.<br \/>\nP405 Z\u00e1rt \u00fczlet.<br \/>\nP501\u00a0Speci\u00e1lis hullad\u00e9kkezel\u00e9shez val\u00f3 tartalom\/ed\u00e9ny.<br \/>\nEUH066 Az ism\u00e9telt \u00e9rintkez\u00e9s sz\u00e1raz vagy repedezett b\u0151rt okozhat.<\/p>\n<h3 class=\"a-section a-spacing-none\">Gy\u00e1rt\u00f3i inform\u00e1ci\u00f3k<\/h3>\n<div class=\"a-section a-spacing-none\">\n<p><strong>N\u00e9v:<\/strong> OS Motorsystem GmbH &amp; Co. KG<br \/>\n<strong>C\u00edm:<\/strong> Blumenweg 20a D-09224 Chemnitz<br \/>\n<strong>E-Mail:<\/strong> info@syprin.de<br \/>\n<strong>Weboldal:<\/strong> <a href=\"https:\/\/syprin.de\/hu\/\" target=\"_blank\" rel=\"noopener\">https:\/\/syprin.de\/<\/a><br \/>\n<strong>Eur\u00f3pai gy\u00e1rt\u00f3:<\/strong> Igen<\/p>\n<\/div>\n<p>[\/vc_column_text][\/vc_column][\/vc_row]<\/p>\n<\/div>","protected":false},"excerpt":{"rendered":"<h3><span id=\"productTitle\" class=\"a-size-large product-title-word-break\">ORIGINAL SYPRIN \u00f3lomhelyettes\u00edt\u0151<\/span><\/h3>\n<p>Az ORIGINAL SYPRIN \u00f3lomp\u00f3tl\u00f3 ide\u00e1lis term\u00e9k motorker\u00e9kp\u00e1r-rajong\u00f3k \u00e9s klasszikus aut\u00f3k szerelmeseinek. A rendk\u00edv\u00fcl hat\u00e9kony hat\u00f3anyag-kombin\u00e1ci\u00f3nak k\u00f6sz\u00f6nhet\u0151en biztons\u00e1gos vezet\u00e9st \u00e9s gyakorlatilag \u00fajszer\u0171 szelep-vissza\u00e1ll\u00edt\u00e1st biztos\u00edt.<\/p>\n<h3>Az \u00edg\u00e9ret\u00fcnk:<\/h3>\n<ul>\n<li>Hagyom\u00e1nykedvel\u0151knek: Eredeti Syprin \u00f3lomhelyettes\u00edt\u0151 klasszikus aut\u00f3k \u00e9s motorker\u00e9kp\u00e1r-rajong\u00f3k sz\u00e1m\u00e1ra megel\u0151z\u0151 v\u00e9delemk\u00e9nt, minden benzinmotorhoz alkalmas.<\/li>\n<\/ul>\n<ul>\n<li>R\u00e9gebbi benzinhez: Rendk\u00edv\u00fcl hat\u00e9kony \u00f3lomadal\u00e9k-kombin\u00e1ci\u00f3, megb\u00edzhat\u00f3an v\u00e9di a szelepeket \u00e9s a gy\u00fajt\u00f3gyerty\u00e1kat a lerak\u00f3d\u00e1sokt\u00f3l \u00e9s a szelep\u00fcl\u00e9s kop\u00e1s\u00e1t\u00f3l.<\/li>\n<\/ul>\n<ul>\n<li>Biztons\u00e1gos \u00e9s k\u00f6nnyen haszn\u00e1lhat\u00f3: Tankol\u00e1sseg\u00edt\u0151 k\u00f6zvetlen\u00fcl a palackon, \u00f6nkevered\u0151 tankol\u00e1s k\u00f6zben, az \u00f3lmozott benzin rendk\u00edv\u00fcl hat\u00e9kony adal\u00e9kanyag.<\/li>\n<\/ul>\n<ul>\n<li>N\u00e9metorsz\u00e1gban k\u00e9sz\u00fclt: Kiv\u00e1l\u00f3 min\u0151s\u00e9g megb\u00edzhat\u00f3 j\u00e1rm\u0171v\u00e9hez, b\u00edzza mag\u00e1t az eredeti Syprin \u00f3lmozott benzinhelyettes\u00edt\u0151re a hosszan tart\u00f3 vezet\u00e9si \u00e9lm\u00e9ny\u00e9rt.<\/li>\n<\/ul>\n","protected":false},"featured_media":7283,"comment_status":"open","ping_status":"closed","template":"","meta":{"wds_primary_product_brand":0,"wds_primary_product_cat":0},"product_brand":[],"product_cat":[348,353],"product_tag":[],"class_list":{"0":"post-7702","1":"product","2":"type-product","3":"status-publish","4":"has-post-thumbnail","6":"product_cat-benzin","7":"product_cat-olompotlo","9":"first","10":"instock","11":"taxable","12":"shipping-taxable","13":"purchasable","14":"product-type-simple"},"_links":{"self":[{"href":"https:\/\/syprin.de\/hu\/wp-json\/wp\/v2\/product\/7702","targetHints":{"allow":["GET"]}}],"collection":[{"href":"https:\/\/syprin.de\/hu\/wp-json\/wp\/v2\/product"}],"about":[{"href":"https:\/\/syprin.de\/hu\/wp-json\/wp\/v2\/types\/product"}],"replies":[{"embeddable":true,"href":"https:\/\/syprin.de\/hu\/wp-json\/wp\/v2\/comments?post=7702"}],"wp:featuredmedia":[{"embeddable":true,"href":"https:\/\/syprin.de\/hu\/wp-json\/wp\/v2\/media\/7283"}],"wp:attachment":[{"href":"https:\/\/syprin.de\/hu\/wp-json\/wp\/v2\/media?parent=7702"}],"wp:term":[{"taxonomy":"product_brand","embeddable":true,"href":"https:\/\/syprin.de\/hu\/wp-json\/wp\/v2\/product_brand?post=7702"},{"taxonomy":"product_cat","embeddable":true,"href":"https:\/\/syprin.de\/hu\/wp-json\/wp\/v2\/product_cat?post=7702"},{"taxonomy":"product_tag","embeddable":true,"href":"https:\/\/syprin.de\/hu\/wp-json\/wp\/v2\/product_tag?post=7702"}],"curies":[{"name":"wp","href":"https:\/\/api.w.org\/{rel}","templated":true}]}}