{"id":7690,"date":"2018-01-03T03:52:20","date_gmt":"2018-01-03T03:52:20","guid":{"rendered":"https:\/\/syprin.de\/?post_type=product&#038;p=7690"},"modified":"2026-04-30T17:32:40","modified_gmt":"2026-04-30T15:32:40","slug":"original-syprin-borotvafej-olaj","status":"publish","type":"product","link":"https:\/\/syprin.de\/hu\/produkt\/original-syprin-borotvafej-olaj\/","title":{"rendered":"ORIGINAL SYPRIN Borotvafej olaj"},"content":{"rendered":"<div class=\"wpb-content-wrapper\"><p>[vc_row][vc_column][vc_column_text css=&#8221;&#8221;]<\/p>\n<h3>ORIGINAL SYPRIN Trimmel\u0151- \u00e9s ny\u00edr\u00f3olaj<\/h3>\n<p>Az Original Syprin minden id\u0151k legkelend\u0151bb professzion\u00e1lis hajv\u00e1g\u00f3- \u00e9s trimmel\u0151olaja, amelyet vil\u00e1gszerte t\u00f6bb ezer szalonban haszn\u00e1lnak naponta. Mindenki tudja, hogy egy elektromos borotva, szak\u00e1llv\u00e1g\u00f3 vagy hajv\u00e1g\u00f3 teljes\u00edtm\u00e9nye gyorsan romolhat. Ez\u00e9rt term\u00e9k\u00fcnk a legjobb \u00e1pol\u00e1st ny\u00fajtja ny\u00edr\u00f3ja \u00e9s trimmel\u0151je sz\u00e1m\u00e1ra. A gy\u00e1rt\u00f3soron bevezetett min\u0151s\u00e9gellen\u0151rz\u00e9seknek k\u00f6sz\u00f6nhet\u0151en garant\u00e1ljuk a legmagasabb min\u0151s\u00e9g\u0171 olajat.<\/p>\n<h3 class=\"a-section a-spacing-none\">Gy\u00e1rt\u00f3i inform\u00e1ci\u00f3k<\/h3>\n<div class=\"a-section a-spacing-none\">\n<p><strong>N\u00e9v:<\/strong> OS Motorsystem GmbH &amp; Co. KG<br \/>\n<strong>C\u00edm:<\/strong> Blumenweg 20a D-09224 Chemnitz<br \/>\n<strong>E-Mail:<\/strong> info@syprin.de<br \/>\n<strong>Weboldal:<\/strong> <a href=\"https:\/\/syprin.de\/hu\/\" target=\"_blank\" rel=\"noopener\">https:\/\/syprin.de\/<\/a><br \/>\n<strong>Eur\u00f3pai gy\u00e1rt\u00f3:<\/strong> Igen<\/p>\n<\/div>\n<p>[\/vc_column_text][\/vc_column][\/vc_row]<\/p>\n<\/div>","protected":false},"excerpt":{"rendered":"<h3>ORIGINAL SYPRIN Trimmel\u0151- \u00e9s ny\u00edr\u00f3olaj<\/h3>\n<p>Az Original Syprin minden id\u0151k legkelend\u0151bb professzion\u00e1lis hajv\u00e1g\u00f3- \u00e9s trimmel\u0151olaja, amelyet vil\u00e1gszerte t\u00f6bb ezer szalonban haszn\u00e1lnak naponta. Mindenki tudja, hogy egy elektromos borotva, szak\u00e1llv\u00e1g\u00f3 vagy hajv\u00e1g\u00f3 teljes\u00edtm\u00e9nye gyorsan romolhat. Ez\u00e9rt term\u00e9k\u00fcnk a legjobb \u00e1pol\u00e1st ny\u00fajtja ny\u00edr\u00f3ja \u00e9s trimmel\u0151je sz\u00e1m\u00e1ra. A gy\u00e1rt\u00f3soron bevezetett min\u0151s\u00e9gellen\u0151rz\u00e9seknek k\u00f6sz\u00f6nhet\u0151en garant\u00e1ljuk a legmagasabb min\u0151s\u00e9g\u0171 olajat.<\/p>\n<h3>Az \u00edg\u00e9ret\u00fcnk<\/h3>\n<ul>\n<li><span class=\"a-list-item a-size-base\"> ROZSDA ELLENI V\u00c9DELEM GYORS KEN\u00c9SSEL: Az eredeti Syprin borotvafej-olaj egy nagyon k\u00f6nny\u0171 hajv\u00e1g\u00f3olaj, amely cs\u00f6kkenti a s\u00farl\u00f3d\u00e1st \u00e9s a h\u0151t a kenetlen peng\u00e9kt\u0151l.<\/span><\/li>\n<\/ul>\n<ul>\n<li><span class=\"a-list-item a-size-base\">HOSSZAN TART\u00d3 V\u00c9DELEM: Borotvafej-olajunk hosszabb ideig a peng\u00e9ben marad, optim\u00e1lis ken\u00e9st biztos\u00edtva a hajny\u00edr\u00f3k \u00e9s trimmel\u0151k sz\u00e1m\u00e1ra. Ez a t\u00f6k\u00e9letes megold\u00e1s minden t\u00edpus\u00fa elektromos borotv\u00e1hoz, hajny\u00edr\u00f3hoz \u00e9s trimmel\u0151h\u00f6z.<\/span><\/li>\n<\/ul>\n<ul>\n<li><span class=\"a-list-item a-size-base\"> PR\u00c9MIUM FORMULA: Borotvafej-olajunk b\u0151rbar\u00e1t, szagtalan \u00e9s sz\u00edntelen. M\u00e9g a hajv\u00e1g\u00f3k \u00e9s borotv\u00e1k legkisebb r\u00e9szeibe is behatol, \u00edgy biztos\u00edtva a v\u00e9delmet.<\/span><\/li>\n<\/ul>\n<ul>\n<li><span class=\"a-list-item a-size-base\"> PROFESSZION\u00c1LIS V\u00e1g\u00f3fej-tiszt\u00edt\u00f3: Az eredeti Syprin v\u00e1g\u00f3g\u00e9pfej-olajat naponta haszn\u00e1lj\u00e1k t\u00f6bb ezer fodr\u00e1szszalonban. T\u00f6k\u00e9letes megold\u00e1s professzion\u00e1lis hajny\u00edr\u00f3khoz, szak\u00e1llv\u00e1g\u00f3khoz \u00e9s elektromos borotv\u00e1khoz.<\/span><\/li>\n<\/ul>\n<ul>\n<li><span class=\"a-list-item a-size-base\"> N\u00c9METORSZ\u00c1GBAN GY\u00c1RTOTT: Az eredeti Syprin borotvafej-tiszt\u00edt\u00f3k teljes eg\u00e9sz\u00e9ben N\u00e9metorsz\u00e1gban k\u00e9sz\u00fclnek, \u00edgy kiv\u00e9teles min\u0151s\u00e9get k\u00edn\u00e1lnak az \u00fcgyfeleknek.<\/span><\/li>\n<\/ul>\n","protected":false},"featured_media":7286,"comment_status":"open","ping_status":"closed","template":"","meta":{"wds_primary_product_brand":0,"wds_primary_product_cat":0},"product_brand":[],"product_cat":[347,351],"product_tag":[],"class_list":{"0":"post-7690","1":"product","2":"type-product","3":"status-publish","4":"has-post-thumbnail","6":"product_cat-olaj","7":"product_cat-borotvafej-apolas","9":"first","10":"instock","11":"taxable","12":"shipping-taxable","13":"purchasable","14":"product-type-simple"},"_links":{"self":[{"href":"https:\/\/syprin.de\/hu\/wp-json\/wp\/v2\/product\/7690","targetHints":{"allow":["GET"]}}],"collection":[{"href":"https:\/\/syprin.de\/hu\/wp-json\/wp\/v2\/product"}],"about":[{"href":"https:\/\/syprin.de\/hu\/wp-json\/wp\/v2\/types\/product"}],"replies":[{"embeddable":true,"href":"https:\/\/syprin.de\/hu\/wp-json\/wp\/v2\/comments?post=7690"}],"wp:featuredmedia":[{"embeddable":true,"href":"https:\/\/syprin.de\/hu\/wp-json\/wp\/v2\/media\/7286"}],"wp:attachment":[{"href":"https:\/\/syprin.de\/hu\/wp-json\/wp\/v2\/media?parent=7690"}],"wp:term":[{"taxonomy":"product_brand","embeddable":true,"href":"https:\/\/syprin.de\/hu\/wp-json\/wp\/v2\/product_brand?post=7690"},{"taxonomy":"product_cat","embeddable":true,"href":"https:\/\/syprin.de\/hu\/wp-json\/wp\/v2\/product_cat?post=7690"},{"taxonomy":"product_tag","embeddable":true,"href":"https:\/\/syprin.de\/hu\/wp-json\/wp\/v2\/product_tag?post=7690"}],"curies":[{"name":"wp","href":"https:\/\/api.w.org\/{rel}","templated":true}]}}