{"id":7673,"date":"2018-01-03T04:05:55","date_gmt":"2018-01-03T04:05:55","guid":{"rendered":"https:\/\/syprin.de\/?post_type=product&#038;p=7673"},"modified":"2026-04-30T17:32:40","modified_gmt":"2026-04-30T15:32:40","slug":"original-syprin-borotvafej-tisztito-borotvakhoz-es-hajnyirokhoz","status":"publish","type":"product","link":"https:\/\/syprin.de\/hu\/produkt\/original-syprin-borotvafej-tisztito-borotvakhoz-es-hajnyirokhoz\/","title":{"rendered":"ORIGINAL SYPRIN Borotvafej-tiszt\u00edt\u00f3 borotv\u00e1khoz \u00e9s hajny\u00edr\u00f3khoz"},"content":{"rendered":"<div class=\"wpb-content-wrapper\"><p>[vc_row][vc_column][vc_column_text css=&#8221;&#8221;]<\/p>\n<div class=\"row\">\n<div class=\"large-12 columns margin-bottom-10\">\n<h3 class=\"a-spacing-mini\">ORIGINAL SYPRIN Borotvafej-tiszt\u00edt\u00f3<\/h3>\n<p class=\"a-spacing-mini a-color-secondary a-text-italic\">Az Original Syprin a legkelend\u0151bb professzion\u00e1lis borotvafej-tiszt\u00edt\u00f3, amelyet vil\u00e1gszerte t\u00f6bb ezer fodr\u00e1szatban haszn\u00e1lnak naponta. Mindenki tudja, hogy egy elektromos borotva, szak\u00e1llv\u00e1g\u00f3 vagy hajv\u00e1g\u00f3 teljes\u00edtm\u00e9nye gyorsan romolhat. Ez\u00e9rt az Original Syprin borotvafej-tiszt\u00edt\u00f3 a legjobb tiszt\u00edt\u00e1si megold\u00e1st k\u00edn\u00e1lja, mivel ezt a term\u00e9ket a legnagyobb gondoss\u00e1ggal fejlesztj\u00fck \u00e9s gy\u00e1rtjuk.<\/p>\n<\/div>\n<\/div>\n<div class=\"row\">\n<div class=\"large-12 columns margin-bottom-10\">\n<h3 class=\"a-section a-spacing-none\">Gy\u00e1rt\u00f3i inform\u00e1ci\u00f3k<\/h3>\n<div class=\"a-section a-spacing-none\">\n<p><strong>N\u00e9v:<\/strong> OS Motorsystem GmbH &amp; Co. KG<br \/>\n<strong>C\u00edm:<\/strong> Blumenweg 20a D-09224 Chemnitz<br \/>\n<strong>E-Mail:<\/strong> info@syprin.de<br \/>\n<strong>Weboldal:<\/strong> <a href=\"https:\/\/syprin.de\/hu\/\" target=\"_blank\" rel=\"noopener\">https:\/\/syprin.de\/<\/a><br \/>\n<strong>Eur\u00f3pai gy\u00e1rt\u00f3:<\/strong> Igen<\/p>\n<\/div>\n<\/div>\n<\/div>\n<p>[\/vc_column_text][\/vc_column][\/vc_row]<\/p>\n<\/div>","protected":false},"excerpt":{"rendered":"<h3 class=\"a-spacing-mini\">ORIGINAL SYPRIN Borotvafej-tiszt\u00edt\u00f3<\/h3>\n<p class=\"a-spacing-mini a-color-secondary a-text-italic\">Az Original Syprin a legkelend\u0151bb professzion\u00e1lis borotvafej-tiszt\u00edt\u00f3, amelyet vil\u00e1gszerte t\u00f6bb ezer fodr\u00e1szatban haszn\u00e1lnak naponta. Mindenki tudja, hogy egy elektromos borotva, szak\u00e1llv\u00e1g\u00f3 vagy hajv\u00e1g\u00f3 teljes\u00edtm\u00e9nye gyorsan romolhat. Ez\u00e9rt az Original Syprin borotvafej-tiszt\u00edt\u00f3 a legjobb tiszt\u00edt\u00e1si megold\u00e1st k\u00edn\u00e1lja, mivel ezt a term\u00e9ket a legnagyobb gondoss\u00e1ggal fejlesztj\u00fck \u00e9s gy\u00e1rtjuk.<\/p>\n<h3>Az \u00edg\u00e9ret\u00fcnk<\/h3>\n<ul>\n<li>MEGB\u00cdZHAT\u00d3S\u00c1G \u00c9S \u00c1POL\u00c1S: Az eredeti Syprin borotvafej-tiszt\u00edt\u00f3val \u00e1polhatja elektromos borotv\u00e1it, ny\u00edr\u00f3g\u00e9peit \u00e9s trimmel\u0151it. Megb\u00edzhat\u00f3an elt\u00e1vol\u00edtja a faggy\u00famaradv\u00e1nyokat, a sz\u0151rsz\u00e1lakat \u00e9s a kellemetlen szagokat.<\/li>\n<\/ul>\n<ul>\n<li><span class=\"a-list-item\"> HOSSZAN TART\u00d3 V\u00c9DELEM: Borotvafej-tiszt\u00edt\u00f3nk hossz\u00fa ideig v\u00e9di a peng\u00e9t, \u00e9s a legjobb v\u00e9delmet ny\u00fajtja a hajny\u00edr\u00f3knak \u00e9s trimmel\u0151knek a bakt\u00e9riumok \u00e9s a szagok ellen.<\/span><\/li>\n<\/ul>\n<ul>\n<li><span class=\"a-list-item\"> PR\u00c9MIUM FORMULA: Borotvafej-tiszt\u00edt\u00f3nk b\u0151rbar\u00e1t, sz\u00edntelen \u00e9s friss illat\u00fa. Elt\u00e1vol\u00edtja a port \u00e9s a faggy\u00famaradv\u00e1nyokat m\u00e9g a hajv\u00e1g\u00f3k \u00e9s elektromos borotv\u00e1k legkisebb r\u00e9szeir\u0151l is.<\/span><\/li>\n<\/ul>\n<ul>\n<li><span class=\"a-list-item\">Gyors \u00e9s egyszer\u0171 haszn\u00e1lat: Az eredeti Syprin borotvafej-tiszt\u00edt\u00f3 gyors, egyszer\u0171 \u00e9s t\u00f6k\u00e9letes tiszt\u00edt\u00e1si megold\u00e1s fodr\u00e1szati \u200b\u200beszk\u00f6z\u00f6kh\u00f6z, p\u00e9ld\u00e1ul professzion\u00e1lis hajny\u00edr\u00f3khoz \u00e9s elektromos borotv\u00e1khoz.<\/span><\/li>\n<\/ul>\n<ul>\n<li>N\u00c9METORSZ\u00c1GBAN GY\u00c1RTVA: Az eredeti Syprin teljes eg\u00e9sz\u00e9ben N\u00e9metorsz\u00e1gban k\u00e9sz\u00fcl, \u00edgy kiv\u00e9teles min\u0151s\u00e9get k\u00edn\u00e1l az \u00fcgyfeleknek.<\/li>\n<\/ul>\n","protected":false},"featured_media":7287,"comment_status":"open","ping_status":"closed","template":"","meta":{"wds_primary_product_brand":0,"wds_primary_product_cat":0},"product_brand":[],"product_cat":[351,352],"product_tag":[],"class_list":{"0":"post-7673","1":"product","2":"type-product","3":"status-publish","4":"has-post-thumbnail","6":"product_cat-borotvafej-apolas","7":"product_cat-tisztitoszer","9":"first","10":"instock","11":"taxable","12":"shipping-taxable","13":"purchasable","14":"product-type-simple"},"_links":{"self":[{"href":"https:\/\/syprin.de\/hu\/wp-json\/wp\/v2\/product\/7673","targetHints":{"allow":["GET"]}}],"collection":[{"href":"https:\/\/syprin.de\/hu\/wp-json\/wp\/v2\/product"}],"about":[{"href":"https:\/\/syprin.de\/hu\/wp-json\/wp\/v2\/types\/product"}],"replies":[{"embeddable":true,"href":"https:\/\/syprin.de\/hu\/wp-json\/wp\/v2\/comments?post=7673"}],"wp:featuredmedia":[{"embeddable":true,"href":"https:\/\/syprin.de\/hu\/wp-json\/wp\/v2\/media\/7287"}],"wp:attachment":[{"href":"https:\/\/syprin.de\/hu\/wp-json\/wp\/v2\/media?parent=7673"}],"wp:term":[{"taxonomy":"product_brand","embeddable":true,"href":"https:\/\/syprin.de\/hu\/wp-json\/wp\/v2\/product_brand?post=7673"},{"taxonomy":"product_cat","embeddable":true,"href":"https:\/\/syprin.de\/hu\/wp-json\/wp\/v2\/product_cat?post=7673"},{"taxonomy":"product_tag","embeddable":true,"href":"https:\/\/syprin.de\/hu\/wp-json\/wp\/v2\/product_tag?post=7673"}],"curies":[{"name":"wp","href":"https:\/\/api.w.org\/{rel}","templated":true}]}}