{"id":7638,"date":"2018-02-13T16:05:55","date_gmt":"2018-02-13T16:05:55","guid":{"rendered":"https:\/\/syprin.de\/?post_type=product&#038;p=7638"},"modified":"2026-04-30T17:32:40","modified_gmt":"2026-04-30T15:32:40","slug":"original-syprin-kerekparlanc-olaj","status":"publish","type":"product","link":"https:\/\/syprin.de\/hu\/produkt\/original-syprin-kerekparlanc-olaj\/","title":{"rendered":"ORIGINAL SYPRIN Ker\u00e9kp\u00e1rl\u00e1nc-olaj"},"content":{"rendered":"<div class=\"wpb-content-wrapper\"><p>[vc_row][vc_column][vc_column_text css=&#8221;&#8221;]<\/p>\n<div class=\"tab-popup-content\">\n<h3>ORIGINAL SYPRIN Ker\u00e9kp\u00e1rl\u00e1nc-olaj &#8211; T\u00f6k\u00e9letes ken\u00e9s minden id\u0151j\u00e1r\u00e1si k\u00f6r\u00fclm\u00e9ny k\u00f6z\u00f6tt<\/h3>\n<p>Az eredeti Syprin egy kiv\u00e1l\u00f3 min\u0151s\u00e9g\u0171 olaj, amely minden id\u0151j\u00e1r\u00e1si k\u00f6r\u00fclm\u00e9ny k\u00f6z\u00f6tt t\u00f6k\u00e9letes ken\u00e9st \u00e9s v\u00e9delmet biztos\u00edt, \u00e9s alkalmas hegyi ker\u00e9kp\u00e1rokhoz, elektromos ker\u00e9kp\u00e1rokhoz \u00e9s versenyker\u00e9kp\u00e1rokhoz.<\/p>\n<h3 class=\"a-section a-spacing-none\">Gy\u00e1rt\u00f3i inform\u00e1ci\u00f3k<\/h3>\n<div class=\"a-section a-spacing-none\">\n<p><strong>N\u00e9v:<\/strong> OS Motorsystem GmbH &amp; Co. KG<br \/>\n<strong>C\u00edm:<\/strong> Blumenweg 20a D-09224 Chemnitz<br \/>\n<strong>E-Mail:<\/strong> info@syprin.de<br \/>\n<strong>Weboldal:<\/strong> <a href=\"https:\/\/syprin.de\/hu\/\" target=\"_blank\" rel=\"noopener\">https:\/\/syprin.de\/<\/a><br \/>\n<strong>Eur\u00f3pai gy\u00e1rt\u00f3:<\/strong> Igen<\/p>\n<\/div>\n<\/div>\n<p>[\/vc_column_text][\/vc_column][\/vc_row]<\/p>\n<\/div>","protected":false},"excerpt":{"rendered":"<h3>ORIGINAL SYPRIN Ker\u00e9kp\u00e1rl\u00e1nc-olaj \u2013 T\u00f6k\u00e9letes ken\u00e9s minden id\u0151j\u00e1r\u00e1si k\u00f6r\u00fclm\u00e9ny k\u00f6z\u00f6tt<\/h3>\n<p>Az eredeti Syprin egy kiv\u00e1l\u00f3 min\u0151s\u00e9g\u0171 olaj, amely minden id\u0151j\u00e1r\u00e1si k\u00f6r\u00fclm\u00e9ny k\u00f6z\u00f6tt t\u00f6k\u00e9letes ken\u00e9st \u00e9s v\u00e9delmet biztos\u00edt, \u00e9s alkalmas hegyi ker\u00e9kp\u00e1rokhoz, elektromos ker\u00e9kp\u00e1rokhoz \u00e9s versenyker\u00e9kp\u00e1rokhoz.<\/p>\n<h3>Az \u00edg\u00e9ret\u00fcnk:<\/h3>\n<ul>\n<li>Alkalmaz\u00e1s \u00e9s maxim\u00e1lis v\u00e9delem: Az eredeti Syprin ker\u00e9kp\u00e1rl\u00e1nc-olaj nagyon k\u00f6nnyen haszn\u00e1lhat\u00f3, \u00e9s rendk\u00edv\u00fcli v\u00e9delmet ny\u00fajt a l\u00e1nc kisz\u00e1rad\u00e1sa ellen, jav\u00edtva ker\u00e9kp\u00e1rja \u00e9s elektromos rollere teljes\u00edtm\u00e9ny\u00e9t.<\/li>\n<\/ul>\n<ul>\n<li>Azonnali teljes\u00edtm\u00e9nyn\u00f6veked\u00e9s: Az eredeti Syprin ker\u00e9kp\u00e1rl\u00e1nc-olajat a legnagyobb gondoss\u00e1ggal gy\u00e1rtj\u00e1k, hogy fokozza ker\u00e9kp\u00e1rja vagy elektromos rollere teljes\u00edtm\u00e9ny\u00e9t. Jelent\u0151sen jav\u00edtja elektromos ker\u00e9kp\u00e1rja vagy elektromos rollere akkumul\u00e1tor\u00e1nak \u00e9lettartam\u00e1t.<\/li>\n<\/ul>\n<ul>\n<li>Fejlett pr\u00e9mium l\u00e1ncken\u0151anyag: Ker\u00e9kp\u00e1rl\u00e1nc-olajunkat teljes eg\u00e9sz\u00e9ben \u00e9s 100%-ban N\u00e9metorsz\u00e1gban gy\u00e1rtjuk. V\u00edz\u00e1ll\u00f3 \u00e9s kiv\u00e1l\u00f3 ken\u00e9st biztos\u00edt ker\u00e9kp\u00e1rja \u00e9s elektromos rollere sz\u00e1m\u00e1ra.<\/li>\n<\/ul>\n<ul>\n<li>Rozsda- \u00e9s korr\u00f3zi\u00f3v\u00e9delem: Az eredeti Syprin l\u00e1ncolaj hossz\u00fa ideig \u00e1polja \u00e9s v\u00e9di a l\u00e1ncot, v\u00e9d\u0151r\u00e9teget k\u00e9pezve a rozsda \u00e9s a kop\u00e1s ellen. Jav\u00edtja a ker\u00e9kp\u00e1rl\u00e1nc teljes\u00edtm\u00e9ny\u00e9t \u00e9s lehet\u0151v\u00e9 teszi a sima sebess\u00e9gv\u00e1lt\u00e1st. Az optim\u00e1lis ken\u00e9s\u00e9rt \u00e9s az \u00f6sszes mozg\u00f3 alkatr\u00e9sz sima m\u0171k\u00f6d\u00e9s\u00e9\u00e9rt.<\/li>\n<\/ul>\n<ul>\n<li>Univerz\u00e1lisan alkalmazhat\u00f3 minden t\u00edpus\u00fa ker\u00e9kp\u00e1rhoz \u00e9s elektromos ker\u00e9kp\u00e1rhoz: Az eredeti Syprin KL500 l\u00e1ncolaj minden t\u00edpus\u00fa ker\u00e9kp\u00e1rhoz, hegyi ker\u00e9kp\u00e1rhoz \u00e9s elektromos rollerhez alkalmas. Egyed\u00fcl\u00e1ll\u00f3 ken\u00e9si tulajdons\u00e1gai jelent\u0151sen jav\u00edtj\u00e1k a l\u00e1nc sima m\u0171k\u00f6d\u00e9s\u00e9t.<\/li>\n<\/ul>\n","protected":false},"featured_media":7275,"comment_status":"open","ping_status":"closed","template":"","meta":{"wds_primary_product_brand":0,"wds_primary_product_cat":0},"product_brand":[],"product_cat":[347,350],"product_tag":[],"class_list":{"0":"post-7638","1":"product","2":"type-product","3":"status-publish","4":"has-post-thumbnail","6":"product_cat-olaj","7":"product_cat-kerekparsav","9":"first","10":"instock","11":"taxable","12":"shipping-taxable","13":"purchasable","14":"product-type-simple"},"_links":{"self":[{"href":"https:\/\/syprin.de\/hu\/wp-json\/wp\/v2\/product\/7638","targetHints":{"allow":["GET"]}}],"collection":[{"href":"https:\/\/syprin.de\/hu\/wp-json\/wp\/v2\/product"}],"about":[{"href":"https:\/\/syprin.de\/hu\/wp-json\/wp\/v2\/types\/product"}],"replies":[{"embeddable":true,"href":"https:\/\/syprin.de\/hu\/wp-json\/wp\/v2\/comments?post=7638"}],"wp:featuredmedia":[{"embeddable":true,"href":"https:\/\/syprin.de\/hu\/wp-json\/wp\/v2\/media\/7275"}],"wp:attachment":[{"href":"https:\/\/syprin.de\/hu\/wp-json\/wp\/v2\/media?parent=7638"}],"wp:term":[{"taxonomy":"product_brand","embeddable":true,"href":"https:\/\/syprin.de\/hu\/wp-json\/wp\/v2\/product_brand?post=7638"},{"taxonomy":"product_cat","embeddable":true,"href":"https:\/\/syprin.de\/hu\/wp-json\/wp\/v2\/product_cat?post=7638"},{"taxonomy":"product_tag","embeddable":true,"href":"https:\/\/syprin.de\/hu\/wp-json\/wp\/v2\/product_tag?post=7638"}],"curies":[{"name":"wp","href":"https:\/\/api.w.org\/{rel}","templated":true}]}}