{"id":7619,"date":"2018-02-14T09:41:10","date_gmt":"2018-02-14T09:41:10","guid":{"rendered":"https:\/\/syprin.de\/?post_type=product&#038;p=7619"},"modified":"2026-04-30T17:32:40","modified_gmt":"2026-04-30T15:32:40","slug":"original-syprin-kerekparlanc-tisztito","status":"publish","type":"product","link":"https:\/\/syprin.de\/hu\/produkt\/original-syprin-kerekparlanc-tisztito\/","title":{"rendered":"ORIGINAL SYPRIN Ker\u00e9kp\u00e1rl\u00e1nc-tiszt\u00edt\u00f3"},"content":{"rendered":"<div class=\"wpb-content-wrapper\"><p>[vc_row][vc_column][vc_column_text css=&#8221;&#8221;]<\/p>\n<div class=\"row\">\n<div class=\"large-12 columns margin-bottom-10\">\n<h3>ORIGINAL SYPRIN Ker\u00e9kp\u00e1rl\u00e1nc-tiszt\u00edt\u00f3 &#8211; extr\u00e9m tiszt\u00edt\u00e1s<\/h3>\n<p>Az eredeti Syprin l\u00e1nctiszt\u00edt\u00f3 egy speci\u00e1lis tiszt\u00edt\u00f3szer ker\u00e9kp\u00e1rl\u00e1ncokhoz, l\u00e1nckerekekhez \u00e9s fogaskerekekhez, minimaliz\u00e1lva a kop\u00e1st.<\/p>\n<p>&nbsp;<\/p>\n<h3><strong>Vesz\u00e9lyes \u00e1rukra vonatkoz\u00f3 inform\u00e1ci\u00f3k Eredeti Syprin l\u00e1nctiszt\u00edt\u00f3 <\/strong><\/h3>\n<p><img decoding=\"async\" data-src=\"https:\/\/syprin.de\/wp-content\/uploads\/2026\/01\/Entzuendbar_GHS02.webp\" width=\"64\" height=\"64\" src=\"data:image\/svg+xml;base64,PHN2ZyB3aWR0aD0iMSIgaGVpZ2h0PSIxIiB4bWxucz0iaHR0cDovL3d3dy53My5vcmcvMjAwMC9zdmciPjwvc3ZnPg==\" class=\"lazyload\" style=\"--smush-placeholder-width: 64px; --smush-placeholder-aspect-ratio: 64\/64;\" \/><img decoding=\"async\" data-src=\"https:\/\/syprin.de\/wp-content\/uploads\/2026\/01\/Ausrufezeichen_Achtung.webp\" width=\"64\" height=\"64\" src=\"data:image\/svg+xml;base64,PHN2ZyB3aWR0aD0iMSIgaGVpZ2h0PSIxIiB4bWxucz0iaHR0cDovL3d3dy53My5vcmcvMjAwMC9zdmciPjwvc3ZnPg==\" class=\"lazyload\" style=\"--smush-placeholder-width: 64px; --smush-placeholder-aspect-ratio: 64\/64;\" \/><img decoding=\"async\" data-src=\"https:\/\/syprin.de\/wp-content\/uploads\/2026\/01\/Gewaessergefaehrdent_GHS09-1.webp\" width=\"64\" height=\"64\" src=\"data:image\/svg+xml;base64,PHN2ZyB3aWR0aD0iMSIgaGVpZ2h0PSIxIiB4bWxucz0iaHR0cDovL3d3dy53My5vcmcvMjAwMC9zdmciPjwvc3ZnPg==\" class=\"lazyload\" style=\"--smush-placeholder-width: 64px; --smush-placeholder-aspect-ratio: 64\/64;\" \/><\/p>\n<p><strong><br \/>\nVesz\u00e9lyre vonatkoz\u00f3 figyelmeztet\u00e9sek:<br \/>\n<\/strong>H222 Rendk\u00edv\u00fcl t\u0171zvesz\u00e9lyes aeroszol.<br \/>\nH229 A tart\u00e1ly nyom\u00e1s alatt van: H\u0151 hat\u00e1s\u00e1ra felrobbanhat.<br \/>\nH315 B\u0151rirrit\u00e1ci\u00f3t okoz.<br \/>\nH336 \u00c1lmoss\u00e1got \u00e9s sz\u00e9d\u00fcl\u00e9st okozhat.<br \/>\nH411 M\u00e9rgez\u0151 a v\u00edzi \u00e9l\u0151vil\u00e1gra, hosszan tart\u00f3 k\u00e1rosod\u00e1st okoz.<\/p>\n<p><strong>Biztons\u00e1gi utas\u00edt\u00e1sok:<br \/>\n<\/strong>P101\u00a0Orvosi tan\u00e1csad\u00e1s eset\u00e9n tartsa k\u00e9zn\u00e9l a term\u00e9k ed\u00e9ny\u00e9t vagy c\u00edmk\u00e9j\u00e9t.<br \/>\nP102 Gyermekekt\u0151l elz\u00e1rva tartand\u00f3.<br \/>\nP210 H\u0151t\u0151l, forr\u00f3 fel\u00fcletekt\u0151l, szikr\u00e1t\u00f3l, ny\u00edlt l\u00e1ngt\u00f3l \u00e9s m\u00e1s gy\u00fajt\u00f3forr\u00e1st\u00f3l t\u00e1vol tartand\u00f3. Tilos a doh\u00e1nyz\u00e1s.<br \/>\nP211 Ne permetezzen ny\u00edlt l\u00e1ng vagy m\u00e1s gy\u00fajt\u00f3forr\u00e1s k\u00f6zel\u00e9ben.<br \/>\nP251 Ne lyukassza ki \u00e9s ne \u00e9gesse el, m\u00e9g haszn\u00e1lat ut\u00e1n sem.<br \/>\nP261 Ker\u00fclje az aeroszol bel\u00e9legz\u00e9s\u00e9t.<br \/>\nP273 Ker\u00fclje a k\u00f6rnyezetbe val\u00f3 kibocs\u00e1t\u00e1st.<br \/>\nP280\u00a0Viseljen v\u00e9d\u0151keszty\u0171t.<br \/>\nP302+P352 B\u0150RRE KER\u00dcL\u00c9S ESET\u00c9N: Alaposan mossa le v\u00edzzel.<br \/>\nP332+P313 B\u0151rirrit\u00e1ci\u00f3 eset\u00e9n: Forduljon orvoshoz\/k\u00e9rjen orvosi seg\u00edts\u00e9get.<br \/>\nP304+P312 BEL\u00c9LEGZ\u00c9S ESET\u00c9N: Rosszull\u00e9t eset\u00e9n h\u00edvjon M\u00c9RGEZ\u0150K\u00d6ZPONTOT vagy orvost.<br \/>\nP410+P412 \u00d3vja a napf\u00e9nyt\u0151l. Ne tegye ki 50 \u00b0C\/122 \u00b0F feletti h\u0151m\u00e9rs\u00e9kletnek.<br \/>\nP501 A tartalom\/ed\u00e9ny elhelyez\u00e9se hullad\u00e9kk\u00e9nt a hat\u00f3s\u00e1gi el\u0151\u00edr\u00e1soknak megfelel\u0151en.<\/p>\n<h3 class=\"a-section a-spacing-none\">Gy\u00e1rt\u00f3i inform\u00e1ci\u00f3k<\/h3>\n<div class=\"a-section a-spacing-none\">\n<p><strong>N\u00e9v:<\/strong> OS Motorsystem GmbH &amp; Co. KG<br \/>\n<strong>C\u00edm:<\/strong> Blumenweg 20a D-09224 Chemnitz<br \/>\n<strong>E-Mail:<\/strong> info@syprin.de<br \/>\n<strong>Weboldal:<\/strong> <a href=\"https:\/\/syprin.de\/hu\/\" target=\"_blank\" rel=\"noopener\">https:\/\/syprin.de\/<\/a><br \/>\n<strong>Eur\u00f3pai gy\u00e1rt\u00f3:<\/strong> Igen<\/p>\n<\/div>\n<\/div>\n<\/div>\n<p>[\/vc_column_text][\/vc_column][\/vc_row]<\/p>\n<\/div>","protected":false},"excerpt":{"rendered":"<h3>ORIGINAL SYPRIN Ker\u00e9kp\u00e1rl\u00e1nc-tiszt\u00edt\u00f3 &#8211; extr\u00e9m tiszt\u00edt\u00e1s<\/h3>\n<p>Az eredeti Syprin l\u00e1nctiszt\u00edt\u00f3 egy speci\u00e1lis tiszt\u00edt\u00f3szer ker\u00e9kp\u00e1rl\u00e1ncokhoz, l\u00e1nckerekekhez \u00e9s fogaskerekekhez, minimaliz\u00e1lva a kop\u00e1st.<\/p>\n<h3>Az \u00edg\u00e9ret\u00fcnk<\/h3>\n<ul>\n<li>Alkalmaz\u00e1s \u00e9s maxim\u00e1lis v\u00e9delem: Az eredeti Syprin ker\u00e9kp\u00e1rl\u00e1nc-olaj nagyon k\u00f6nnyen haszn\u00e1lhat\u00f3, \u00e9s rendk\u00edv\u00fcli v\u00e9delmet ny\u00fajt a l\u00e1nc kisz\u00e1rad\u00e1sa ellen, ez\u00e1ltal jav\u00edtva ker\u00e9kp\u00e1rja \u00e9s elektromos rollere teljes\u00edtm\u00e9ny\u00e9t.<\/li>\n<\/ul>\n<ul>\n<li>Azonnali teljes\u00edtm\u00e9nyn\u00f6veked\u00e9s: Az eredeti Syprin ker\u00e9kp\u00e1rl\u00e1nc-olajat a legnagyobb gondoss\u00e1ggal gy\u00e1rtj\u00e1k, hogy fokozza ker\u00e9kp\u00e1rja vagy elektromos rollere teljes\u00edtm\u00e9ny\u00e9t. Jelent\u0151sen jav\u00edtja elektromos ker\u00e9kp\u00e1rja vagy elektromos rollere akkumul\u00e1tor\u00e1nak \u00e9lettartam\u00e1t.<\/li>\n<\/ul>\n<ul>\n<li>Fejlett pr\u00e9mium l\u00e1ncken\u0151anyag: Ker\u00e9kp\u00e1rl\u00e1nc-olajunkat teljes eg\u00e9sz\u00e9ben \u00e9s 100%-ban N\u00e9metorsz\u00e1gban gy\u00e1rtjuk. V\u00edz\u00e1ll\u00f3 \u00e9s kiv\u00e1l\u00f3 ken\u00e9st biztos\u00edt ker\u00e9kp\u00e1rja \u00e9s elektromos rollere sz\u00e1m\u00e1ra.<\/li>\n<\/ul>\n<ul>\n<li>Rozsda- \u00e9s korr\u00f3zi\u00f3v\u00e9delem: Az eredeti Syprin l\u00e1ncolaj hossz\u00fa ideig meg\u0151rzi \u00e9s v\u00e9di a l\u00e1ncot, v\u00e9d\u0151r\u00e9teget k\u00e9pezve a rozsda \u00e9s a kop\u00e1s ellen. N\u00f6veli a ker\u00e9kp\u00e1rl\u00e1nc teljes\u00edtm\u00e9ny\u00e9t \u00e9s lehet\u0151v\u00e9 teszi a sima sebess\u00e9gv\u00e1lt\u00e1st. Az optim\u00e1lis ken\u00e9s\u00e9rt \u00e9s az \u00f6sszes mozg\u00f3 alkatr\u00e9sz sima m\u0171k\u00f6d\u00e9s\u00e9\u00e9rt.<\/li>\n<\/ul>\n<ul>\n<li>T\u00f6k\u00e9letes ken\u00e9s \u00e9s v\u00e9delem minden id\u0151j\u00e1r\u00e1si k\u00f6r\u00fclm\u00e9ny k\u00f6z\u00f6tt, alkalmas hegyi ker\u00e9kp\u00e1rokhoz, elektromos ker\u00e9kp\u00e1rokhoz \u00e9s orsz\u00e1g\u00fati ker\u00e9kp\u00e1rokhoz.<\/li>\n<\/ul>\n","protected":false},"featured_media":7276,"comment_status":"open","ping_status":"closed","template":"","meta":{"wds_primary_product_brand":0,"wds_primary_product_cat":0},"product_brand":[],"product_cat":[350,352],"product_tag":[],"class_list":{"0":"post-7619","1":"product","2":"type-product","3":"status-publish","4":"has-post-thumbnail","6":"product_cat-kerekparsav","7":"product_cat-tisztitoszer","9":"first","10":"instock","11":"taxable","12":"shipping-taxable","13":"purchasable","14":"product-type-simple"},"_links":{"self":[{"href":"https:\/\/syprin.de\/hu\/wp-json\/wp\/v2\/product\/7619","targetHints":{"allow":["GET"]}}],"collection":[{"href":"https:\/\/syprin.de\/hu\/wp-json\/wp\/v2\/product"}],"about":[{"href":"https:\/\/syprin.de\/hu\/wp-json\/wp\/v2\/types\/product"}],"replies":[{"embeddable":true,"href":"https:\/\/syprin.de\/hu\/wp-json\/wp\/v2\/comments?post=7619"}],"wp:featuredmedia":[{"embeddable":true,"href":"https:\/\/syprin.de\/hu\/wp-json\/wp\/v2\/media\/7276"}],"wp:attachment":[{"href":"https:\/\/syprin.de\/hu\/wp-json\/wp\/v2\/media?parent=7619"}],"wp:term":[{"taxonomy":"product_brand","embeddable":true,"href":"https:\/\/syprin.de\/hu\/wp-json\/wp\/v2\/product_brand?post=7619"},{"taxonomy":"product_cat","embeddable":true,"href":"https:\/\/syprin.de\/hu\/wp-json\/wp\/v2\/product_cat?post=7619"},{"taxonomy":"product_tag","embeddable":true,"href":"https:\/\/syprin.de\/hu\/wp-json\/wp\/v2\/product_tag?post=7619"}],"curies":[{"name":"wp","href":"https:\/\/api.w.org\/{rel}","templated":true}]}}