{"id":7606,"date":"2018-02-14T09:47:00","date_gmt":"2018-02-14T09:47:00","guid":{"rendered":"https:\/\/syprin.de\/?post_type=product&#038;p=7606"},"modified":"2026-04-30T17:32:40","modified_gmt":"2026-04-30T15:32:40","slug":"original-syprin-karburator-tisztito","status":"publish","type":"product","link":"https:\/\/syprin.de\/hu\/produkt\/original-syprin-karburator-tisztito\/","title":{"rendered":"ORIGINAL SYPRIN Karbur\u00e1tor tiszt\u00edt\u00f3"},"content":{"rendered":"<div class=\"wpb-content-wrapper\"><p>[vc_row][vc_column][vc_column_text css=&#8221;&#8221;]<\/p>\n<h3><span style=\"vertical-align: inherit;\"><span style=\"vertical-align: inherit;\"><span style=\"vertical-align: inherit;\"><span style=\"vertical-align: inherit;\"><span style=\"vertical-align: inherit;\"><span style=\"vertical-align: inherit;\"><span style=\"vertical-align: inherit;\"><span style=\"vertical-align: inherit;\"><span style=\"vertical-align: inherit;\"><span style=\"vertical-align: inherit;\">ORIGINAL SYPRIN Pr\u00e9mium VR51 karbur\u00e1tortiszt\u00edt\u00f3 2 \u00e9s 4 \u00fctem\u0171 motorokhoz<\/span><\/span><\/span><\/span><\/span><\/span><\/span><\/span><\/span><\/span><\/h3>\n<p>Az eredeti Syprin karbur\u00e1tortiszt\u00edt\u00f3 egy professzion\u00e1lis eszk\u00f6z, amelyet minden benzinmotorhoz terveztek. Ez a pr\u00e9mium term\u00e9k kompatibilis mind a turb\u00f3felt\u00f6lt\u0151kkel, mind a kataliz\u00e1torokkal, \u00e9s megb\u00edzhat\u00f3an haszn\u00e1lhat\u00f3 2-\u00fctem\u0171, 4-\u00fctem\u0171 \u00e9s klasszikus aut\u00f3kban. A speci\u00e1lis VR51 formula garant\u00e1lja, hogy nem k\u00e1ros\u00edtja a 2-\u00fctem\u0171 vagy 4-\u00fctem\u0171 motorok ken\u0151filmj\u00e9t, \u00e9s ez a speci\u00e1lis tiszt\u00edt\u00f3szer verhetetlen az \u00f3lomhelyettes\u00edt\u0151 anyagokkal val\u00f3 haszn\u00e1lat sor\u00e1n is.<\/p>\n<h3>Kompatibilit\u00e1s<\/h3>\n<p>Minden benzinmotorhoz alkalmas. Megel\u0151z\u0151 vagy hibaelh\u00e1r\u00edt\u00e1si c\u00e9lra aut\u00f3kban, gener\u00e1torokban \u00e9s m\u00e1s nagy teljes\u00edtm\u00e9ny\u0171 motorokban (pl. haj\u00f3kban \u00e9s motorker\u00e9kp\u00e1rokban). Sz\u00fcks\u00e9g szerint haszn\u00e1lhat\u00f3. Rendszeres haszn\u00e1lata aj\u00e1nlott. Az optim\u00e1lis eredm\u00e9ny 500 ml \u00e9s 75 liter \u00fczemanyag kever\u00e9si ar\u00e1ny\u00e1val \u00e9rhet\u0151 el.<\/p>\n<p>&nbsp;<\/p>\n<p><strong>Vesz\u00e9lyes \u00e1rukra vonatkoz\u00f3 inform\u00e1ci\u00f3k Eredeti karbur\u00e1tortiszt\u00edt\u00f3<\/strong><\/p>\n<div><img decoding=\"async\" data-src=\"https:\/\/syprin.de\/wp-content\/uploads\/2018\/02\/Gesundheitsgefahr_GHS08-7.webp\" width=\"64\" height=\"64\" src=\"data:image\/svg+xml;base64,PHN2ZyB3aWR0aD0iMSIgaGVpZ2h0PSIxIiB4bWxucz0iaHR0cDovL3d3dy53My5vcmcvMjAwMC9zdmciPjwvc3ZnPg==\" class=\"lazyload\" style=\"--smush-placeholder-width: 64px; --smush-placeholder-aspect-ratio: 64\/64;\" \/><\/div>\n<p><strong><br \/>\n<\/strong><strong>Vesz\u00e9lyre vonatkoz\u00f3 figyelmeztet\u00e9sek:<br \/>\n<\/strong><span class=\"a-size-base a-color-base\">H304\u00a0<\/span><span class=\"a-size-base a-color-base\">Lenyel\u00e9s eset\u00e9n \u00e9s a l\u00e9gutakba ker\u00fclve hal\u00e1los lehet.<\/span><\/p>\n<div class=\"a-section a-spacing-none\"><strong><span class=\"a-size-base a-color-base\">Biztons\u00e1gi utas\u00edt\u00e1sok:<\/span><\/strong><\/div>\n<div class=\"a-section a-spacing-none\"><span class=\"a-size-base a-color-base\">P101 <span class=\"HwtZe\" lang=\"hu\"><span class=\"jCAhz ChMk0b\"><span class=\"ryNqvb\">Lenyel\u00e9s \u00e9s a l\u00e9gutakba ker\u00fcl\u00e9s eset\u00e9n hal\u00e1los lehet.<\/span><\/span><\/span><br \/>\n<span class=\"HwtZe\" lang=\"hu\"><span class=\"jCAhz ChMk0b\"><span class=\"ryNqvb\">Orvosi tan\u00e1csad\u00e1s eset\u00e9n tartsa k\u00e9zn\u00e9l a term\u00e9k ed\u00e9ny\u00e9t vagy c\u00edmk\u00e9j\u00e9t.<\/span><\/span><\/span><br \/>\nP102\u00a0Gyermekekt\u0151l elz\u00e1rva tartand\u00f3.<br \/>\nP301+P310+P331\u00a0LENYEL\u00c9S ESET\u00c9N: Azonnal h\u00edvjon M\u00c9RGEZ\u0150K\u00d6ZPONTOT\/orvost. NE h\u00e1nytasson.<br \/>\nP405 Tartsa z\u00e1rva.<br \/>\nP501 A tartalmat\/ed\u00e9nyt tiszta, enged\u00e9lyezett hullad\u00e9kkezel\u0151 l\u00e9tes\u00edtm\u00e9nyben \u00e1rtalmatlan\u00edtsa.<br \/>\nEUH066 Az ism\u00e9telt \u00e9rintkez\u00e9s sz\u00e1raz vagy repedezett b\u0151rt okozhat.<\/span><\/div>\n<div><\/div>\n<h3 class=\"a-section a-spacing-none\">Gy\u00e1rt\u00f3i inform\u00e1ci\u00f3k<\/h3>\n<div class=\"a-section a-spacing-none\">\n<p><strong>N\u00e9v:<\/strong> OS Motorsystem GmbH &amp; Co. KG<br \/>\n<strong>C\u00edm:<\/strong> Blumenweg 20a D-09224 Chemnitz<br \/>\n<strong>E-Mail:<\/strong> info@syprin.de<br \/>\n<strong>Weboldal:<\/strong> <a href=\"https:\/\/syprin.de\/hu\/\" target=\"_blank\" rel=\"noopener\">https:\/\/syprin.de\/<\/a><br \/>\n<strong>Eur\u00f3pai gy\u00e1rt\u00f3:<\/strong> Igen<\/p>\n<\/div>\n<p>[\/vc_column_text][\/vc_column][\/vc_row]<\/p>\n<\/div>","protected":false},"excerpt":{"rendered":"<h3>ORIGINAL SYPRIN Pr\u00e9mium VR51 karbur\u00e1tortiszt\u00edt\u00f3 2 \u00e9s 4 \u00fctem\u0171 motorokhoz<\/h3>\n<p>Az eredeti Syprin karbur\u00e1tortiszt\u00edt\u00f3 egy professzion\u00e1lis eszk\u00f6z, amelyet minden benzinmotorhoz terveztek. Ez a pr\u00e9mium term\u00e9k kompatibilis mind a turb\u00f3felt\u00f6lt\u0151kkel, mind a kataliz\u00e1torokkal, \u00e9s megb\u00edzhat\u00f3an haszn\u00e1lhat\u00f3 2-\u00fctem\u0171, 4-\u00fctem\u0171 \u00e9s klasszikus aut\u00f3kban. A speci\u00e1lis VR51 formula garant\u00e1lja, hogy nem k\u00e1ros\u00edtja a 2-\u00fctem\u0171 vagy 4-\u00fctem\u0171 motorok ken\u0151filmj\u00e9t, \u00e9s ez a speci\u00e1lis tiszt\u00edt\u00f3szer verhetetlen az \u00f3lomhelyettes\u00edt\u0151 anyagokkal val\u00f3 haszn\u00e1lat sor\u00e1n is.<\/p>\n<h3>Az \u00edg\u00e9ret\u00fcnk:<\/h3>\n<ul>\n<li>T\u00f6k\u00e9letes v\u00e9delem motorj\u00e1nak a jobb teljes\u00edtm\u00e9ny \u00e9s motoreg\u00e9szs\u00e9g \u00e9rdek\u00e9ben<\/li>\n<\/ul>\n<ul>\n<li>N\u00e9metorsz\u00e1gban tervezt\u00e9k \u00e9s gy\u00e1rtott\u00e1k, k\u00f6zvetlen\u00fcl a gy\u00e1rt\u00f3t\u00f3l sz\u00e1ll\u00edtj\u00e1k. K\u00f6nny\u0171 \u00e1rtalmatlan\u00edt\u00e1s.<\/li>\n<\/ul>\n<ul>\n<li>Megb\u00edzhat\u00f3an tiszt\u00edtja a karbur\u00e1torokat, szelepeket \u00e9s sz\u00edv\u00f3csonkot a gyant\u00e1s lerak\u00f3d\u00e1sokt\u00f3l. Feloldja a lerak\u00f3d\u00e1sokat az \u00e9g\u00e9st\u00e9rben. V\u00e9di az \u00fczemanyagot az \u00f6reged\u00e9st\u0151l \u00e9s az oxid\u00e1ci\u00f3t\u00f3l. Normaliz\u00e1lja az \u00fczemanyag-fogyaszt\u00e1st \u00e9s a k\u00e1rosanyag-kibocs\u00e1t\u00e1st.<\/li>\n<\/ul>\n<ul>\n<li>Professzion\u00e1lis m\u0171helyi haszn\u00e1latra tervezve. K\u00f6nny\u0171 \u00e9s gyors fizet\u00e9s. T\u00f6lt\u00e9si seg\u00e9dlet k\u00f6zvetlen\u00fcl a palackon. Kever\u00e9s k\u00f6zben \u00f6n\u00e1ll\u00f3an is \u00f6sszekeverhet\u0151. Magasan koncentr\u00e1lt adal\u00e9kanyag. Rendk\u00edv\u00fcl gazdas\u00e1gos.<\/li>\n<\/ul>\n<ul>\n<li>Ez nemcsak az aut\u00f3kat, motorker\u00e9kp\u00e1rokat, robog\u00f3kat, mopedeket \u00e9s haj\u00f3kat foglalja mag\u00e1ban, hanem olyan eszk\u00f6z\u00f6ket is, mint a l\u00e1ncf\u0171r\u00e9szek, h\u00f3mar\u00f3k, f\u0171ny\u00edr\u00f3k, f\u0171ny\u00edr\u00f3 traktorok, \u00e9p\u00edt\u0151ipari g\u00e9pek \u00e9s v\u00e9szhelyzeti gener\u00e1torok.<\/li>\n<\/ul>\n","protected":false},"featured_media":7269,"comment_status":"open","ping_status":"closed","template":"","meta":{"wds_primary_product_brand":0,"wds_primary_product_cat":0},"product_brand":[],"product_cat":[348,352],"product_tag":[],"class_list":{"0":"post-7606","1":"product","2":"type-product","3":"status-publish","4":"has-post-thumbnail","6":"product_cat-benzin","7":"product_cat-tisztitoszer","9":"first","10":"instock","11":"taxable","12":"shipping-taxable","13":"purchasable","14":"product-type-simple"},"_links":{"self":[{"href":"https:\/\/syprin.de\/hu\/wp-json\/wp\/v2\/product\/7606","targetHints":{"allow":["GET"]}}],"collection":[{"href":"https:\/\/syprin.de\/hu\/wp-json\/wp\/v2\/product"}],"about":[{"href":"https:\/\/syprin.de\/hu\/wp-json\/wp\/v2\/types\/product"}],"replies":[{"embeddable":true,"href":"https:\/\/syprin.de\/hu\/wp-json\/wp\/v2\/comments?post=7606"}],"wp:featuredmedia":[{"embeddable":true,"href":"https:\/\/syprin.de\/hu\/wp-json\/wp\/v2\/media\/7269"}],"wp:attachment":[{"href":"https:\/\/syprin.de\/hu\/wp-json\/wp\/v2\/media?parent=7606"}],"wp:term":[{"taxonomy":"product_brand","embeddable":true,"href":"https:\/\/syprin.de\/hu\/wp-json\/wp\/v2\/product_brand?post=7606"},{"taxonomy":"product_cat","embeddable":true,"href":"https:\/\/syprin.de\/hu\/wp-json\/wp\/v2\/product_cat?post=7606"},{"taxonomy":"product_tag","embeddable":true,"href":"https:\/\/syprin.de\/hu\/wp-json\/wp\/v2\/product_tag?post=7606"}],"curies":[{"name":"wp","href":"https:\/\/api.w.org\/{rel}","templated":true}]}}