{"id":7565,"date":"2018-02-14T09:52:35","date_gmt":"2018-02-14T09:52:35","guid":{"rendered":"https:\/\/syprin.de\/?post_type=product&#038;p=7565"},"modified":"2026-04-30T17:32:40","modified_gmt":"2026-04-30T15:32:40","slug":"original-syprin-benzin-mentodoboz","status":"publish","type":"product","link":"https:\/\/syprin.de\/hu\/produkt\/original-syprin-benzin-mentodoboz\/","title":{"rendered":"ORIGINAL SYPRIN Benzin ment\u0151doboz"},"content":{"rendered":"<div class=\"wpb-content-wrapper\"><p>[vc_row][vc_column][vc_column_text css=&#8221;&#8221;]<\/p>\n<div class=\"row\">\n<div class=\"large-12 columns margin-bottom-10\">\n<h3>ORIGINAL SYPRIN Benzin ment\u0151doboz<\/h3>\n<p><strong>A SYPRIN benzinbefecskendez\u0151 \u00e9s \u00fczemanyagrendszer tiszt\u00edt\u00f3<\/strong> hat\u00e9konyan elt\u00e1vol\u00edtja a lerak\u00f3d\u00e1sokat a befecskendez\u0151kr\u0151l, sz\u00edv\u00f3szelepekr\u0151l, gy\u00fajt\u00f3gyerty\u00e1kr\u00f3l \u00e9s \u00e9g\u00e9sterekr\u0151l, megakad\u00e1lyozva azok \u00fajrak\u00e9pz\u0151d\u00e9s\u00e9t. Az egyed\u00fcl\u00e1ll\u00f3 formula a benzinbefecskendez\u0151 rendszer \u00f6sszes alkatr\u00e9sz\u00e9t felhaszn\u00e1lja, v\u00e9di a teljes \u00fczemanyagrendszert a korr\u00f3zi\u00f3t\u00f3l, \u00e9s jav\u00edtja a fojt\u00f3szelep-reakci\u00f3t \u00e9s a kompresszi\u00f3t. A tiszta motornak k\u00f6sz\u00f6nhet\u0151en cs\u00f6kken az \u00fczemanyag-fogyaszt\u00e1s, optimaliz\u00e1l\u00f3dnak a kibocs\u00e1t\u00e1si tesztek eredm\u00e9nyei, \u00e9s cs\u00f6kken a k\u00e1rosanyag-kibocs\u00e1t\u00e1s. A SYPRIN benzinbefecskendez\u0151 \u00e9s szelep\u00e1pol\u00f3 adal\u00e9k nagy teljes\u00edtm\u00e9ny\u0171 hat\u00f3anyag-kombin\u00e1ci\u00f3 a szelepek \u00e9s befecskendez\u0151k sz\u00e9tszerel\u00e9s n\u00e9lk\u00fcli karbantart\u00e1s\u00e1hoz. Keni \u00e9s v\u00e9di a teljes fels\u0151 hengerter\u00fcletet, \u00e9s k\u00fcl\u00f6n\u00f6sen alkalmas professzion\u00e1lis m\u0171helyi haszn\u00e1latra \u00e9s minden t\u00edpus\u00fa benzinmotorhoz.<\/p>\n<h3>Mi van benne??<\/h3>\n<ul>\n<li>1x ORIGINAL SYPRIN Befecskendez\u0151 \u00e9s \u00fczemanyagrendszer tiszt\u00edt\u00f3 (500 ml)<\/li>\n<li>1x ORIGINAL SYPRIN Benzinmotor \u00e9s befecskendez\u0151 adal\u00e9kanyag (250 ml)<\/li>\n<\/ul>\n<h3>Kompatibilit\u00e1s<\/h3>\n<p>Minden benzinmotorhoz alkalmas. Megel\u0151z\u0151 haszn\u00e1latra vagy hibaelh\u00e1r\u00edt\u00e1sra aut\u00f3kban, gener\u00e1torokban \u00e9s m\u00e1s nagy teljes\u00edtm\u00e9ny\u0171 motorokban (pl. haj\u00f3kban \u00e9s motorker\u00e9kp\u00e1rokban). Sz\u00fcks\u00e9g szerint haszn\u00e1lhat\u00f3. Rendszeres haszn\u00e1lata aj\u00e1nlott.<\/p>\n<p>&nbsp;<\/p>\n<\/div>\n<p><strong>Vesz\u00e9lyes \u00e1rukra vonatkoz\u00f3 inform\u00e1ci\u00f3k Eredeti Syprin benzinmotor- \u00e9s szelep\u00e1pol\u00f3 adal\u00e9kanyag<\/strong><\/p>\n<div><img decoding=\"async\" data-src=\"https:\/\/syprin.de\/wp-content\/uploads\/2018\/02\/Gesundheitsgefahr_GHS08-7.webp\" width=\"64\" height=\"64\" src=\"data:image\/svg+xml;base64,PHN2ZyB3aWR0aD0iMSIgaGVpZ2h0PSIxIiB4bWxucz0iaHR0cDovL3d3dy53My5vcmcvMjAwMC9zdmciPjwvc3ZnPg==\" class=\"lazyload\" style=\"--smush-placeholder-width: 64px; --smush-placeholder-aspect-ratio: 64\/64;\" \/><\/div>\n<p><strong>Vesz\u00e9lyre vonatkoz\u00f3 figyelmeztet\u00e9sek:<\/strong><br \/>\nH304 Lenyel\u00e9s eset\u00e9n hal\u00e1los kimenetel\u0171 lehet, ha a l\u00e9gutakban folyamatosan figyelik.<br \/>\nH412 \u00c1rtalmas a v\u00edzi \u00e9l\u0151vil\u00e1gra, hosszan tart\u00f3 k\u00e1rosod\u00e1st okoz.<\/p>\n<p><strong>Biztons\u00e1gi utas\u00edt\u00e1sok:<\/strong><br \/>\nP101 Jogi tan\u00e1csad\u00e1s eset\u00e9n tartsa k\u00e9zn\u00e9l a csomagol\u00e1st vagy a c\u00edmk\u00e9t.<br \/>\nP102 <span dir=\"ltr\" role=\"presentation\">Gyermekekt\u0151l elz\u00e1rva tartand\u00f3.<br \/>\nP103 Olvassa el figyelmesen az \u00f6sszes utas\u00edt\u00e1st, \u00e9s k\u00f6vesse azokat.<br \/>\n<\/span>P273 Ker\u00fclje a k\u00f6rnyezetbe val\u00f3 kibocs\u00e1t\u00e1st.<br \/>\nP301+P310 Lenyel\u00e9s eset\u00e9n: Azonnal h\u00edvja a M\u00e9rgez\u00e9s-inform\u00e1ci\u00f3s K\u00f6zpontot vagy orvost.<br \/>\nP331 Ne h\u00e1nytasson.<br \/>\nP405 Tartsa z\u00e1rva.<br \/>\nP501 Tartalom \/ Vesz\u00e9lyes hullad\u00e9k \u00e1rtalmatlan\u00edt\u00e1s\u00e1ra szolg\u00e1l\u00f3 tart\u00e1lyok.<\/p>\n<h3 class=\"a-section a-spacing-none\">Gy\u00e1rt\u00f3i inform\u00e1ci\u00f3k<\/h3>\n<div class=\"a-section a-spacing-none\">\n<p><strong>N\u00e9v:<\/strong> OS Motorsystem GmbH &amp; Co. KG<br \/>\n<strong>C\u00edm:<\/strong> Blumenweg 20a D-09224 Chemnitz<br \/>\n<strong>E-Mail:<\/strong> info@syprin.de<br \/>\n<strong>Weboldal:<\/strong> <a href=\"https:\/\/syprin.de\/hu\/\" target=\"_blank\" rel=\"noopener\">https:\/\/syprin.de\/<\/a><br \/>\n<strong>Eur\u00f3pai gy\u00e1rt\u00f3:<\/strong> Igen<\/p>\n<\/div>\n<\/div>\n<p>[\/vc_column_text][\/vc_column][\/vc_row]<\/p>\n<\/div>","protected":false},"excerpt":{"rendered":"<h3>ORIGINAL SYPRIN Benzin ment\u0151doboz<\/h3>\n<p><strong>A SYPRIN benzinbefecskendez\u0151 \u00e9s \u00fczemanyagrendszer tiszt\u00edt\u00f3<\/strong> hat\u00e9konyan elt\u00e1vol\u00edtja a lerak\u00f3d\u00e1sokat a befecskendez\u0151kr\u0151l, sz\u00edv\u00f3szelepekr\u0151l, gy\u00fajt\u00f3gyerty\u00e1kr\u00f3l \u00e9s \u00e9g\u00e9sterekr\u0151l, megakad\u00e1lyozva azok \u00fajrak\u00e9pz\u0151d\u00e9s\u00e9t. Az egyed\u00fcl\u00e1ll\u00f3 formula a benzinbefecskendez\u0151 rendszer \u00f6sszes alkatr\u00e9sz\u00e9t felhaszn\u00e1lja, v\u00e9di a teljes \u00fczemanyagrendszert a korr\u00f3zi\u00f3t\u00f3l, \u00e9s jav\u00edtja a fojt\u00f3szelep-reakci\u00f3t \u00e9s a kompresszi\u00f3t. A tiszta motornak k\u00f6sz\u00f6nhet\u0151en cs\u00f6kken az \u00fczemanyag-fogyaszt\u00e1s, optimaliz\u00e1l\u00f3dnak a kibocs\u00e1t\u00e1si tesztek eredm\u00e9nyei, \u00e9s cs\u00f6kken a k\u00e1rosanyag-kibocs\u00e1t\u00e1s. <strong>A SYPRIN benzinbefecskendez\u0151 \u00e9s szelep\u00e1pol\u00f3 adal\u00e9k<\/strong> nagy teljes\u00edtm\u00e9ny\u0171 hat\u00f3anyag-kombin\u00e1ci\u00f3 a szelepek \u00e9s befecskendez\u0151k sz\u00e9tszerel\u00e9s n\u00e9lk\u00fcli karbantart\u00e1s\u00e1hoz. Keni \u00e9s v\u00e9di a teljes fels\u0151 hengerter\u00fcletet, \u00e9s k\u00fcl\u00f6n\u00f6sen alkalmas professzion\u00e1lis m\u0171helyi haszn\u00e1latra \u00e9s minden t\u00edpus\u00fa benzinmotorhoz.<\/p>\n<h3>Az \u00edg\u00e9ret\u00fcnk:<\/h3>\n<ul>\n<li>F\u00fcggetlen tesztekkel igazolt benzinrendszer-tiszt\u00edt\u00f3k \u00e9s adal\u00e9kanyagok hat\u00e9konys\u00e1ga.<\/li>\n<\/ul>\n<ul>\n<li>N\u00e9metorsz\u00e1gban tervezt\u00e9k \u00e9s gy\u00e1rtott\u00e1k, k\u00f6zvetlen\u00fcl a gy\u00e1rt\u00f3t\u00f3l sz\u00e1ll\u00edtj\u00e1k. K\u00f6nny\u0171 \u00e1rtalmatlan\u00edt\u00e1s.<\/li>\n<\/ul>\n<ul>\n<li>Igazi \u00e1pol\u00f3balzsam benzinmotoroknak. Rendk\u00edv\u00fcl prec\u00edz \u00e1pol\u00f3m\u00e1trixunk alapj\u00e1n benzinmotorja gyakorlatilag bel\u00fclr\u0151l kifel\u00e9, szinte er\u0151fesz\u00edt\u00e9s n\u00e9lk\u00fcl \u00e1tmos\u00e1sra ker\u00fcl..<\/li>\n<\/ul>\n<ul>\n<li>Tiszt\u00edtja \u00e9s kezeli a benzin \u00fczemanyagrendszert, \u00e9s megakad\u00e1lyozza a befecskendez\u0151k, szelepek \u00e9s \u00fczemanyagvezet\u00e9kek kop\u00e1s\u00e1t..<\/li>\n<\/ul>\n<p>Minden benzinmotorhoz alkalmas. Megel\u0151z\u0151 haszn\u00e1latra vagy hibaelh\u00e1r\u00edt\u00e1sra aut\u00f3kban, gener\u00e1torokban \u00e9s m\u00e1s nagy teljes\u00edtm\u00e9ny\u0171 motorokban (pl. haj\u00f3kban \u00e9s motorker\u00e9kp\u00e1rokban). Sz\u00fcks\u00e9g szerint haszn\u00e1lhat\u00f3. Rendszeres haszn\u00e1lata aj\u00e1nlott. Nem biztos benne, hogy melyik SYPRIN term\u00e9k a legjobb \u00d6nnek \u00e9s j\u00e1rm\u0171v\u00e9nek? EREDETI SYPRIN term\u00e9kek is kaphat\u00f3k. <a href=\"https:\/\/syprin.de\/hu\/produkt\/original-syprin-dizel-mentodoboz\/\" target=\"_blank\" rel=\"noopener\">d\u00edzelmotorokhoz is el\u00e9rhet\u0151.<\/a><\/p>\n","protected":false},"featured_media":7281,"comment_status":"open","ping_status":"closed","template":"","meta":{"wds_primary_product_brand":0,"wds_primary_product_cat":0},"product_brand":[],"product_cat":[348,352],"product_tag":[],"class_list":{"0":"post-7565","1":"product","2":"type-product","3":"status-publish","4":"has-post-thumbnail","6":"product_cat-benzin","7":"product_cat-tisztitoszer","9":"first","10":"instock","11":"taxable","12":"shipping-taxable","13":"purchasable","14":"product-type-simple"},"_links":{"self":[{"href":"https:\/\/syprin.de\/hu\/wp-json\/wp\/v2\/product\/7565","targetHints":{"allow":["GET"]}}],"collection":[{"href":"https:\/\/syprin.de\/hu\/wp-json\/wp\/v2\/product"}],"about":[{"href":"https:\/\/syprin.de\/hu\/wp-json\/wp\/v2\/types\/product"}],"replies":[{"embeddable":true,"href":"https:\/\/syprin.de\/hu\/wp-json\/wp\/v2\/comments?post=7565"}],"wp:featuredmedia":[{"embeddable":true,"href":"https:\/\/syprin.de\/hu\/wp-json\/wp\/v2\/media\/7281"}],"wp:attachment":[{"href":"https:\/\/syprin.de\/hu\/wp-json\/wp\/v2\/media?parent=7565"}],"wp:term":[{"taxonomy":"product_brand","embeddable":true,"href":"https:\/\/syprin.de\/hu\/wp-json\/wp\/v2\/product_brand?post=7565"},{"taxonomy":"product_cat","embeddable":true,"href":"https:\/\/syprin.de\/hu\/wp-json\/wp\/v2\/product_cat?post=7565"},{"taxonomy":"product_tag","embeddable":true,"href":"https:\/\/syprin.de\/hu\/wp-json\/wp\/v2\/product_tag?post=7565"}],"curies":[{"name":"wp","href":"https:\/\/api.w.org\/{rel}","templated":true}]}}