{"id":7550,"date":"2018-02-14T09:55:36","date_gmt":"2018-02-14T09:55:36","guid":{"rendered":"https:\/\/syprin.de\/?post_type=product&#038;p=7550"},"modified":"2026-04-30T17:32:40","modified_gmt":"2026-04-30T15:32:40","slug":"original-syprin-dizel-fagyallo","status":"publish","type":"product","link":"https:\/\/syprin.de\/hu\/produkt\/original-syprin-dizel-fagyallo\/","title":{"rendered":"ORIGINAL SYPRIN D\u00edzel fagy\u00e1ll\u00f3"},"content":{"rendered":"<div class=\"wpb-content-wrapper\"><p>[vc_row][vc_column][vc_column_text css=&#8221;&#8221;]<\/p>\n<div class=\"row\">\n<div class=\"large-12 columns margin-bottom-10\">\n<h3>ORIGINAL SYPRIN D\u00edzel fagy\u00e1ll\u00f3<\/h3>\n<p>A legt\u00f6bb embernek sz\u00fcks\u00e9ge van j\u00e1rm\u0171re a mindennapi teend\u0151kh\u00f6z, p\u00e9ld\u00e1ul a munk\u00e1ba j\u00e1r\u00e1shoz vagy a bev\u00e1s\u00e1rl\u00e1shoz. Mivel az aut\u00f3kat gyakran haszn\u00e1lj\u00e1k, ann\u00e1l is fontosabb, hogy mindig k\u00f6zleked\u00e9sre alkalmasak legyenek. K\u00fcl\u00f6n\u00f6sen a fagypont alatti h\u0151m\u00e9rs\u00e9kletek jelentenek gyakran probl\u00e9m\u00e1t, amelyet a Syprin Diesel fagy\u00e1ll\u00f3 folyad\u00e9kkal lehet orvosolni.<\/p>\n<\/div>\n<h3>Vesz\u00e9lyes \u00e1rukra vonatkoz\u00f3 inform\u00e1ci\u00f3k Eredeti Syprin Diesel fagy\u00e1ll\u00f3<\/h3>\n<div><img decoding=\"async\" data-src=\"https:\/\/syprin.de\/wp-content\/uploads\/2018\/02\/Gesundheitsgefahr_GHS08-7.webp\" width=\"64\" height=\"64\" src=\"data:image\/svg+xml;base64,PHN2ZyB3aWR0aD0iMSIgaGVpZ2h0PSIxIiB4bWxucz0iaHR0cDovL3d3dy53My5vcmcvMjAwMC9zdmciPjwvc3ZnPg==\" class=\"lazyload\" style=\"--smush-placeholder-width: 64px; --smush-placeholder-aspect-ratio: 64\/64;\" \/><\/div>\n<p><strong><br \/>\n<\/strong><strong>Vesz\u00e9lyre vonatkoz\u00f3 figyelmeztet\u00e9sek:<\/strong><br \/>\nH304 Lenyel\u00e9s eset\u00e9n \u00e9s a l\u00e9gutakba ker\u00fclve hal\u00e1los lehet.<\/p>\n<p><strong>Biztons\u00e1gi utas\u00edt\u00e1sok:<\/strong><br \/>\nP101 Orvosi tan\u00e1csad\u00e1s eset\u00e9n tartsa k\u00e9zn\u00e9l a term\u00e9k ed\u00e9ny\u00e9t vagy c\u00edmk\u00e9j\u00e9t.<br \/>\nP102\u00a0Gyermekekt\u0151l elz\u00e1rva tartand\u00f3.<br \/>\nP273 Ker\u00fclje a k\u00f6rnyezetbe val\u00f3 kibocs\u00e1t\u00e1st.<br \/>\nP301+P310\u00a0LENYEL\u00c9S ESET\u00c9N: Azonnal h\u00edvjon M\u00e9rgez\u00e9s-inform\u00e1ci\u00f3s K\u00f6zpontot vagy orvost.<br \/>\nP405 Tartsa z\u00e1rva.<br \/>\nP501 A tartalom\/ed\u00e9ny \u00e1rtalmatlan\u00edt\u00e1sa enged\u00e9lyezett hullad\u00e9kkezel\u0151 telepen.<br \/>\nEUH066 Az ism\u00e9telt \u00e9rintkez\u00e9s sz\u00e1raz vagy repedezett b\u0151rt okozhat.<\/p>\n<h3 class=\"a-section a-spacing-none\">Gy\u00e1rt\u00f3i inform\u00e1ci\u00f3k<\/h3>\n<div class=\"a-section a-spacing-none\">\n<p><strong>N\u00e9v:<\/strong> OS Motorsystem GmbH &amp; Co. KG<br \/>\n<strong>C\u00edm:<\/strong> Blumenweg 20a D-09224 Chemnitz<br \/>\n<strong>E-Mail:<\/strong> info@syprin.de<br \/>\n<strong>Weboldal:<\/strong> <a href=\"https:\/\/syprin.de\/hu\/\" target=\"_blank\" rel=\"noopener\">https:\/\/syprin.de\/<\/a><br \/>\n<strong>Eur\u00f3pai gy\u00e1rt\u00f3:<\/strong> Igen<\/p>\n<\/div>\n<\/div>\n<p>[\/vc_column_text][\/vc_column][\/vc_row]<\/p>\n<\/div>","protected":false},"excerpt":{"rendered":"<h3>ORIGINAL SYPRIN D\u00edzel fagy\u00e1ll\u00f3<\/h3>\n<p>A legt\u00f6bb embernek sz\u00fcks\u00e9ge van j\u00e1rm\u0171re a mindennapi teend\u0151kh\u00f6z, p\u00e9ld\u00e1ul a munk\u00e1ba j\u00e1r\u00e1shoz vagy a bev\u00e1s\u00e1rl\u00e1shoz. Mivel az aut\u00f3kat gyakran haszn\u00e1lj\u00e1k, ann\u00e1l is fontosabb, hogy mindig k\u00f6zleked\u00e9sre alkalmasak legyenek. K\u00fcl\u00f6n\u00f6sen a fagypont alatti h\u0151m\u00e9rs\u00e9kletek jelentenek gyakran probl\u00e9m\u00e1t, amelyet a Syprin Diesel fagy\u00e1ll\u00f3 folyad\u00e9kkal lehet orvosolni.<\/p>\n<h3>Alkalmaz\u00e1s: Syprin d\u00edzel fagy\u00e1ll\u00f3 adal\u00e9k<\/h3>\n<p>Amint a k\u00fcls\u0151 h\u0151m\u00e9rs\u00e9klet el\u00e9ri a 0 Celsius-fokot, haszn\u00e1lhatja a Syprin d\u00edzel fagy\u00e1ll\u00f3 adal\u00e9kot, amely -33 Celsius-fokig terjed\u0151 h\u0151m\u00e9rs\u00e9kleten is alkalmas. Haszn\u00e1lat\u00e1hoz el\u0151sz\u00f6r a lehet\u0151 leg\u00fcresebbre kell \u00fcr\u00edtenie az \u00fczemanyagtart\u00e1lyt. Egy 300 ml-es doboz Diesel Frost Stop 60 liter g\u00e1zolajhoz elegend\u0151. A kever\u00e9si ar\u00e1nyt (1:200) minden esetben be kell tartani a megfelel\u0151 m\u0171k\u00f6d\u00e9s biztos\u00edt\u00e1sa \u00e9rdek\u00e9ben. Miut\u00e1n meg\u00e9rkezett a benzink\u00fatra, hozz\u00e1adhatja a fagy\u00e1ll\u00f3t, majd felt\u00f6ltheti a j\u00e1rm\u0171vet a megadott mennyis\u00e9g\u0171 \u00fczemanyaggal. A d\u00edzel fagy\u00e1ll\u00f3 vezet\u00e9s k\u00f6zben keveredik a tart\u00e1lyban, majd pozit\u00edv hat\u00e1ssal van az aut\u00f3 \u00e1ltal\u00e1nos menetteljes\u00edtm\u00e9ny\u00e9re.<\/p>\n","protected":false},"featured_media":7273,"comment_status":"open","ping_status":"closed","template":"","meta":{"wds_primary_product_brand":0,"wds_primary_product_cat":0},"product_brand":[],"product_cat":[349],"product_tag":[],"class_list":{"0":"post-7550","1":"product","2":"type-product","3":"status-publish","4":"has-post-thumbnail","6":"product_cat-dizel","8":"first","9":"instock","10":"taxable","11":"shipping-taxable","12":"purchasable","13":"product-type-simple"},"_links":{"self":[{"href":"https:\/\/syprin.de\/hu\/wp-json\/wp\/v2\/product\/7550","targetHints":{"allow":["GET"]}}],"collection":[{"href":"https:\/\/syprin.de\/hu\/wp-json\/wp\/v2\/product"}],"about":[{"href":"https:\/\/syprin.de\/hu\/wp-json\/wp\/v2\/types\/product"}],"replies":[{"embeddable":true,"href":"https:\/\/syprin.de\/hu\/wp-json\/wp\/v2\/comments?post=7550"}],"wp:featuredmedia":[{"embeddable":true,"href":"https:\/\/syprin.de\/hu\/wp-json\/wp\/v2\/media\/7273"}],"wp:attachment":[{"href":"https:\/\/syprin.de\/hu\/wp-json\/wp\/v2\/media?parent=7550"}],"wp:term":[{"taxonomy":"product_brand","embeddable":true,"href":"https:\/\/syprin.de\/hu\/wp-json\/wp\/v2\/product_brand?post=7550"},{"taxonomy":"product_cat","embeddable":true,"href":"https:\/\/syprin.de\/hu\/wp-json\/wp\/v2\/product_cat?post=7550"},{"taxonomy":"product_tag","embeddable":true,"href":"https:\/\/syprin.de\/hu\/wp-json\/wp\/v2\/product_tag?post=7550"}],"curies":[{"name":"wp","href":"https:\/\/api.w.org\/{rel}","templated":true}]}}