{"id":7539,"date":"2018-02-14T09:59:05","date_gmt":"2018-02-14T09:59:05","guid":{"rendered":"https:\/\/syprin.de\/?post_type=product&#038;p=7539"},"modified":"2026-04-30T17:32:40","modified_gmt":"2026-04-30T15:32:40","slug":"original-syprin-motoroeblites","status":"publish","type":"product","link":"https:\/\/syprin.de\/hu\/produkt\/original-syprin-motoroeblites\/","title":{"rendered":"ORIGINAL SYPRIN Motor\u00f6bl\u00edt\u00e9s"},"content":{"rendered":"<div class=\"wpb-content-wrapper\"><p>[vc_row][vc_column][vc_column_text css=&#8221;&#8221;]<\/p>\n<div class=\"row\">\n<div class=\"large-12 columns margin-bottom-10\">\n<h3>ORIGINAL SYPRIN Motor\u00f6bl\u00edt\u00e9s<\/h3>\n<p>Az eredeti Syprin motor\u00f6bl\u00edt\u0151 kiv\u00e1l\u00f3 min\u0151s\u00e9g\u0171 \u00f6bl\u00edt\u0151 d\u00edzel- \u00e9s benzinmotorokhoz, \u00e9s karbantartja a motort.<\/p>\n<h3>Kompatibilit\u00e1s<\/h3>\n<p>A Syprin motor\u00f6bl\u00edt\u0151 egyik f\u0151 el\u0151nye, hogy minden d\u00edzel- \u00e9s benzinmotorhoz alkalmas, azonos t\u00f6meg\u0171 r\u00e9szecskesz\u0171r\u0151vel vagy an\u00e9lk\u00fcl.<\/p>\n<\/div>\n<p><strong>Vesz\u00e9lyes \u00e1rukra vonatkoz\u00f3 inform\u00e1ci\u00f3k Eredeti Syprin motor\u00f6bl\u00edt\u00e9s<\/strong><\/p>\n<div><img decoding=\"async\" data-src=\"https:\/\/syprin.de\/wp-content\/uploads\/2018\/02\/Gesundheitsgefahr_GHS08-7.webp\" width=\"64\" height=\"64\" src=\"data:image\/svg+xml;base64,PHN2ZyB3aWR0aD0iMSIgaGVpZ2h0PSIxIiB4bWxucz0iaHR0cDovL3d3dy53My5vcmcvMjAwMC9zdmciPjwvc3ZnPg==\" class=\"lazyload\" style=\"--smush-placeholder-width: 64px; --smush-placeholder-aspect-ratio: 64\/64;\" \/><\/div>\n<p><img decoding=\"async\" data-src=\"https:\/\/syprin.de\/wp-content\/uploads\/2026\/01\/Ausrufezeichen_Achtung.webp\" width=\"64\" height=\"64\" src=\"data:image\/svg+xml;base64,PHN2ZyB3aWR0aD0iMSIgaGVpZ2h0PSIxIiB4bWxucz0iaHR0cDovL3d3dy53My5vcmcvMjAwMC9zdmciPjwvc3ZnPg==\" class=\"lazyload\" style=\"--smush-placeholder-width: 64px; --smush-placeholder-aspect-ratio: 64\/64;\" \/><br \/>\n<strong><br \/>\n<\/strong><strong>Vesz\u00e9lyre vonatkoz\u00f3 figyelmeztet\u00e9sek:<br \/>\n<\/strong><\/p>\n<div class=\"page\" title=\"Page 4\">\n<div class=\"layoutArea\">\n<div class=\"column\">\n<p>H304\u00a0Lenyel\u00e9s eset\u00e9n \u00e9s a l\u00e9gutakba ker\u00fclve hal\u00e1los lehet.<br \/>\nH317 Allergi\u00e1s b\u0151rreakci\u00f3kat okozhat.<\/p>\n<\/div>\n<\/div>\n<\/div>\n<p><strong>Biztons\u00e1gi utas\u00edt\u00e1sok:<br \/>\n<\/strong>P101\u00a0 Orvosi tan\u00e1csad\u00e1s eset\u00e9n tartsa k\u00e9zn\u00e9l a term\u00e9k ed\u00e9ny\u00e9t vagy c\u00edmk\u00e9j\u00e9t.<br \/>\nP102\u00a0 Gyermekekt\u0151l elz\u00e1rva tartand\u00f3.<br \/>\nP301+P310\u00a0LENYEL\u00c9S ESET\u00c9N: Azonnal h\u00edvjon M\u00c9RGEZ\u0150K\u00d6ZPONTOT\/orvost. P331 TILOS h\u00e1nytatni.<br \/>\nP405 Tartsa z\u00e1rva.<br \/>\nP501\u00a0A tartalom\/ed\u00e9ny \u00e1rtalmatlan\u00edt\u00e1sa enged\u00e9lyezett hullad\u00e9kkezel\u0151 telepen.<br \/>\nEUH066 Az ism\u00e9telt \u00e9rintkez\u00e9s sz\u00e1raz vagy repedezett b\u0151rt okozhat.<\/p>\n<h3 class=\"a-section a-spacing-none\">Gy\u00e1rt\u00f3i inform\u00e1ci\u00f3k<\/h3>\n<div class=\"a-section a-spacing-none\">\n<p><strong>N\u00e9v:<\/strong> OS Motorsystem GmbH &amp; Co. KG<br \/>\n<strong>C\u00edm:<\/strong> Blumenweg 20a D-09224 Chemnitz<br \/>\n<strong>E-Mail:<\/strong> info@syprin.de<br \/>\n<strong>Weboldal:<\/strong> <a href=\"https:\/\/syprin.de\/hu\/\" target=\"_blank\" rel=\"noopener\">https:\/\/syprin.de\/<\/a><br \/>\n<strong>Eur\u00f3pai gy\u00e1rt\u00f3:<\/strong> Igen<\/p>\n<\/div>\n<\/div>\n<p>[\/vc_column_text][\/vc_column][\/vc_row]<\/p>\n<\/div>","protected":false},"excerpt":{"rendered":"<h3>ORIGINAL SYPRIN Motor\u00f6bl\u00edt\u00e9s<\/h3>\n<p>Az eredeti Syprin motor\u00f6bl\u00edt\u0151 kiv\u00e1l\u00f3 min\u0151s\u00e9g\u0171 \u00f6bl\u00edt\u0151 d\u00edzel- \u00e9s benzinmotorokhoz, \u00e9s karbantartja a motort.<\/p>\n<h3>Az \u00edg\u00e9ret\u00fcnk<\/h3>\n<ul class=\"a-unordered-list a-vertical a-spacing-mini\">\n<li class=\"a-spacing-mini\"><span class=\"a-list-item\">MINDEN D\u00cdZEL- \u00c9S BENZINMOTORHOZ ALKALMAS: Az eredeti Syprin motor\u00f6bl\u00edt\u0151 a legjobb megold\u00e1s minden t\u00edpus\u00fa d\u00edzel- \u00e9s benzin\u00fczem\u0171 aut\u00f3hoz.<\/span><\/li>\n<\/ul>\n<ul>\n<li class=\"a-spacing-mini\">A V\u00c9GS\u0150 TELJES\u00cdTM\u00c9NY VISSZA\u00c1LL\u00cdT\u00c1SA: A motor\u00e1t\u00f6bl\u00edt\u00e9s vissza\u00e1ll\u00edtja a motor teljes\u00edtm\u00e9ny\u00e9t.<\/li>\n<\/ul>\n<ul>\n<li class=\"a-spacing-mini\"><span class=\"a-list-item\"> HAT\u00c9KONY TISZT\u00cdT\u00c1S: Az eredeti Syprin EF1 motortiszt\u00edt\u00f3 elt\u00e1vol\u00edtja a makacs lerak\u00f3d\u00e1sokat \u00e9s megakad\u00e1lyozza az olajvezet\u00e9kek elt\u00f6m\u0151d\u00e9s\u00e9t.<\/span><\/li>\n<\/ul>\n<ul>\n<li class=\"a-spacing-mini\"><span class=\"a-list-item\"> LEGJOBB MEGEL\u0150Z\u00c9S: minimaliz\u00e1lja a korr\u00f3zi\u00f3t \u00e9s v\u00e9di a motort a kop\u00e1st\u00f3l.<\/span><\/li>\n<\/ul>\n<ul>\n<li class=\"a-spacing-mini\"><span class=\"a-list-item\">N\u00c9METORSZ\u00c1GBAN GY\u00c1RTOTT: Az eredeti Syprin motor\u00f6bl\u00edt\u0151 teljes eg\u00e9sz\u00e9ben N\u00e9metorsz\u00e1gban k\u00e9sz\u00fcl.<\/span><\/li>\n<\/ul>\n","protected":false},"featured_media":7277,"comment_status":"open","ping_status":"closed","template":"","meta":{"wds_primary_product_brand":0,"wds_primary_product_cat":0},"product_brand":[],"product_cat":[348,349],"product_tag":[],"class_list":{"0":"post-7539","1":"product","2":"type-product","3":"status-publish","4":"has-post-thumbnail","6":"product_cat-benzin","7":"product_cat-dizel","9":"first","10":"instock","11":"taxable","12":"shipping-taxable","13":"purchasable","14":"product-type-simple"},"_links":{"self":[{"href":"https:\/\/syprin.de\/hu\/wp-json\/wp\/v2\/product\/7539","targetHints":{"allow":["GET"]}}],"collection":[{"href":"https:\/\/syprin.de\/hu\/wp-json\/wp\/v2\/product"}],"about":[{"href":"https:\/\/syprin.de\/hu\/wp-json\/wp\/v2\/types\/product"}],"replies":[{"embeddable":true,"href":"https:\/\/syprin.de\/hu\/wp-json\/wp\/v2\/comments?post=7539"}],"wp:featuredmedia":[{"embeddable":true,"href":"https:\/\/syprin.de\/hu\/wp-json\/wp\/v2\/media\/7277"}],"wp:attachment":[{"href":"https:\/\/syprin.de\/hu\/wp-json\/wp\/v2\/media?parent=7539"}],"wp:term":[{"taxonomy":"product_brand","embeddable":true,"href":"https:\/\/syprin.de\/hu\/wp-json\/wp\/v2\/product_brand?post=7539"},{"taxonomy":"product_cat","embeddable":true,"href":"https:\/\/syprin.de\/hu\/wp-json\/wp\/v2\/product_cat?post=7539"},{"taxonomy":"product_tag","embeddable":true,"href":"https:\/\/syprin.de\/hu\/wp-json\/wp\/v2\/product_tag?post=7539"}],"curies":[{"name":"wp","href":"https:\/\/api.w.org\/{rel}","templated":true}]}}