{"id":7497,"date":"2018-02-14T10:09:37","date_gmt":"2018-02-14T10:09:37","guid":{"rendered":"https:\/\/syprin.de\/?post_type=product&#038;p=7497"},"modified":"2026-04-30T17:32:40","modified_gmt":"2026-04-30T15:32:40","slug":"original-syprin-dizel-mentodoboz","status":"publish","type":"product","link":"https:\/\/syprin.de\/hu\/produkt\/original-syprin-dizel-mentodoboz\/","title":{"rendered":"ORIGINAL SYPRIN D\u00edzel ment\u0151doboz"},"content":{"rendered":"<div class=\"wpb-content-wrapper\"><p>[vc_row][vc_column][vc_column_text css=&#8221;&#8221;]<\/p>\n<div class=\"row\">\n<div class=\"large-12 columns margin-bottom-10\">\n<div>\n<h3><strong>ORIGINAL SYPRIN D\u00edzel ment\u0151doboz<\/strong><\/h3>\n<p><strong>A SYPRIN d\u00edzelbefecskendez\u0151 \u00e9s rendszertiszt\u00edt\u00f3 egy<\/strong> rendk\u00edv\u00fcl hat\u00e9kony tiszt\u00edt\u00f3 adal\u00e9kanyag a d\u00edzelmotorok \u00fczemanyagrendszer\u00e9ben tal\u00e1lhat\u00f3 probl\u00e9m\u00e1s lerak\u00f3d\u00e1sok gyors \u00e9s k\u00f6lts\u00e9ghat\u00e9kony elt\u00e1vol\u00edt\u00e1s\u00e1ra. A tiszt\u00edt\u00f3szer optim\u00e1lis korr\u00f3zi\u00f3v\u00e9delmet biztos\u00edt \u00e9s jav\u00edtja a gy\u00fajt\u00e1s min\u0151s\u00e9g\u00e9t.<\/p>\n<p><strong>A SYPRIN d\u00edzel\u00e1pol\u00f3 adal\u00e9kanyag egy<\/strong> kifinomult adal\u00e9kanyag-formula, amely a motor \u00e9s a befecskendez\u0151k v\u00e9delm\u00e9vel \u00e9s karbantart\u00e1s\u00e1val cs\u00f6kkenti az \u00fczemanyag-fogyaszt\u00e1st, a korom- \u00e9s szennyez\u0151anyag-kibocs\u00e1t\u00e1st, sim\u00e1bb motorm\u0171k\u00f6d\u00e9st biztos\u00edt, \u00e9s meghosszabb\u00edtja a d\u00edzelmotor \u00e9lettartam\u00e1t. Jav\u00edtja a d\u00edzel\u00fczemanyag ken\u00e9si tulajdons\u00e1gait is.<\/p>\n<h3><strong>Mi van benne??<\/strong><\/h3>\n<p>1x ORIGINAL SYPRIN D\u00edzel befecskendez\u0151 \u00e9s rendszertiszt\u00edt\u00f3 (500 ml)<\/p>\n<\/div>\n<div>1x ORIGINAL SYPRIN D\u00edzelmotor-befecskendez\u0151 rendszer karbantart\u00e1si adal\u00e9kanyag (250 ml)<\/div>\n<h3>Alkalmaz\u00e1s<\/h3>\n<div>\n<ol>\n<li><strong>D\u00edzeltiszt\u00edt\u00f3<\/strong>: Tankol\u00e1s el\u0151tt \u00f6ntse a d\u00edzeltiszt\u00edt\u00f3t az \u00fczemanyagtart\u00e1lyba, majd t\u00f6ltse fel a tart\u00e1lyt \u00e9s induljon el. A tiszt\u00edt\u00f3 elt\u00e1vol\u00edtja a lerak\u00f3d\u00e1sokat \u00e9s megtiszt\u00edtja a teljes rendszert.<\/li>\n<li><strong>D\u00edzel karbantart\u00e1si adal\u00e9kanyag<\/strong>: Legk\u00f6zelebbi tankol\u00e1skor \u00f6ntse a karbantart\u00e1si adal\u00e9kanyagot a tart\u00e1lyba, tankoljon, \u00e9s vezessen a szok\u00e1sos m\u00f3don. Az adal\u00e9kanyag v\u00e9di a megtiszt\u00edtott rendszert \u00e9s t\u00e1mogatja a motor hossz\u00fa t\u00e1v\u00fa karbantart\u00e1s\u00e1t.<\/li>\n<li><strong>Adagol\u00e1s<\/strong>: Egy \u00fcveg d\u00edzeltiszt\u00edt\u00f3 vagy d\u00edzel\u00e1pol\u00f3 adal\u00e9k elegend\u0151 ak\u00e1r 80 liter d\u00edzel \u00fczemanyaghoz. Nagyobb tart\u00e1lyok eset\u00e9n a mennyis\u00e9get ennek megfelel\u0151en kell m\u00f3dos\u00edtani.<\/li>\n<\/ol>\n<\/div>\n<div>\n<h3><\/h3>\n<h3>Vesz\u00e9lyes \u00e1rukra vonatkoz\u00f3 inform\u00e1ci\u00f3k<\/h3>\n<p><strong><img decoding=\"async\" data-src=\"https:\/\/syprin.de\/wp-content\/uploads\/2018\/02\/Gesundheitsgefahr_GHS08-7.webp\" width=\"64\" height=\"64\" src=\"data:image\/svg+xml;base64,PHN2ZyB3aWR0aD0iMSIgaGVpZ2h0PSIxIiB4bWxucz0iaHR0cDovL3d3dy53My5vcmcvMjAwMC9zdmciPjwvc3ZnPg==\" class=\"lazyload\" style=\"--smush-placeholder-width: 64px; --smush-placeholder-aspect-ratio: 64\/64;\" \/><\/strong><\/p>\n<p><strong><img decoding=\"async\" class=\"alignnone lazyload\" data-src=\"https:\/\/syprin.de\/wp-content\/uploads\/2026\/01\/Gewaessergefaehrdent_GHS09-1.webp\" width=\"64\" height=\"64\" src=\"data:image\/svg+xml;base64,PHN2ZyB3aWR0aD0iMSIgaGVpZ2h0PSIxIiB4bWxucz0iaHR0cDovL3d3dy53My5vcmcvMjAwMC9zdmciPjwvc3ZnPg==\" style=\"--smush-placeholder-width: 64px; --smush-placeholder-aspect-ratio: 64\/64;\" \/><\/strong><\/p>\n<h4>Vesz\u00e9lyre vonatkoz\u00f3 figyelmeztet\u00e9sek<\/h4>\n<p>H304 Lenyel\u00e9s eset\u00e9n \u00e9s a l\u00e9gutakba ker\u00fclve hal\u00e1los lehet..<\/p>\n<\/div>\n<h4>Biztons\u00e1gi utas\u00edt\u00e1sok<\/h4>\n<p>P101 Orvosi tan\u00e1csad\u00e1s eset\u00e9n tartsa k\u00e9zn\u00e9l a term\u00e9k ed\u00e9ny\u00e9t vagy c\u00edmk\u00e9j\u00e9t.<br \/>\nP102 Gyermekekt\u0151l elz\u00e1rva tartand\u00f3.<br \/>\nP301+P310 LENYEL\u00c9S ESET\u00c9N: Azonnal h\u00edvjon M\u00c9RGEZ\u0150K\u00d6ZPONTOT\/orvost.<br \/>\nP331 NE h\u00e1nytasson.<br \/>\nP405 Tartsa z\u00e1rva.<br \/>\nP501 A tartalom\/ed\u00e9ny \u00e1rtalmatlan\u00edt\u00e1sa enged\u00e9lyezett hullad\u00e9kkezel\u0151 telepen.<br \/>\nEUH066 Az ism\u00e9telt \u00e9rintkez\u00e9s sz\u00e1raz vagy repedezett b\u0151rt okozhat.<\/p>\n<p>Term\u00e9k EAN-sz\u00e1ma 4262378930181<\/p>\n<h3 class=\"a-section a-spacing-none\">Gy\u00e1rt\u00f3i inform\u00e1ci\u00f3k<\/h3>\n<div class=\"a-section a-spacing-none\">\n<p><strong>N\u00e9v:<\/strong> OS Motorsystem GmbH &amp; Co. KG<br \/>\n<strong>C\u00edm:<\/strong> Blumenweg 20a D-09224 Chemnitz<br \/>\n<strong>E-Mail:<\/strong> info@syprin.de<br \/>\n<strong>Weboldal:<\/strong> <a href=\"https:\/\/syprin.de\/hu\/\" target=\"_blank\" rel=\"noopener\">https:\/\/syprin.de\/<\/a><br \/>\n<strong>Eur\u00f3pai gy\u00e1rt\u00f3:<\/strong> Igen<\/p>\n<\/div>\n<\/div>\n<\/div>\n<p>[\/vc_column_text][\/vc_column][\/vc_row]<\/p>\n<\/div>","protected":false},"excerpt":{"rendered":"<h3><strong>ORIGINAL SYPRIN D\u00edzel ment\u0151doboz<\/strong><\/h3>\n<p><strong>A SYPRIN d\u00edzelbefecskendez\u0151 \u00e9s rendszertiszt\u00edt\u00f3<\/strong> egy rendk\u00edv\u00fcl hat\u00e9kony tiszt\u00edt\u00f3 adal\u00e9kanyag a d\u00edzelmotorok \u00fczemanyagrendszer\u00e9ben tal\u00e1lhat\u00f3 probl\u00e9m\u00e1s lerak\u00f3d\u00e1sok gyors \u00e9s k\u00f6lts\u00e9ghat\u00e9kony elt\u00e1vol\u00edt\u00e1s\u00e1ra. A tiszt\u00edt\u00f3szer optim\u00e1lis korr\u00f3zi\u00f3v\u00e9delmet biztos\u00edt \u00e9s jav\u00edtja a gy\u00fajt\u00e1s min\u0151s\u00e9g\u00e9t.<\/p>\n<p><strong>A SYPRIN d\u00edzel\u00e1pol\u00f3 adal\u00e9kanyag<\/strong> egy kifinomult adal\u00e9kanyag-formula, amely a motor \u00e9s a befecskendez\u0151k v\u00e9delm\u00e9vel \u00e9s karbantart\u00e1s\u00e1val cs\u00f6kkenti az \u00fczemanyag-fogyaszt\u00e1st, a korom- \u00e9s szennyez\u0151anyag-kibocs\u00e1t\u00e1st, sim\u00e1bb motorm\u0171k\u00f6d\u00e9st biztos\u00edt, \u00e9s meghosszabb\u00edtja a d\u00edzelmotor \u00e9lettartam\u00e1t. Jav\u00edtja a d\u00edzel\u00fczemanyag ken\u00e9si tulajdons\u00e1gait is.<\/p>\n<h3>Term\u00e9kjellemz\u0151k<\/h3>\n<ul>\n<li><strong>Nagy teljes\u00edtm\u00e9ny\u0171 d\u00edzel adal\u00e9kanyag:<\/strong> A teljes d\u00edzel \u00fczemanyagrendszer tiszt\u00edt\u00e1s\u00e1ra \u00e9s v\u00e9delm\u00e9re tervezt\u00e9k.<\/li>\n<\/ul>\n<ul>\n<li><strong>Befecskendez\u0151k \u00e9s motor tiszt\u00edt\u00e1sa:<\/strong> Elt\u00e1vol\u00edtja a k\u00e1ros lerak\u00f3d\u00e1sokat a befecskendez\u0151kb\u0151l, szelepekb\u0151l \u00e9s az \u00e9g\u00e9st\u00e9rb\u0151l.<\/li>\n<\/ul>\n<ul>\n<li><strong>Fokozott \u00e9g\u00e9shat\u00e9konys\u00e1g:<\/strong> Optimaliz\u00e1lja az \u00fczemanyag porlaszt\u00e1s\u00e1t a jobb motorteljes\u00edtm\u00e9ny \u00e9rdek\u00e9ben.<\/li>\n<\/ul>\n<ul>\n<li><strong>Korr\u00f3zi\u00f3 \u00e9s kop\u00e1s elleni v\u00e9delem:<\/strong> Korr\u00f3zi\u00f3g\u00e1tl\u00f3kat \u00e9s ken\u0151anyagokat tartalmaz az \u00e9lettartam meghosszabb\u00edt\u00e1sa \u00e9rdek\u00e9ben.<\/li>\n<\/ul>\n<ul>\n<li><strong>Cs\u00f6kkenti a k\u00e1rosanyag-kibocs\u00e1t\u00e1st:<\/strong> A hat\u00e9konyabb \u00fczemanyag-\u00e9get\u00e9s r\u00e9v\u00e9n cs\u00f6kkenti a k\u00e1ros kipufog\u00f3g\u00e1zok kibocs\u00e1t\u00e1s\u00e1t.<\/li>\n<\/ul>\n<ul>\n<li><strong>Minden d\u00edzelmotorral kompatibilis:<\/strong> Alkalmas modern \u00e9s r\u00e9gebbi d\u00edzelmotorokhoz, bele\u00e9rtve a k\u00f6z\u00f6s nyom\u00f3cs\u00f6ves \u00e9s a k\u00f6zvetlen befecskendez\u00e9ses rendszereket is.<\/li>\n<\/ul>\n","protected":false},"featured_media":7270,"comment_status":"open","ping_status":"closed","template":"","meta":{"wds_primary_product_brand":0,"wds_primary_product_cat":0},"product_brand":[],"product_cat":[349,352],"product_tag":[],"class_list":{"0":"post-7497","1":"product","2":"type-product","3":"status-publish","4":"has-post-thumbnail","6":"product_cat-dizel","7":"product_cat-tisztitoszer","9":"first","10":"instock","11":"taxable","12":"shipping-taxable","13":"purchasable","14":"product-type-simple"},"_links":{"self":[{"href":"https:\/\/syprin.de\/hu\/wp-json\/wp\/v2\/product\/7497","targetHints":{"allow":["GET"]}}],"collection":[{"href":"https:\/\/syprin.de\/hu\/wp-json\/wp\/v2\/product"}],"about":[{"href":"https:\/\/syprin.de\/hu\/wp-json\/wp\/v2\/types\/product"}],"replies":[{"embeddable":true,"href":"https:\/\/syprin.de\/hu\/wp-json\/wp\/v2\/comments?post=7497"}],"wp:featuredmedia":[{"embeddable":true,"href":"https:\/\/syprin.de\/hu\/wp-json\/wp\/v2\/media\/7270"}],"wp:attachment":[{"href":"https:\/\/syprin.de\/hu\/wp-json\/wp\/v2\/media?parent=7497"}],"wp:term":[{"taxonomy":"product_brand","embeddable":true,"href":"https:\/\/syprin.de\/hu\/wp-json\/wp\/v2\/product_brand?post=7497"},{"taxonomy":"product_cat","embeddable":true,"href":"https:\/\/syprin.de\/hu\/wp-json\/wp\/v2\/product_cat?post=7497"},{"taxonomy":"product_tag","embeddable":true,"href":"https:\/\/syprin.de\/hu\/wp-json\/wp\/v2\/product_tag?post=7497"}],"curies":[{"name":"wp","href":"https:\/\/api.w.org\/{rel}","templated":true}]}}