{"id":7488,"date":"2026-01-07T15:06:21","date_gmt":"2026-01-07T14:06:21","guid":{"rendered":"https:\/\/syprin.de\/?post_type=product&#038;p=7488"},"modified":"2026-04-30T17:32:39","modified_gmt":"2026-04-30T15:32:39","slug":"original-syprin-dizel-fagyallo-professzionalis","status":"publish","type":"product","link":"https:\/\/syprin.de\/hu\/produkt\/original-syprin-dizel-fagyallo-professzionalis\/","title":{"rendered":"ORIGINAL SYPRIN D\u00edzel fagy\u00e1ll\u00f3 professzion\u00e1lis"},"content":{"rendered":"<div class=\"wpb-content-wrapper\"><p>[vc_row][vc_column][vc_column_text css=&#8221;&#8221;]<\/p>\n<h3>ORIGINAL SYPRIN D\u00edzel fagy\u00e1ll\u00f3 professzion\u00e1lis<\/h3>\n<p>Az ORIGINAL SYPRIN Diesel Frost Stop ide\u00e1lis minden j\u00e1ratos nagym\u00e9ret\u0171 d\u00edzelmotorhoz, p\u00e9ld\u00e1ul professzion\u00e1lis \u00e9s \u00e9p\u00edt\u0151ipari g\u00e9pekhez. Ez lehet\u0151v\u00e9 teszi a d\u00edzelmotorok megb\u00edzhat\u00f3 m\u0171k\u00f6d\u00e9s\u00e9t m\u00e9g hideg t\u00e9li k\u00f6r\u00fclm\u00e9nyek k\u00f6z\u00f6tt is, -33\u00b0C-ig. Az ORIGINAL SYPRIN Diesel Frost Stop FS-1000 tiszta \u00e9s k\u00f6nnyen haszn\u00e1lhat\u00f3, \u00e9s k\u00f6zvetlen\u00fcl az \u00fcres vagy r\u00e9szben teli d\u00edzeltart\u00e1lyba is adagolhat\u00f3. Az adal\u00e9kanyagot megel\u0151z\u0151en \u00e9s 0\u00b0C feletti h\u0151m\u00e9rs\u00e9kleten kell hozz\u00e1adni.<\/p>\n<h3>Alkalmaz\u00e1s: Syprin d\u00edzel fagy\u00e1ll\u00f3 adal\u00e9kanyag<\/h3>\n<p>A Syprin d\u00edzel fagy\u00e1ll\u00f3 adal\u00e9kanyag 0 Celsius-fok k\u00fcls\u0151 h\u0151m\u00e9rs\u00e9klet eset\u00e9n azonnal haszn\u00e1lhat\u00f3, \u00e9s -33 Celsius-fokig terjed\u0151 h\u0151m\u00e9rs\u00e9kleten is alkalmas. Az optim\u00e1lis haszn\u00e1lat \u00e9rdek\u00e9ben javasoljuk, hogy el\u0151sz\u00f6r a tart\u00e1lyt a lehet\u0151 leg\u00fcresebbre j\u00e1ratva t\u00f6ltse fel. Egy 300 ml-es doboz Diesel Frost Stop Professional 300 liter d\u00edzel \u00fczemanyaghoz elegend\u0151. A megfelel\u0151 m\u0171k\u00f6d\u00e9s biztos\u00edt\u00e1sa \u00e9rdek\u00e9ben a kever\u00e9si ar\u00e1nyt (1:1000) mindig be kell tartani. Egyszer\u0171en adjon hozz\u00e1 ORIGINAL SYPRIN Frost Stop-ot a k\u00f6vetkez\u0151 tankol\u00e1shoz. A d\u00edzel fagy\u00e1ll\u00f3 automatikusan m\u0171k\u00f6dik vezet\u00e9s k\u00f6zben, \u00e9s pozit\u00edv hat\u00e1ssal van a j\u00e1rm\u0171 teljes\u00edtm\u00e9ny\u00e9re.<\/p>\n<p>&nbsp;<\/p>\n<h3>Vesz\u00e9lyes \u00e1rukra vonatkoz\u00f3 inform\u00e1ci\u00f3k Eredeti Syprin Diesel fagy\u00e1ll\u00f3<\/h3>\n<div><img decoding=\"async\" data-src=\"https:\/\/syprin.de\/wp-content\/uploads\/2018\/02\/Gesundheitsgefahr_GHS08-7.webp\" width=\"64\" height=\"64\" src=\"data:image\/svg+xml;base64,PHN2ZyB3aWR0aD0iMSIgaGVpZ2h0PSIxIiB4bWxucz0iaHR0cDovL3d3dy53My5vcmcvMjAwMC9zdmciPjwvc3ZnPg==\" class=\"lazyload\" style=\"--smush-placeholder-width: 64px; --smush-placeholder-aspect-ratio: 64\/64;\" \/><\/div>\n<p><strong><br \/>\nVesz\u00e9lyre vonatkoz\u00f3 figyelmeztet\u00e9sek<\/strong>:<br \/>\nH304 Lenyel\u00e9s eset\u00e9n \u00e9s a l\u00e9gutakba ker\u00fclve hal\u00e1los lehet..<br \/>\nH412 \u00c1rtalmas a v\u00edzi \u00e9l\u0151vil\u00e1gra, hosszan tart\u00f3 k\u00e1rosod\u00e1st okoz.<\/p>\n<p><strong>Biztons\u00e1gi utas\u00edt\u00e1sok:<br \/>\n<\/strong>P101 Orvosi tan\u00e1csad\u00e1s eset\u00e9n tartsa k\u00e9zn\u00e9l a term\u00e9k ed\u00e9ny\u00e9t vagy c\u00edmk\u00e9j\u00e9t. P102 Gyermekekt\u0151l elz\u00e1rva tartand\u00f3.<br \/>\nP273 Ker\u00fclje a k\u00f6rnyezetbe val\u00f3 kibocs\u00e1t\u00e1st.<br \/>\nP301 + P310 Lenyel\u00e9s eset\u00e9n: Azonnal h\u00edvja a M\u00e9rgez\u00e9s-inform\u00e1ci\u00f3s K\u00f6zpontot vagy orvost.<br \/>\nP331 Ne h\u00e1nytasson.<br \/>\nP405 Tartsa z\u00e1rva.<br \/>\nP501 A tartalom\/ed\u00e9ny \u00e1rtalmatlan\u00edt\u00e1sa enged\u00e9lyezett hullad\u00e9kkezel\u0151 telepen.<br \/>\nEUH066 Az ism\u00e9telt \u00e9rintkez\u00e9s sz\u00e1raz vagy repedezett b\u0151rt okozhat.<\/p>\n<h3 class=\"a-section a-spacing-none\">Gy\u00e1rt\u00f3i inform\u00e1ci\u00f3k<\/h3>\n<div class=\"a-section a-spacing-none\">\n<p><strong>N\u00e9v:<\/strong> OS Motorsystem GmbH &amp; Co. KG<br \/>\n<strong>C\u00edm:<\/strong> Blumenweg 20a D-09224 Chemnitz<br \/>\n<strong>E-Mail:<\/strong> info@syprin.de<br \/>\n<strong>Weboldal:<\/strong> <a href=\"https:\/\/syprin.de\/hu\/\" target=\"_blank\" rel=\"noopener\">https:\/\/syprin.de\/<\/a><br \/>\n<strong>Eur\u00f3pai gy\u00e1rt\u00f3:<\/strong> Igen<\/p>\n<\/div>\n<p>[\/vc_column_text][\/vc_column][\/vc_row]<\/p>\n<\/div>","protected":false},"excerpt":{"rendered":"<h3>ORIGINAL SYPRIN D\u00edzel Fagy\u00e1ll\u00f3 Professzion\u00e1lis<\/h3>\n<p>Az ORIGINAL SYPRIN Diesel Frost Stop ide\u00e1lis minden j\u00e1ratos nagym\u00e9ret\u0171 d\u00edzelmotorhoz, p\u00e9ld\u00e1ul professzion\u00e1lis \u00e9s \u00e9p\u00edt\u0151ipari g\u00e9pekhez. Ez lehet\u0151v\u00e9 teszi a d\u00edzelmotorok megb\u00edzhat\u00f3 m\u0171k\u00f6d\u00e9s\u00e9t m\u00e9g hideg t\u00e9li k\u00f6r\u00fclm\u00e9nyek k\u00f6z\u00f6tt is, -33\u00b0C-ig. Az ORIGINAL SYPRIN Diesel Frost Stop FS-1000 tiszta \u00e9s k\u00f6nnyen haszn\u00e1lhat\u00f3, \u00e9s k\u00f6zvetlen\u00fcl az \u00fcres vagy r\u00e9szben teli d\u00edzeltart\u00e1lyba is adagolhat\u00f3. Az adal\u00e9kanyagot megel\u0151z\u0151en \u00e9s 0\u00b0C feletti h\u0151m\u00e9rs\u00e9kleten kell hozz\u00e1adni.<\/p>\n<h3>Alkalmaz\u00e1s: Syprin d\u00edzel fagy\u00e1ll\u00f3 adal\u00e9kanyag<\/h3>\n<p>Amint a k\u00fcls\u0151 h\u0151m\u00e9rs\u00e9klet el\u00e9ri a 0 Celsius fokot, a Syprin d\u00edzel fagy\u00e1ll\u00f3 adal\u00e9k haszn\u00e1lhat\u00f3, \u00e9s -33 Celsius fokig terjed\u0151 h\u0151m\u00e9rs\u00e9kleten is alkalmas. Az optim\u00e1lis haszn\u00e1lat \u00e9rdek\u00e9ben azt javasoljuk, hogy el\u0151sz\u00f6r a lehet\u0151 leg\u00fcresebbre j\u00e1ratja a tart\u00e1lyt. Egy 300 ml-es Diesel Frost Stop Professional doboz tartalma elegend\u0151 300 liter d\u00edzel \u00fczemanyaghoz. A kever\u00e9si ar\u00e1nyt (1:1000) mindig be kell tartani a megfelel\u0151 m\u0171k\u00f6d\u00e9s biztos\u00edt\u00e1sa \u00e9rdek\u00e9ben. Egyszer\u0171en adja hozz\u00e1 az ORIGINAL SYPRIN Frost Stopot a k\u00f6vetkez\u0151 tankol\u00e1shoz. A d\u00edzel fagy\u00e1ll\u00f3 vezet\u00e9s k\u00f6zben automatikusan m\u0171k\u00f6dik, \u00e9s pozit\u00edv hat\u00e1ssal van a j\u00e1rm\u0171 \u00e1ltal\u00e1nos teljes\u00edtm\u00e9ny\u00e9re.<\/p>\n","protected":false},"featured_media":7274,"comment_status":"open","ping_status":"closed","template":"","meta":{"wds_primary_product_brand":0,"wds_primary_product_cat":0},"product_brand":[],"product_cat":[349],"product_tag":[],"class_list":{"0":"post-7488","1":"product","2":"type-product","3":"status-publish","4":"has-post-thumbnail","6":"product_cat-dizel","8":"first","9":"instock","10":"taxable","11":"shipping-taxable","12":"purchasable","13":"product-type-simple"},"_links":{"self":[{"href":"https:\/\/syprin.de\/hu\/wp-json\/wp\/v2\/product\/7488","targetHints":{"allow":["GET"]}}],"collection":[{"href":"https:\/\/syprin.de\/hu\/wp-json\/wp\/v2\/product"}],"about":[{"href":"https:\/\/syprin.de\/hu\/wp-json\/wp\/v2\/types\/product"}],"replies":[{"embeddable":true,"href":"https:\/\/syprin.de\/hu\/wp-json\/wp\/v2\/comments?post=7488"}],"wp:featuredmedia":[{"embeddable":true,"href":"https:\/\/syprin.de\/hu\/wp-json\/wp\/v2\/media\/7274"}],"wp:attachment":[{"href":"https:\/\/syprin.de\/hu\/wp-json\/wp\/v2\/media?parent=7488"}],"wp:term":[{"taxonomy":"product_brand","embeddable":true,"href":"https:\/\/syprin.de\/hu\/wp-json\/wp\/v2\/product_brand?post=7488"},{"taxonomy":"product_cat","embeddable":true,"href":"https:\/\/syprin.de\/hu\/wp-json\/wp\/v2\/product_cat?post=7488"},{"taxonomy":"product_tag","embeddable":true,"href":"https:\/\/syprin.de\/hu\/wp-json\/wp\/v2\/product_tag?post=7488"}],"curies":[{"name":"wp","href":"https:\/\/api.w.org\/{rel}","templated":true}]}}