{"id":7476,"date":"2026-01-07T15:18:49","date_gmt":"2026-01-07T14:18:49","guid":{"rendered":"https:\/\/syprin.de\/?post_type=product&#038;p=7476"},"modified":"2026-04-30T17:32:39","modified_gmt":"2026-04-30T15:32:39","slug":"original-syprin-dizel-adalekanyag","status":"publish","type":"product","link":"https:\/\/syprin.de\/hu\/produkt\/original-syprin-dizel-adalekanyag\/","title":{"rendered":"ORIGINAL SYPRIN D\u00edzel adal\u00e9kanyag"},"content":{"rendered":"<div class=\"wpb-content-wrapper\"><p>[vc_row][vc_column][vc_column_text css=&#8221;&#8221;]<\/p>\n<h3><span style=\"vertical-align: inherit;\"><span style=\"vertical-align: inherit;\"><span style=\"vertical-align: inherit;\"><span style=\"vertical-align: inherit;\"><span style=\"vertical-align: inherit;\"><span style=\"vertical-align: inherit;\">ORIGINAL SYPRIN D\u00edzel adal\u00e9kanyag<\/span><\/span><\/span><\/span><\/span><\/span><\/h3>\n<p>A SYPRIN d\u00edzelmotor- \u00e9s befecskendez\u0151\u00e1pol\u00f3 adal\u00e9k egy rendk\u00edv\u00fcl fejlett adal\u00e9kformula, amely v\u00e9di \u00e9s karbantartja a motort \u00e9s a befecskendez\u0151ket, ami alacsonyabb \u00fczemanyag-fogyaszt\u00e1st, kevesebb korom- \u00e9s szennyez\u0151anyag-lerak\u00f3d\u00e1st, sim\u00e1bb motorm\u0171k\u00f6d\u00e9st \u00e9s hosszabb d\u00edzelmotor-\u00e9lettartamot eredm\u00e9nyez. Jav\u00edtja a d\u00edzel\u00fczemanyag ken\u00e9si tulajdons\u00e1gait is.<\/p>\n<h3>Kompatibilit\u00e1s<\/h3>\n<p>A SYPRIN d\u00edzelmotor- \u00e9s befecskendez\u0151\u00e1pol\u00f3 adal\u00e9k minden d\u00edzelmotorhoz alkalmas, r\u00e9szecskesz\u0171r\u0151vel \u00e9s an\u00e9lk\u00fcl. Megel\u0151z\u0151 haszn\u00e1latra vagy hibaelh\u00e1r\u00edt\u00e1sra. Turb\u00f3tesztelt. K\u00f6zvetlen\u00fcl az \u00fczemanyagtart\u00e1lyba adagolhat\u00f3. Teljesen kompatibilis az \u00f6sszes szok\u00e1sos d\u00edzel- \u00e9s biod\u00edzel \u00fczemanyaggal. Az optim\u00e1lis eredm\u00e9ny 250 ml 50 l \u00fczemanyaghoz kever\u00e9si ar\u00e1ny eset\u00e9n \u00e9rhet\u0151 el.<\/p>\n<p>&nbsp;<\/p>\n<div><strong>Vesz\u00e9lyes \u00e1rukra vonatkoz\u00f3 inform\u00e1ci\u00f3k Eredeti Syprin d\u00edzelmotor- \u00e9s befecskendez\u0151\u00e1pol\u00f3 adal\u00e9kanyag Vesz\u00e9ly<\/strong><\/div>\n<div><img decoding=\"async\" data-src=\"https:\/\/syprin.de\/wp-content\/uploads\/2018\/02\/Gesundheitsgefahr_GHS08-7.webp\" width=\"64\" height=\"64\" src=\"data:image\/svg+xml;base64,PHN2ZyB3aWR0aD0iMSIgaGVpZ2h0PSIxIiB4bWxucz0iaHR0cDovL3d3dy53My5vcmcvMjAwMC9zdmciPjwvc3ZnPg==\" class=\"lazyload\" style=\"--smush-placeholder-width: 64px; --smush-placeholder-aspect-ratio: 64\/64;\" \/><br \/>\n<strong><br \/>\nVesz\u00e9lyre vonatkoz\u00f3 figyelmeztet\u00e9sek<\/strong> :<\/div>\n<p>H304 Lenyel\u00e9s eset\u00e9n hal\u00e1los kimenetel\u0171 lehet, ha a l\u00e9gutakban folyamatosan figyelik.<\/p>\n<p><strong>Biztons\u00e1gi utas\u00edt\u00e1sok<\/strong> :<br \/>\nP101\u00a0Lenyel\u00e9s eset\u00e9n \u00e9s a l\u00e9gutakba ker\u00fclve hal\u00e1los lehet.<strong><br \/>\n<\/strong>P102 Gyermekekt\u0151l elz\u00e1rva tartand\u00f3.<br \/>\nP301+P310 LENYEL\u00c9S ESET\u00c9N: Azonnal h\u00edvjon M\u00e9rgez\u00e9s-inform\u00e1ci\u00f3s K\u00f6zpontot vagy orvost.<br \/>\nP331 Ne h\u00e1nytasson.<br \/>\nP405 Tartsa z\u00e1rva.<br \/>\nP501 A tartalom\/ed\u00e9ny \u00e1rtalmatlan\u00edt\u00e1sa enged\u00e9lyezett hullad\u00e9kkezel\u0151 telepen.<br \/>\nEUH066 Az ism\u00e9telt \u00e9rintkez\u00e9s sz\u00e1raz vagy repedezett b\u0151rt okozhat.<\/p>\n<h3 class=\"a-section a-spacing-none\">Gy\u00e1rt\u00f3i inform\u00e1ci\u00f3k<\/h3>\n<div class=\"a-section a-spacing-none\">\n<p><strong>N\u00e9v:<\/strong> OS Motorsystem GmbH &amp; Co. KG<br \/>\n<strong>C\u00edm:<\/strong> Blumenweg 20a D-09224 Chemnitz<br \/>\n<strong>E-Mail:<\/strong> info@syprin.de<br \/>\n<strong>Weboldal:<\/strong> <a href=\"https:\/\/syprin.de\/hu\/\" target=\"_blank\" rel=\"noopener\">https:\/\/syprin.de\/<\/a><br \/>\n<strong>Eur\u00f3pai gy\u00e1rt\u00f3:<\/strong> Igen<\/p>\n<\/div>\n<p>[\/vc_column_text][\/vc_column][\/vc_row]<\/p>\n<\/div>","protected":false},"excerpt":{"rendered":"<h3>ORIGINAL SYPRIN D\u00edzel adal\u00e9kanyag<\/h3>\n<p>A SYPRIN d\u00edzelmotor- \u00e9s befecskendez\u0151\u00e1pol\u00f3 adal\u00e9k egy rendk\u00edv\u00fcl fejlett adal\u00e9kformula, amely v\u00e9di \u00e9s karbantartja a motort \u00e9s a befecskendez\u0151ket, ami alacsonyabb \u00fczemanyag-fogyaszt\u00e1st, kevesebb korom- \u00e9s szennyez\u0151anyag-lerak\u00f3d\u00e1st, sim\u00e1bb motorm\u0171k\u00f6d\u00e9st \u00e9s hosszabb d\u00edzelmotor-\u00e9lettartamot eredm\u00e9nyez. Jav\u00edtja a d\u00edzel\u00fczemanyag ken\u00e9si tulajdons\u00e1gait is.<\/p>\n<h3>Az \u00edg\u00e9ret\u00fcnk:<\/h3>\n<ul>\n<li>A d\u00edzelrendszer-tiszt\u00edt\u00f3k \u00e9s adal\u00e9kanyagok hat\u00e9konys\u00e1ga f\u00fcggetlen tesztekkel bizony\u00edtott.<\/li>\n<\/ul>\n<ul>\n<li>N\u00e9metorsz\u00e1gban tervezt\u00e9k \u00e9s gy\u00e1rtott\u00e1k, k\u00f6zvetlen\u00fcl a gy\u00e1rt\u00f3t\u00f3l sz\u00e1ll\u00edtj\u00e1k. K\u00f6nny\u0171 \u00e1rtalmatlan\u00edt\u00e1s.<\/li>\n<\/ul>\n<ul>\n<li>Igazi \u00e1pol\u00f3balzsam d\u00edzelmotoroknak. Jelenleg a fejlett \u00e1pol\u00f3m\u00e1trixunkba integr\u00e1lva, d\u00edzelmotorja bel\u00fclr\u0151l kifel\u00e9, szinte automatikusan alaposan megtisztul.<\/li>\n<\/ul>\n<ul>\n<li>Tiszt\u00edtja \u00e9s kezeli a d\u00edzel \u00fczemanyagrendszert, \u00e9s megakad\u00e1lyozza a befecskendez\u0151k, szelepek \u00e9s \u00fczemanyagvezet\u00e9kek kop\u00e1s\u00e1t.<\/li>\n<\/ul>\n","protected":false},"featured_media":7284,"comment_status":"open","ping_status":"closed","template":"","meta":{"wds_primary_product_brand":0,"wds_primary_product_cat":0},"product_brand":[],"product_cat":[349],"product_tag":[],"class_list":{"0":"post-7476","1":"product","2":"type-product","3":"status-publish","4":"has-post-thumbnail","6":"product_cat-dizel","8":"first","9":"instock","10":"taxable","11":"shipping-taxable","12":"purchasable","13":"product-type-simple"},"_links":{"self":[{"href":"https:\/\/syprin.de\/hu\/wp-json\/wp\/v2\/product\/7476","targetHints":{"allow":["GET"]}}],"collection":[{"href":"https:\/\/syprin.de\/hu\/wp-json\/wp\/v2\/product"}],"about":[{"href":"https:\/\/syprin.de\/hu\/wp-json\/wp\/v2\/types\/product"}],"replies":[{"embeddable":true,"href":"https:\/\/syprin.de\/hu\/wp-json\/wp\/v2\/comments?post=7476"}],"wp:featuredmedia":[{"embeddable":true,"href":"https:\/\/syprin.de\/hu\/wp-json\/wp\/v2\/media\/7284"}],"wp:attachment":[{"href":"https:\/\/syprin.de\/hu\/wp-json\/wp\/v2\/media?parent=7476"}],"wp:term":[{"taxonomy":"product_brand","embeddable":true,"href":"https:\/\/syprin.de\/hu\/wp-json\/wp\/v2\/product_brand?post=7476"},{"taxonomy":"product_cat","embeddable":true,"href":"https:\/\/syprin.de\/hu\/wp-json\/wp\/v2\/product_cat?post=7476"},{"taxonomy":"product_tag","embeddable":true,"href":"https:\/\/syprin.de\/hu\/wp-json\/wp\/v2\/product_tag?post=7476"}],"curies":[{"name":"wp","href":"https:\/\/api.w.org\/{rel}","templated":true}]}}