{"id":7459,"date":"2026-01-07T16:01:40","date_gmt":"2026-01-07T15:01:40","guid":{"rendered":"https:\/\/syprin.de\/?post_type=product&#038;p=7459"},"modified":"2026-04-28T11:52:37","modified_gmt":"2026-04-28T09:52:37","slug":"original-syprin-diesel-all-year-set-tisztito-adalek-es-fagyallo","status":"publish","type":"product","link":"https:\/\/syprin.de\/hu\/produkt\/original-syprin-diesel-all-year-set-tisztito-adalek-es-fagyallo\/","title":{"rendered":"ORIGINAL SYPRIN Diesel All-Year Set \u2013 tiszt\u00edt\u00f3 adal\u00e9k \u00e9s fagy\u00e1ll\u00f3"},"content":{"rendered":"<div class=\"wpb-content-wrapper\"><p>[vc_row][vc_column][vc_column_text css=&#8221;&#8221;]<\/p>\n<h3>ORIGINAL SYPRIN Diesel All-Year Set \u2013 tiszt\u00edt\u00f3 adal\u00e9k \u00e9s fagy\u00e1ll\u00f3<\/h3>\n<p>A jav\u00edt\u00e1sok bosszant\u00f3ak, a szervizl\u00e1togat\u00e1sok pedig dr\u00e1g\u00e1k: ez\u00e9rt jobb megel\u0151zni, mint ut\u00f3lag fizetni. A Syprin \u00fczemanyag-rendszer tiszt\u00edt\u00f3szer\u00fcnk v\u00e9di a motort, az injektorokat, a szelepeket \u00e9s az \u00fczemanyag-vezet\u00e9keket a kop\u00e1st\u00f3l, \u00edgy jelent\u0151sen meghosszabb\u00edtja d\u00edzelmotorja \u00e9lettartam\u00e1t \u00e9s cs\u00f6kkenti a szervizl\u00e1togat\u00e1sok sz\u00e1m\u00e1t.<br \/>\nA <strong>SYPRIN d\u00edzel tiszt\u00edt\u00f3 \u00e9s befecskendez\u0151 adal\u00e9kanyag egy<\/strong> fejlett adal\u00e9kanyag-\u00f6sszet\u00e9tel, amely a motor \u00e9s a befecskendez\u0151k v\u00e9delm\u00e9vel \u00e9s \u00e1pol\u00e1s\u00e1val cs\u00f6kkenti az \u00fczemanyag-fogyaszt\u00e1st, a korom- \u00e9s k\u00e1rosanyag-kibocs\u00e1t\u00e1st, biztos\u00edtja a motor csendesebb m\u0171k\u00f6d\u00e9s\u00e9t \u00e9s a d\u00edzelmotor hosszabb \u00e9lettartam\u00e1t. A d\u00edzel\u00fczemanyag ken\u00e9si tulajdons\u00e1gait is jav\u00edtja.<\/p>\n<h3>Mi van benne?<\/h3>\n<p>1x ORIGINAL SYPRIN D\u00edzel-befecskendez\u00e9s \u00e9s rendszer tiszt\u00edt\u00f3 (500 ml)<br \/>\n1x ORIGINAL SYPRIN Adal\u00e9kanyag d\u00edzelmotorokhoz \u00e9s befecskendez\u0151kh\u00f6z (250 ml)<br \/>\n1x ORIGINAL SYPRIN Fagy\u00e1ll\u00f3 200 (300 ml)<\/p>\n<h3>Kompatibilit\u00e1s<\/h3>\n<p>A SYPRIN Rescue Box minden d\u00edzelmotorhoz alkalmas, f\u00fcggetlen\u00fcl att\u00f3l, hogy rendelkezik-e d\u00edzelr\u00e9szecske-sz\u0171r\u0151vel vagy sem. Megel\u0151z\u00e9sre vagy hibaelh\u00e1r\u00edt\u00e1sra. Turb\u00f3tesztelt. K\u00f6zvetlen\u00fcl az \u00fczemanyagtart\u00e1lyba adagoland\u00f3. Teljes m\u00e9rt\u00e9kben kompatibilis minden ismert d\u00edzel- \u00e9s biod\u00edzel-\u00fczemanyaggal.<\/p>\n<p>&nbsp;<\/p>\n<h3>Inform\u00e1ci\u00f3k a vesz\u00e9lyes \u00e1rukr\u00f3l: Original Syprin Diesel Frost Stop + d\u00edzel-adal\u00e9kanyag<\/h3>\n<p><img decoding=\"async\" data-src=\"https:\/\/syprin.de\/wp-content\/uploads\/2018\/02\/Gesundheitsgefahr_GHS08-7.webp\" alt=\"\" width=\"64\" height=\"64\" src=\"data:image\/svg+xml;base64,PHN2ZyB3aWR0aD0iMSIgaGVpZ2h0PSIxIiB4bWxucz0iaHR0cDovL3d3dy53My5vcmcvMjAwMC9zdmciPjwvc3ZnPg==\" class=\"lazyload\" style=\"--smush-placeholder-width: 64px; --smush-placeholder-aspect-ratio: 64\/64;\" \/><\/p>\n<p><strong>Vesz\u00e9lyre figyelmeztet\u0151 jelz\u00e9sek:<\/strong><br \/>\nH304 Lenyel\u00e9s \u00e9s a l\u00e9gutakba jut\u00e1s eset\u00e9n hal\u00e1los kimenetel\u0171 lehet.<\/p>\n<p><strong>Biztons\u00e1gi utas\u00edt\u00e1sok:<\/strong><br \/>\nP101 Ha orvosi tan\u00e1csra van sz\u00fcks\u00e9g, tartsa k\u00e9zn\u00e9l a csomagol\u00e1st vagy a c\u00edmk\u00e9t.<br \/>\nP102 Gyermekekt\u0151l elz\u00e1rva tartand\u00f3.<br \/>\nP301+P310 LENYEL\u00c9S ESET\u00c9N: Azonnal h\u00edvja a m\u00e9rgez\u0151anyag-inform\u00e1ci\u00f3s k\u00f6zpontot vagy orvost.<br \/>\nP331 Ne id\u00e9zzen el\u0151 h\u00e1ny\u00e1st.<br \/>\nP405 Z\u00e1rt helyen t\u00e1roland\u00f3.<br \/>\nP501 A tartalmat \/ tart\u00e1lyt egy enged\u00e9lyezett hullad\u00e9kkezel\u0151 l\u00e9tes\u00edtm\u00e9nybe kell sz\u00e1ll\u00edtani.<br \/>\nEUH066 Az ism\u00e9telt \u00e9rintkez\u00e9s a b\u0151r kisz\u00e1rad\u00e1s\u00e1hoz vagy reped\u00e9s\u00e9hez vezethet.<\/p>\n<h3 class=\"a-section a-spacing-none\">Gy\u00e1rt\u00f3i inform\u00e1ci\u00f3k<\/h3>\n<div class=\"a-section a-spacing-none\">\n<p><strong>N\u00e9v:<\/strong> OS Motorsystem GmbH &amp; Co. KG<br \/>\n<strong>C\u00edm:<\/strong> Blumenweg 20a D-09224 Chemnitz<br \/>\n<strong>E-Mail:<\/strong> info@syprin.de<br \/>\n<strong>Weboldal:<\/strong> <a href=\"https:\/\/syprin.de\/hu\/\" target=\"_blank\" rel=\"noopener\">https:\/\/syprin.de\/<\/a><br \/>\n<strong>Eur\u00f3pai gy\u00e1rt\u00f3:<\/strong> Igen<\/p>\n<\/div>\n<p>[\/vc_column_text][\/vc_column][\/vc_row]<\/p>\n<\/div>","protected":false},"excerpt":{"rendered":"<h3>ORIGINAL SYPRIN Diesel All-Year Set \u2013 tiszt\u00edt\u00f3 adal\u00e9k \u00e9s fagy\u00e1ll\u00f3<\/h3>\n<p>A jav\u00edt\u00e1sok bosszant\u00f3ak, a szervizl\u00e1togat\u00e1sok pedig dr\u00e1g\u00e1k: ez\u00e9rt jobb megel\u0151zni, mint ut\u00f3lag fizetni. A Syprin \u00fczemanyag-rendszer tiszt\u00edt\u00f3szer\u00fcnk v\u00e9di a motort, az injektorokat, a szelepeket \u00e9s az \u00fczemanyag-vezet\u00e9keket a kop\u00e1st\u00f3l, \u00edgy jelent\u0151sen meghosszabb\u00edtja d\u00edzelmotorja \u00e9lettartam\u00e1t \u00e9s cs\u00f6kkenti a szervizl\u00e1togat\u00e1sok sz\u00e1m\u00e1t.<br \/>\nA <strong>SYPRIN d\u00edzel tiszt\u00edt\u00f3 \u00e9s befecskendez\u0151 adal\u00e9kanyag egy<\/strong> fejlett adal\u00e9kanyag-\u00f6sszet\u00e9tel, amely a motor \u00e9s a befecskendez\u0151k v\u00e9delm\u00e9vel \u00e9s \u00e1pol\u00e1s\u00e1val cs\u00f6kkenti az \u00fczemanyag-fogyaszt\u00e1st, a korom- \u00e9s k\u00e1rosanyag-kibocs\u00e1t\u00e1st, biztos\u00edtja a motor sim\u00e1bb m\u0171k\u00f6d\u00e9s\u00e9t \u00e9s meghosszabb\u00edtja a d\u00edzelmotor \u00e9lettartam\u00e1t. A d\u00edzel\u00fczemanyag ken\u00e9si tulajdons\u00e1gait is jav\u00edtja.<\/p>\n<h3>\u00cdg\u00e9ret\u00fcnk:<\/h3>\n<ul>\n<li>A d\u00edzelrendszer-tiszt\u00edt\u00f3k \u00e9s adal\u00e9kanyagok hat\u00e9konys\u00e1ga f\u00fcggetlen tesztekkel bizony\u00edtott.<\/li>\n<\/ul>\n<ul>\n<li>N\u00e9metorsz\u00e1gban tervezt\u00e9k \u00e9s gy\u00e1rtott\u00e1k, k\u00f6zvetlen\u00fcl a gy\u00e1rt\u00f3t\u00f3l sz\u00e1ll\u00edtj\u00e1k. K\u00f6nny\u0171 \u00e1rtalmatlan\u00edt\u00e1s.<\/li>\n<\/ul>\n<ul>\n<li>Igazi \u00e1pol\u00f3balzsam d\u00edzelmotoroknak. Jelenleg a fejlett \u00e1pol\u00f3m\u00e1trixunkba integr\u00e1lva, d\u00edzelmotorja bel\u00fclr\u0151l kifel\u00e9, szinte automatikusan alaposan megtisztul..<\/li>\n<\/ul>\n<ul>\n<li>Tiszt\u00edtja \u00e9s fel\u00fcgyeli a d\u00edzel \u00fczemanyagrendszert, \u00e9s megakad\u00e1lyozza a befecskendez\u0151k, szelepek \u00e9s \u00fczemanyagvezet\u00e9kek kop\u00e1s\u00e1t.<\/li>\n<\/ul>\n<p>Minden d\u00edzelmotorhoz alkalmas r\u00e9szecskesz\u0171r\u0151vel \u00e9s an\u00e9lk\u00fcl. Megel\u0151z\u00e9si vagy jav\u00edt\u00e1si c\u00e9lokra. Turb\u00f3tesztelt. K\u00f6zvetlen\u00fcl az \u00fczemanyagtart\u00e1lyba adagolhat\u00f3. Teljesen kompatibilis az \u00f6sszes hagyom\u00e1nyos d\u00edzel- \u00e9s biod\u00edzel \u00fczemanyaggal.<\/p>\n","protected":false},"featured_media":7291,"comment_status":"open","ping_status":"closed","template":"","meta":{"wds_primary_product_brand":0,"wds_primary_product_cat":0},"product_brand":[],"product_cat":[349,352],"product_tag":[],"class_list":{"0":"post-7459","1":"product","2":"type-product","3":"status-publish","4":"has-post-thumbnail","6":"product_cat-dizel","7":"product_cat-tisztitoszer","9":"first","10":"instock","11":"taxable","12":"shipping-taxable","13":"purchasable","14":"product-type-simple"},"_links":{"self":[{"href":"https:\/\/syprin.de\/hu\/wp-json\/wp\/v2\/product\/7459","targetHints":{"allow":["GET"]}}],"collection":[{"href":"https:\/\/syprin.de\/hu\/wp-json\/wp\/v2\/product"}],"about":[{"href":"https:\/\/syprin.de\/hu\/wp-json\/wp\/v2\/types\/product"}],"replies":[{"embeddable":true,"href":"https:\/\/syprin.de\/hu\/wp-json\/wp\/v2\/comments?post=7459"}],"wp:featuredmedia":[{"embeddable":true,"href":"https:\/\/syprin.de\/hu\/wp-json\/wp\/v2\/media\/7291"}],"wp:attachment":[{"href":"https:\/\/syprin.de\/hu\/wp-json\/wp\/v2\/media?parent=7459"}],"wp:term":[{"taxonomy":"product_brand","embeddable":true,"href":"https:\/\/syprin.de\/hu\/wp-json\/wp\/v2\/product_brand?post=7459"},{"taxonomy":"product_cat","embeddable":true,"href":"https:\/\/syprin.de\/hu\/wp-json\/wp\/v2\/product_cat?post=7459"},{"taxonomy":"product_tag","embeddable":true,"href":"https:\/\/syprin.de\/hu\/wp-json\/wp\/v2\/product_tag?post=7459"}],"curies":[{"name":"wp","href":"https:\/\/api.w.org\/{rel}","templated":true}]}}