{"id":7442,"date":"2026-01-07T16:10:51","date_gmt":"2026-01-07T15:10:51","guid":{"rendered":"https:\/\/syprin.de\/?post_type=product&#038;p=7442"},"modified":"2026-04-30T17:32:39","modified_gmt":"2026-04-30T15:32:39","slug":"syprin-diesel-all-year-set-ajanlat-tisztito-adalek-es-dpf","status":"publish","type":"product","link":"https:\/\/syprin.de\/hu\/produkt\/syprin-diesel-all-year-set-ajanlat-tisztito-adalek-es-dpf\/","title":{"rendered":"SYPRIN Diesel All-Year Set aj\u00e1nlat \u2013 tiszt\u00edt\u00f3 adal\u00e9k \u00e9s DPF"},"content":{"rendered":"<div class=\"wpb-content-wrapper\"><p>[vc_row][vc_column][vc_column_text css=&#8221;&#8221;]<\/p>\n<h3>SYPRIN Diesel All-Year Set aj\u00e1nlat: tiszt\u00edt\u00f3szer, adal\u00e9kanyag \u00e9s DPF<\/h3>\n<h3><strong><span style=\"vertical-align: inherit;\"><span style=\"vertical-align: inherit;\"><span style=\"vertical-align: inherit;\"><span style=\"vertical-align: inherit;\">Mi van benne?<\/span><\/span><\/span><\/span><\/strong><\/h3>\n<div><span style=\"vertical-align: inherit;\"><span style=\"vertical-align: inherit;\"><span style=\"vertical-align: inherit;\"><span style=\"vertical-align: inherit;\">1x ORIGINAL SYPRIN Diesel-befecskendez\u0151 f\u00fav\u00f3k\u00e1k \u00e9s rendszer tiszt\u00edt\u00f3ja (500 ml)<\/span><\/span><\/span><\/span><\/div>\n<div><span style=\"vertical-align: inherit;\"><span style=\"vertical-align: inherit;\"><span style=\"vertical-align: inherit;\"><span style=\"vertical-align: inherit;\">1x ORIGINAL SYPRIN Adal\u00e9kanyag a d\u00edzelmotorok befecskendez\u0151 rendszer\u00e9nek \u00e1pol\u00e1s\u00e1hoz (250 ml)<\/span><\/span><\/span><\/span><\/div>\n<div><span style=\"vertical-align: inherit;\">1x <\/span><span id=\"productTitle\" class=\"a-size-large product-title-word-break\">ORIGINAL SYPRIN DPF d\u00edzel r\u00e9szecskesz\u0171r\u0151 tiszt\u00edt\u00f3szer (300 ml)<\/span><\/div>\n<div><\/div>\n<div>\n<h3>Vesz\u00e9lyes \u00e1rukra vonatkoz\u00f3 inform\u00e1ci\u00f3k<\/h3>\n<div class=\"a-section a-spacing-mini\">\n<p><strong><img decoding=\"async\" data-src=\"https:\/\/syprin.de\/wp-content\/uploads\/2018\/02\/Gesundheitsgefahr_GHS08-7.webp\" width=\"64\" height=\"64\" src=\"data:image\/svg+xml;base64,PHN2ZyB3aWR0aD0iMSIgaGVpZ2h0PSIxIiB4bWxucz0iaHR0cDovL3d3dy53My5vcmcvMjAwMC9zdmciPjwvc3ZnPg==\" class=\"lazyload\" style=\"--smush-placeholder-width: 64px; --smush-placeholder-aspect-ratio: 64\/64;\" \/><\/strong><br \/>\n<strong><img decoding=\"async\" data-src=\"https:\/\/syprin.de\/wp-content\/uploads\/2026\/01\/Gewaessergefaehrdent_GHS09-1.webp\" width=\"64\" height=\"64\" src=\"data:image\/svg+xml;base64,PHN2ZyB3aWR0aD0iMSIgaGVpZ2h0PSIxIiB4bWxucz0iaHR0cDovL3d3dy53My5vcmcvMjAwMC9zdmciPjwvc3ZnPg==\" class=\"lazyload\" style=\"--smush-placeholder-width: 64px; --smush-placeholder-aspect-ratio: 64\/64;\" \/><\/strong><\/p>\n<h4>Vesz\u00e9lyre figyelmeztet\u0151 jelz\u00e9sek<\/h4>\n<\/div>\n<div class=\"a-section a-spacing-mini\">\n<p>H304 Lenyel\u00e9s vagy a l\u00e9gutakba jut\u00e1s eset\u00e9n hal\u00e1los kimenetel\u0171 lehet.<br \/>\nH412 K\u00e1ros a v\u00edzi szervezetekre, hossz\u00fa t\u00e1v\u00fa hat\u00e1ssal.<\/p>\n<\/div>\n<h4 class=\"a-section a-spacing-mini\">Biztons\u00e1gi utas\u00edt\u00e1sok<\/h4>\n<p>EUH066 Az ism\u00e9telt \u00e9rintkez\u00e9s a b\u0151r kisz\u00e1rad\u00e1s\u00e1hoz vagy reped\u00e9s\u00e9hez vezethet.<\/p>\n<h3 class=\"a-section a-spacing-none\">Gy\u00e1rt\u00f3i inform\u00e1ci\u00f3k<\/h3>\n<div class=\"a-section a-spacing-none\">\n<p><strong>N\u00e9v:<\/strong> OS Motorsystem GmbH &amp; Co. KG<br \/>\n<strong>C\u00edm:<\/strong> Blumenweg 20a D-09224 Chemnitz<br \/>\n<strong>E-Mail:<\/strong> info@syprin.de<br \/>\n<strong>Weboldal:<\/strong> <a href=\"https:\/\/syprin.de\/hu\/\" target=\"_blank\" rel=\"noopener\">https:\/\/syprin.de\/<\/a><br \/>\n<strong>Eur\u00f3pai gy\u00e1rt\u00f3:<\/strong> Igen<\/p>\n<\/div>\n<\/div>\n<p>[\/vc_column_text][\/vc_column][\/vc_row]<\/p>\n<\/div>","protected":false},"excerpt":{"rendered":"<h3>Term\u00e9kjellemz\u0151k<\/h3>\n<ul>\n<li><span class=\"a-list-item\"><strong>KIV\u00c1L\u00d3 MOTORTELJES\u00cdTM\u00c9NY<\/strong>: Az eredeti Syprin d\u00edzelrendszer-tiszt\u00edt\u00f3, a DPF- \u00e9s a d\u00edzel-adal\u00e9kanyagok minden d\u00edzelmotor sz\u00e1m\u00e1ra elengedhetetlenek; gyors \u00e9s k\u00f6lts\u00e9ghat\u00e9kony megold\u00e1s a cs\u00facsteljes\u00edtm\u00e9ny helyre\u00e1ll\u00edt\u00e1s\u00e1hoz.\u00a0<\/span><\/li>\n<\/ul>\n<ul>\n<li><strong>Megel\u0151z\u0151 v\u00e9delem<\/strong>: Rendszeres haszn\u00e1latukkal a DPF-tiszt\u00edt\u00f3szerek hozz\u00e1j\u00e1rulhatnak az elt\u00f6m\u0151d\u00e9sek \u00e9s a dr\u00e1ga jav\u00edt\u00e1sok elker\u00fcl\u00e9s\u00e9hez: a lerak\u00f3d\u00e1sokat megel\u0151z\u0151en oldj\u00e1k fel.<\/li>\n<\/ul>\n<ul>\n<li class=\"a-spacing-mini\"><span class=\"a-list-item\"><strong>Teljes\u00edtm\u00e9nyn\u00f6vel\u00e9s<\/strong>: A tiszta DPF biztos\u00edtja a zavartalan kipufog\u00f3g\u00e1z-\u00e1raml\u00e1st, ami jobb motor teljes\u00edtm\u00e9nyt, alacsonyabb \u00fczemanyag-fogyaszt\u00e1st \u00e9s kellemesebb vezet\u00e9si \u00e9lm\u00e9nyt eredm\u00e9nyez. <\/span><\/li>\n<\/ul>\n<ul>\n<li class=\"a-spacing-mini\"><span class=\"a-list-item\"><strong>KIS KOP\u00c1S\u00da MOTOR \u00c9S EREDETI TELJES\u00cdTM\u00c9NY<\/strong>: Az eredeti Syprin d\u00edzel-adal\u00e9kanyag \u00e9s DPF-tiszt\u00edt\u00f3 biztos\u00edtja a motor z\u00f6kken\u0151mentes \u00e9s hat\u00e9kony m\u0171k\u00f6d\u00e9s\u00e9t, valamint v\u00e9di a d\u00edzel-befecskendez\u0151 szivatty\u00fat \u00e9s a befecskendez\u0151 f\u00fav\u00f3k\u00e1kat. <\/span><\/li>\n<\/ul>\n<ul>\n<li class=\"a-spacing-mini\"><strong>Hosszabb \u00e9lettartam \u2013 Kiv\u00e1l\u00f3 min\u0151s\u00e9g<\/strong>: megb\u00edzhat\u00f3s\u00e1g \u00e9s gazdas\u00e1goss\u00e1g a hat\u00e9kony d\u00edzel r\u00e9szecskesz\u0171r\u0151-tiszt\u00edt\u00f3val \u2013 N\u00e9met gy\u00e1rtm\u00e1ny \u2013 gyors, hat\u00e9kony \u00e9s kedvez\u0151 \u00e1r\u00fa<\/li>\n<\/ul>\n","protected":false},"featured_media":7271,"comment_status":"open","ping_status":"closed","template":"","meta":{"wds_primary_product_brand":0,"wds_primary_product_cat":0},"product_brand":[],"product_cat":[349,352],"product_tag":[],"class_list":{"0":"post-7442","1":"product","2":"type-product","3":"status-publish","4":"has-post-thumbnail","6":"product_cat-dizel","7":"product_cat-tisztitoszer","9":"first","10":"instock","11":"taxable","12":"shipping-taxable","13":"purchasable","14":"product-type-simple"},"_links":{"self":[{"href":"https:\/\/syprin.de\/hu\/wp-json\/wp\/v2\/product\/7442","targetHints":{"allow":["GET"]}}],"collection":[{"href":"https:\/\/syprin.de\/hu\/wp-json\/wp\/v2\/product"}],"about":[{"href":"https:\/\/syprin.de\/hu\/wp-json\/wp\/v2\/types\/product"}],"replies":[{"embeddable":true,"href":"https:\/\/syprin.de\/hu\/wp-json\/wp\/v2\/comments?post=7442"}],"wp:featuredmedia":[{"embeddable":true,"href":"https:\/\/syprin.de\/hu\/wp-json\/wp\/v2\/media\/7271"}],"wp:attachment":[{"href":"https:\/\/syprin.de\/hu\/wp-json\/wp\/v2\/media?parent=7442"}],"wp:term":[{"taxonomy":"product_brand","embeddable":true,"href":"https:\/\/syprin.de\/hu\/wp-json\/wp\/v2\/product_brand?post=7442"},{"taxonomy":"product_cat","embeddable":true,"href":"https:\/\/syprin.de\/hu\/wp-json\/wp\/v2\/product_cat?post=7442"},{"taxonomy":"product_tag","embeddable":true,"href":"https:\/\/syprin.de\/hu\/wp-json\/wp\/v2\/product_tag?post=7442"}],"curies":[{"name":"wp","href":"https:\/\/api.w.org\/{rel}","templated":true}]}}