{"id":7431,"date":"2026-01-07T17:12:47","date_gmt":"2026-01-07T16:12:47","guid":{"rendered":"https:\/\/syprin.de\/?post_type=product&#038;p=7431"},"modified":"2026-04-30T17:32:39","modified_gmt":"2026-04-30T15:32:39","slug":"original-syprin-benzin-adalekanyag","status":"publish","type":"product","link":"https:\/\/syprin.de\/hu\/produkt\/original-syprin-benzin-adalekanyag\/","title":{"rendered":"ORIGINAL SYPRIN Benzin-adal\u00e9kanyag"},"content":{"rendered":"<div class=\"wpb-content-wrapper\"><p>[vc_row][vc_column][vc_column_text css=&#8221;&#8221;]<\/p>\n<h3>Az ORIGINAL SYPRIN benzin-adal\u00e9kanyag \u00e1polja a befecskendez\u0151 f\u00fav\u00f3k\u00e1kat \u00e9s a szelepeket, valamint megel\u0151zi a motork\u00e1rosod\u00e1sokat.<\/h3>\n<p>A SYRPIN benzin-befecskendez\u0151 \u00e9s szelep\u00e1pol\u00f3 adal\u00e9kanyag egy nagy teljes\u00edtm\u00e9ny\u0171 hat\u00f3anyag-kombin\u00e1ci\u00f3, amely szelepek \u00e9s befecskendez\u0151 f\u00fav\u00f3k\u00e1k \u00e1pol\u00e1s\u00e1ra szolg\u00e1l sz\u00e9tszerel\u00e9s n\u00e9lk\u00fcl. Ken\u00e9st biztos\u00edt \u00e9s v\u00e9delmet ny\u00fajt a henger teljes fels\u0151 r\u00e9sz\u00e9n, \u00e9s k\u00fcl\u00f6n\u00f6sen alkalmas professzion\u00e1lis m\u0171helyi haszn\u00e1latra, valamint mindenf\u00e9le g\u00e9pj\u00e1rm\u0171-benzinmotorhoz.<\/p>\n<h3>Kompatibilit\u00e1s<\/h3>\n<p>Aj\u00e1nlott minden benzinmotor \u00fczemanyag-rendszer\u00e9hez, p\u00e9ld\u00e1ul karbur\u00e1toros, befecskendez\u00e9ses, k\u00f6zvetlen befecskendez\u00e9ses (GDI, FSI, &#8230;) \u00e9s kataliz\u00e1toros motorokhoz. Rendszeresen, 6 havonta, tankol\u00e1s el\u0151tt adagolja az \u00fczemanyag-rendszerbe. Hat\u00e1sa a j\u00e1rm\u0171 \u00fczemeltet\u00e9se k\u00f6zben \u00e9rv\u00e9nyes\u00fcl. Optim\u00e1lis eredm\u00e9nyt 250 ml\/50 l \u00fczemanyag ar\u00e1ny\u00fa kever\u00e9kkel \u00e9rhet el.<\/p>\n<div>Vesz\u00e9lyes anyaggal kapcsolatos inform\u00e1ci\u00f3k: SYPRIN benzin-adal\u00e9k<\/div>\n<div><\/div>\n<p><img decoding=\"async\" class=\"alignleft lazyload\" data-src=\"https:\/\/syprin.de\/wp-content\/uploads\/2018\/02\/Gesundheitsgefahr_GHS08-7.webp\" width=\"64\" height=\"64\" src=\"data:image\/svg+xml;base64,PHN2ZyB3aWR0aD0iMSIgaGVpZ2h0PSIxIiB4bWxucz0iaHR0cDovL3d3dy53My5vcmcvMjAwMC9zdmciPjwvc3ZnPg==\" style=\"--smush-placeholder-width: 64px; --smush-placeholder-aspect-ratio: 64\/64;\" \/><\/p>\n<p>&nbsp;<\/p>\n<p><strong>Vesz\u00e9lyes anyagokra vonatkoz\u00f3 inform\u00e1ci\u00f3k: Eredeti Syprin benzinmotor- \u00e9s szelep\u00e1pol\u00f3 adal\u00e9k<\/strong><\/p>\n<p><strong>Vesz\u00e9lyre figyelmeztet\u0151 jelz\u00e9sek:<\/strong><br \/>\nH304 Lenyel\u00e9s vagy a l\u00e9gutakba jut\u00e1s eset\u00e9n hal\u00e1los kimenetel\u0171 lehet.<br \/>\nH412 K\u00e1ros a v\u00edzi szervezetekre, hossz\u00fa t\u00e1v\u00fa hat\u00e1ssal.<\/p>\n<p><strong>Biztons\u00e1gi utas\u00edt\u00e1sok:<\/strong><br \/>\nP101 Ha orvosi tan\u00e1csra van sz\u00fcks\u00e9g, tartsa k\u00e9zn\u00e9l a csomagol\u00e1st vagy a c\u00edmk\u00e9t.<br \/>\nP102 Gyermekekt\u0151l elz\u00e1rva tartand\u00f3.<br \/>\nP103 <span dir=\"ltr\" role=\"presentation\">K\u00e9rj\u00fck, figyelmesen olvassa el az \u00f6sszes utas\u00edt\u00e1st, \u00e9s k\u00f6vesse azokat.<\/span><br \/>\nP301+P310 Lenyel\u00e9s eset\u00e9n: azonnal h\u00edvja a m\u00e9rgez\u0151anyag-inform\u00e1ci\u00f3s k\u00f6zpontot vagy orvost.<br \/>\nP331 Ne id\u00e9zzen el\u0151 h\u00e1ny\u00e1st.<br \/>\nP405 Z\u00e1rt helyen t\u00e1roland\u00f3.<br \/>\nP501 A vesz\u00e9lyes hullad\u00e9kok \u00e1rtalmatlan\u00edt\u00e1s\u00e1ra szolg\u00e1l\u00f3 tart\u00e1lyok \/ kont\u00e9nerek elsz\u00e1ll\u00edt\u00e1sa.<\/p>\n<h3 class=\"a-section a-spacing-none\">Gy\u00e1rt\u00f3i inform\u00e1ci\u00f3k<\/h3>\n<div class=\"a-section a-spacing-none\">\n<p><strong>N\u00e9v:<\/strong> OS Motorsystem GmbH &amp; Co. KG<br \/>\n<strong>C\u00edm:<\/strong> Blumenweg 20a D-09224 Chemnitz<br \/>\n<strong>E-Mail:<\/strong> info@syprin.de<br \/>\n<strong>Weboldal:<\/strong> <a href=\"https:\/\/syprin.de\/hu\/\" target=\"_blank\" rel=\"noopener\">https:\/\/syprin.de\/<\/a><br \/>\n<strong>Eur\u00f3pai gy\u00e1rt\u00f3:<\/strong> Igen<\/p>\n<\/div>\n<p>[\/vc_column_text][\/vc_column][\/vc_row]<\/p>\n<\/div>","protected":false},"excerpt":{"rendered":"<h3>Az ORIGINAL SYPRIN benzin-adal\u00e9kanyag \u00e1polja a befecskendez\u0151 f\u00fav\u00f3k\u00e1kat \u00e9s a szelepeket, valamint megel\u0151zi a motork\u00e1rosod\u00e1sokat.<\/h3>\n<p>A SYRPIN benzin-befecskendez\u0151 \u00e9s szelep\u00e1pol\u00f3 adal\u00e9kanyag egy nagy teljes\u00edtm\u00e9ny\u0171 hat\u00f3anyag-kombin\u00e1ci\u00f3, amely szelepek \u00e9s befecskendez\u0151 f\u00fav\u00f3k\u00e1k \u00e1pol\u00e1s\u00e1ra szolg\u00e1l sz\u00e9tszerel\u00e9s n\u00e9lk\u00fcl. Ken\u00e9st biztos\u00edt \u00e9s v\u00e9delmet ny\u00fajt a henger teljes fels\u0151 r\u00e9sz\u00e9n, \u00e9s k\u00fcl\u00f6n\u00f6sen alkalmas professzion\u00e1lis m\u0171helyi haszn\u00e1latra, valamint mindenf\u00e9le g\u00e9pj\u00e1rm\u0171-benzinmotorhoz.<\/p>\n<h3>\u00cdg\u00e9ret\u00fcnk:<\/h3>\n<ul>\n<li>A benzinrendszer-tiszt\u00edt\u00f3k \u00e9s -adal\u00e9kanyagok hat\u00e9konys\u00e1g\u00e1t f\u00fcggetlen tesztek igazolt\u00e1k.<\/li>\n<\/ul>\n<ul>\n<li>N\u00e9metorsz\u00e1gban fejlesztett\u00e9k \u00e9s gy\u00e1rtott\u00e1k, a gy\u00e1rt\u00f3t\u00f3l k\u00f6zvetlen\u00fcl sz\u00e1ll\u00edtj\u00e1k. K\u00f6nnyen \u00e1rtalmatlan\u00edthat\u00f3.<\/li>\n<\/ul>\n<ul>\n<li>Igazi \u00e1pol\u00f3 balzsam a benzinmotorok sz\u00e1m\u00e1ra. A rendk\u00edv\u00fcl prec\u00edz \u00e1pol\u00f3 m\u00e1trixunknak k\u00f6sz\u00f6nhet\u0151en a benzinmotorja szinte mag\u00e1t\u00f3l \u00e1tmos\u00f3dik bel\u00fclr\u0151l.<\/li>\n<\/ul>\n<ul>\n<li>Tiszt\u00edtja \u00e9s \u00e1polja a benzin-\u00fczemanyag-rendszert, valamint megakad\u00e1lyozza az injektorok, szelepek \u00e9s \u00fczemanyag-vezet\u00e9kek kop\u00e1s\u00e1t.<\/li>\n<\/ul>\n<p>Aj\u00e1nlott minden benzinmotor \u00fczemanyag-rendszer\u00e9hez, p\u00e9ld\u00e1ul karbur\u00e1toros, befecskendez\u00e9ses, k\u00f6zvetlen befecskendez\u00e9ses (GDI, FSI &#8230;) motorokhoz, \u00e9s term\u00e9szetesen kataliz\u00e1torral felszerelt motorokhoz is. Rendszeresen, 6 havonta, tankol\u00e1s el\u0151tt adagolja az \u00fczemanyag-rendszerbe. Hat\u00e1sa a vezet\u00e9s sor\u00e1n \u00e9rv\u00e9nyes\u00fcl. Optim\u00e1lis eredm\u00e9nyt 250 ml\/50 l \u00fczemanyag ar\u00e1ny\u00fa kever\u00e9kkel \u00e9rhet el.<\/p>\n","protected":false},"featured_media":7279,"comment_status":"open","ping_status":"closed","template":"","meta":{"wds_primary_product_brand":0,"wds_primary_product_cat":0},"product_brand":[],"product_cat":[348],"product_tag":[],"class_list":{"0":"post-7431","1":"product","2":"type-product","3":"status-publish","4":"has-post-thumbnail","6":"product_cat-benzin","8":"first","9":"instock","10":"taxable","11":"shipping-taxable","12":"purchasable","13":"product-type-simple"},"_links":{"self":[{"href":"https:\/\/syprin.de\/hu\/wp-json\/wp\/v2\/product\/7431","targetHints":{"allow":["GET"]}}],"collection":[{"href":"https:\/\/syprin.de\/hu\/wp-json\/wp\/v2\/product"}],"about":[{"href":"https:\/\/syprin.de\/hu\/wp-json\/wp\/v2\/types\/product"}],"replies":[{"embeddable":true,"href":"https:\/\/syprin.de\/hu\/wp-json\/wp\/v2\/comments?post=7431"}],"wp:featuredmedia":[{"embeddable":true,"href":"https:\/\/syprin.de\/hu\/wp-json\/wp\/v2\/media\/7279"}],"wp:attachment":[{"href":"https:\/\/syprin.de\/hu\/wp-json\/wp\/v2\/media?parent=7431"}],"wp:term":[{"taxonomy":"product_brand","embeddable":true,"href":"https:\/\/syprin.de\/hu\/wp-json\/wp\/v2\/product_brand?post=7431"},{"taxonomy":"product_cat","embeddable":true,"href":"https:\/\/syprin.de\/hu\/wp-json\/wp\/v2\/product_cat?post=7431"},{"taxonomy":"product_tag","embeddable":true,"href":"https:\/\/syprin.de\/hu\/wp-json\/wp\/v2\/product_tag?post=7431"}],"curies":[{"name":"wp","href":"https:\/\/api.w.org\/{rel}","templated":true}]}}