{"id":7415,"date":"2026-01-07T17:45:20","date_gmt":"2026-01-07T16:45:20","guid":{"rendered":"https:\/\/syprin.de\/?post_type=product&#038;p=7415"},"modified":"2026-05-02T17:33:39","modified_gmt":"2026-05-02T15:33:39","slug":"varrogep-olaj","status":"publish","type":"product","link":"https:\/\/syprin.de\/hu\/produkt\/varrogep-olaj\/","title":{"rendered":"Varr\u00f3g\u00e9p-olaj"},"content":{"rendered":"<div class=\"wpb-content-wrapper\"><p>[vc_row][vc_column][vc_column_text css=&#8221;&#8221;]<\/p>\n<h2>ORIGINAL SYPRIN varr\u00f3g\u00e9p-olaj<\/h2>\n<p>Kiv\u00e1l\u00f3 ken\u00e9si tulajdons\u00e1gok: az olaj szobah\u0151m\u00e9rs\u00e9kleten is foly\u00e9kony, \u00e9s behatol a legkisebb r\u00e9sekbe is. Az innovat\u00edv adagol\u00f3hegy lehet\u0151v\u00e9 teszi a legapr\u00f3bb alkatr\u00e9szek prec\u00edz ken\u00e9s\u00e9t. A k\u00e9zre\u00e1ll\u00f3 flakonb\u00f3l a legkisebb mennyis\u00e9gek is k\u00f6nnyen adagolhat\u00f3k. Gyanta- \u00e9s savmentes, n\u00e9met gy\u00e1rtm\u00e1ny, professzion\u00e1lis haszn\u00e1latra tervezve<\/p>\n<h3 class=\"a-section a-spacing-none\">Gy\u00e1rt\u00f3i inform\u00e1ci\u00f3k<\/h3>\n<div class=\"a-section a-spacing-none\">\n<p><strong>N\u00e9v:<\/strong> OS Motorsystem GmbH &amp; Co. KG<br \/>\n<strong>C\u00edm:<\/strong> Blumenweg 20a D-09224 Chemnitz<br \/>\n<strong>E-Mail:<\/strong> info@syprin.de<br \/>\n<strong>Weboldal:<\/strong> <a href=\"https:\/\/syprin.de\/hu\/\" target=\"_blank\" rel=\"noopener\">https:\/\/syprin.de\/<\/a><br \/>\n<strong>Eur\u00f3pai gy\u00e1rt\u00f3:<\/strong> Igen<\/p>\n<\/div>\n<p>[\/vc_column_text][\/vc_column][\/vc_row]<\/p>\n<\/div>","protected":false},"excerpt":{"rendered":"<h2>ORIGINAL SYPRIN Varr\u00f3g\u00e9p-olaj<\/h2>\n<p>Kiv\u00e1l\u00f3 ken\u00e9si tulajdons\u00e1gok: az olaj szobah\u0151m\u00e9rs\u00e9kleten is foly\u00e9kony, \u00e9s behatol a legkisebb r\u00e9sekbe is. Az innovat\u00edv adagol\u00f3hegy lehet\u0151v\u00e9 teszi a legapr\u00f3bb alkatr\u00e9szek prec\u00edz ken\u00e9s\u00e9t. A k\u00e9zre\u00e1ll\u00f3 flakonb\u00f3l a legkisebb mennyis\u00e9gek is k\u00f6nnyen adagolhat\u00f3k. Gyanta- \u00e9s savmentes, n\u00e9met gy\u00e1rtm\u00e1ny, professzion\u00e1lis haszn\u00e1latra tervezve<\/p>\n<h2>\u00cdg\u00e9ret\u00fcnk:<\/h2>\n<ul>\n<li>KIV\u00c1L\u00d3 FOLY\u00c9KONYS\u00c1G: A varr\u00f3g\u00e9p-olaj nagyon foly\u00e9kony, \u00e9s behatol a legkisebb r\u00e9sekbe is | nem okoz elt\u00f6m\u0151d\u00e9st.<\/li>\n<\/ul>\n<ul>\n<li>PREC\u00cdZ ALKALMAZ\u00c1S: A legjobb v\u00e1laszt\u00e1s a szakemberek sz\u00e1m\u00e1ra | az innovat\u00edv adagol\u00f3hegy lehet\u0151v\u00e9 teszi a legkisebb alkatr\u00e9szek prec\u00edz ken\u00e9s\u00e9t | gyanta- \u00e9s savmentes<\/li>\n<\/ul>\n<ul>\n<li>SOKOLDAL\u00da ALKALMAZ\u00c1S: Az eredeti Syprin varr\u00f3g\u00e9p-olaj haszn\u00e1lata z\u00e1rakhoz, varr\u00f3g\u00e9pekhez, ker\u00e9kp\u00e1rokhoz, j\u00e1t\u00e9kvez\u00e9rl\u0151kh\u00f6z, borotvafejekhez, ajt\u00f3khoz, modellez\u00e9shez \u00e9s 3D-nyomtat\u00f3khoz<\/li>\n<\/ul>\n<ul>\n<li>RENDK\u00cdV\u00dcL HAT\u00c9KONY \u00c9S MEGB\u00cdZHAT\u00d3: A k\u00e9zre\u00e1ll\u00f3 flakon a legkisebb mennyis\u00e9geket is adagolja, \u00e9s minden r\u00e9sbe bejut | A finommechanikai alkatr\u00e9szek megb\u00edzhat\u00f3s\u00e1ga garant\u00e1lt<\/li>\n<\/ul>\n<ul>\n<li>PREMIUM MIN\u0150S\u00c9G, N\u00c9METORSZ\u00c1GBAN GY\u00c1RTOTT: A finommechanikai olaj 100%-ban N\u00e9metorsz\u00e1gban k\u00e9sz\u00fclt | varr\u00f3g\u00e9p\u00e9nek professzion\u00e1lis haszn\u00e1lat\u00e1ra tervezt\u00e9k<\/li>\n<\/ul>\n","protected":false},"featured_media":7278,"comment_status":"open","ping_status":"closed","template":"","meta":{"wds_primary_product_brand":0,"wds_primary_product_cat":0},"product_brand":[],"product_cat":[347],"product_tag":[],"class_list":{"0":"post-7415","1":"product","2":"type-product","3":"status-publish","4":"has-post-thumbnail","6":"product_cat-olaj","8":"first","9":"instock","10":"taxable","11":"shipping-taxable","12":"purchasable","13":"product-type-simple"},"_links":{"self":[{"href":"https:\/\/syprin.de\/hu\/wp-json\/wp\/v2\/product\/7415","targetHints":{"allow":["GET"]}}],"collection":[{"href":"https:\/\/syprin.de\/hu\/wp-json\/wp\/v2\/product"}],"about":[{"href":"https:\/\/syprin.de\/hu\/wp-json\/wp\/v2\/types\/product"}],"replies":[{"embeddable":true,"href":"https:\/\/syprin.de\/hu\/wp-json\/wp\/v2\/comments?post=7415"}],"wp:featuredmedia":[{"embeddable":true,"href":"https:\/\/syprin.de\/hu\/wp-json\/wp\/v2\/media\/7278"}],"wp:attachment":[{"href":"https:\/\/syprin.de\/hu\/wp-json\/wp\/v2\/media?parent=7415"}],"wp:term":[{"taxonomy":"product_brand","embeddable":true,"href":"https:\/\/syprin.de\/hu\/wp-json\/wp\/v2\/product_brand?post=7415"},{"taxonomy":"product_cat","embeddable":true,"href":"https:\/\/syprin.de\/hu\/wp-json\/wp\/v2\/product_cat?post=7415"},{"taxonomy":"product_tag","embeddable":true,"href":"https:\/\/syprin.de\/hu\/wp-json\/wp\/v2\/product_tag?post=7415"}],"curies":[{"name":"wp","href":"https:\/\/api.w.org\/{rel}","templated":true}]}}