{"id":7406,"date":"2026-01-07T17:56:36","date_gmt":"2026-01-07T16:56:36","guid":{"rendered":"https:\/\/syprin.de\/?post_type=product&#038;p=7406"},"modified":"2026-04-30T17:32:39","modified_gmt":"2026-04-30T15:32:39","slug":"original-syprin-borotvafej-olaj-es-borotvafej-tisztito-szett","status":"publish","type":"product","link":"https:\/\/syprin.de\/hu\/produkt\/original-syprin-borotvafej-olaj-es-borotvafej-tisztito-szett\/","title":{"rendered":"ORIGINAL SYPRIN borotvafej-olaj \u00e9s borotvafej-tiszt\u00edt\u00f3 szett"},"content":{"rendered":"<div class=\"wpb-content-wrapper\"><p>[vc_row][vc_column][vc_column_text css=&#8221;&#8221;]<\/p>\n<div class=\"tab-popup-content\">\n<h3 class=\"a-spacing-mini\">ORIGINAL SYPRIN borotvafej-olaj \u00e9s borotvafej-tiszt\u00edt\u00f3 k\u00e9szlet<\/h3>\n<p class=\"a-spacing-base\">Az Original Syprin a vil\u00e1gszerte legkelend\u0151bb professzion\u00e1lis borotvafej-olaj \u00e9s -tiszt\u00edt\u00f3, amelyet naponta t\u00f6bb ezer fodr\u00e1szszalonban haszn\u00e1lnak szerte a vil\u00e1gon. Mindenki tudja, hogy egy elektromos borotva, szak\u00e1llv\u00e1g\u00f3 vagy hajv\u00e1g\u00f3 teljes\u00edtm\u00e9nye gyorsan romolhat. Ez\u00e9rt az Original Syprin borotvafej-tiszt\u00edt\u00f3 a legjobb tiszt\u00edt\u00e1si megold\u00e1st k\u00edn\u00e1lja \u00d6nnek, mivel ezt a term\u00e9ket a legnagyobb gondoss\u00e1ggal fejlesztj\u00fck \u00e9s gy\u00e1rtjuk.<\/p>\n<h3>Mi van benne?<\/h3>\n<ul>\n<li>ORIGINAL SYPRIN Fejtiszt\u00edt\u00f3 (100 ml)<\/li>\n<li>ORIGINAL SYPRIN Scherkop-olaj (30 ml)<\/li>\n<\/ul>\n<h3 class=\"a-section a-spacing-none\">Gy\u00e1rt\u00f3i inform\u00e1ci\u00f3k<\/h3>\n<div class=\"a-section a-spacing-none\">\n<p><strong>N\u00e9v:<\/strong> OS Motorsystem GmbH &amp; Co. KG<br \/>\n<strong>C\u00edm:<\/strong> Blumenweg 20a D-09224 Chemnitz<br \/>\n<strong>E-Mail:<\/strong> info@syprin.de<br \/>\n<strong>Weboldal:<\/strong> <a href=\"https:\/\/syprin.de\/hu\/\" target=\"_blank\" rel=\"noopener\">https:\/\/syprin.de\/<\/a><br \/>\n<strong>Eur\u00f3pai gy\u00e1rt\u00f3:<\/strong> Igen<\/p>\n<\/div>\n<\/div>\n<p>[\/vc_column_text][\/vc_column][\/vc_row]<\/p>\n<\/div>","protected":false},"excerpt":{"rendered":"<h3 class=\"a-spacing-mini\">ORIGINAL SYPRIN borotvafej-olaj + borotvafej-tiszt\u00edt\u00f3<\/h3>\n<p class=\"a-spacing-base\">Az Original Syprin a vil\u00e1gszerte legkelend\u0151bb professzion\u00e1lis borotvafej-olaj \u00e9s -tiszt\u00edt\u00f3, amelyet naponta t\u00f6bb ezer fodr\u00e1szszalonban haszn\u00e1lnak szerte a vil\u00e1gon. Mindenki tudja, hogy egy elektromos borotva, szak\u00e1llv\u00e1g\u00f3 vagy hajv\u00e1g\u00f3 teljes\u00edtm\u00e9nye gyorsan romolhat. Ez\u00e9rt az Original Syprin borotvafej-tiszt\u00edt\u00f3 a legjobb tiszt\u00edt\u00e1si megold\u00e1st k\u00edn\u00e1lja \u00d6nnek, mivel ezt a term\u00e9ket a legnagyobb gondoss\u00e1ggal fejlesztj\u00fck \u00e9s gy\u00e1rtjuk.<\/p>\n<h3>\u00cdg\u00e9ret\u00fcnk<\/h3>\n<ul>\n<li>MEGB\u00cdZHAT\u00d3S\u00c1G \u00c9S \u00c1POL\u00c1S: Az eredeti Syprin borotvafej-olaj \u00e9s borotvafej-tiszt\u00edt\u00f3 az elektromos borotv\u00e1k, hajv\u00e1g\u00f3g\u00e9pek \u00e9s trimmerek \u00e1pol\u00e1s\u00e1ra szolg\u00e1l, megb\u00edzhat\u00f3an elt\u00e1vol\u00edtja a faggy\u00famaradv\u00e1nyokat, a sz\u0151rsz\u00e1lakat \u00e9s a kellemetlen szagokat.<\/li>\n<\/ul>\n<ul>\n<li><span class=\"a-list-item\"> \u00c1POL\u00c1S \u00c9S GYORS KEN\u00c9S: Az eredeti Syprin borotvafej-olaj cs\u00f6kkenti a nem kenett peng\u00e9k s\u00farl\u00f3d\u00e1s\u00e1t \u00e9s h\u0151termel\u00e9s\u00e9t. Megakad\u00e1lyozza a rozsda kialakul\u00e1s\u00e1t \u00e9s hossz\u00fa \u00e9lettartamot biztos\u00edt.<\/span><\/li>\n<\/ul>\n<ul>\n<li><span class=\"a-list-item\"> TART\u00d3S V\u00c9DELEM: A borotvafej-tiszt\u00edt\u00f3nk hossz\u00fa ideig megmarad a peng\u00e9n, \u00e9s kiv\u00e1l\u00f3 ken\u00e9st biztos\u00edt a hajv\u00e1g\u00f3g\u00e9pekhez \u00e9s a trimmerekhez.<\/span><\/li>\n<\/ul>\n<ul>\n<li><span class=\"a-list-item\"> PREMIUM-K\u00c9PZET: Borotvafej-olajunk \u00e9s borotvafej-tiszt\u00edt\u00f3nk b\u0151rbar\u00e1t, szagtalan \u00e9s sz\u00edntelen. Behatol a hajv\u00e1g\u00f3 \u00e9s a borotva legapr\u00f3bb r\u00e9szeibe is, \u00edgy optim\u00e1lis v\u00e9delmet biztos\u00edt.<\/span><\/li>\n<\/ul>\n<ul>\n<li><span class=\"a-list-item\"> MADE IN GERMANY: Az eredeti Syprin teljes eg\u00e9sz\u00e9ben N\u00e9metorsz\u00e1gban k\u00e9sz\u00fcl, ami kiv\u00e9teles min\u0151s\u00e9get biztos\u00edt a v\u00e1s\u00e1rl\u00f3k sz\u00e1m\u00e1ra.<\/span><\/li>\n<\/ul>\n","protected":false},"featured_media":7285,"comment_status":"open","ping_status":"closed","template":"","meta":{"wds_primary_product_brand":0,"wds_primary_product_cat":0},"product_brand":[],"product_cat":[347,351,352],"product_tag":[],"class_list":{"0":"post-7406","1":"product","2":"type-product","3":"status-publish","4":"has-post-thumbnail","6":"product_cat-olaj","7":"product_cat-borotvafej-apolas","8":"product_cat-tisztitoszer","10":"first","11":"instock","12":"taxable","13":"shipping-taxable","14":"purchasable","15":"product-type-simple"},"_links":{"self":[{"href":"https:\/\/syprin.de\/hu\/wp-json\/wp\/v2\/product\/7406","targetHints":{"allow":["GET"]}}],"collection":[{"href":"https:\/\/syprin.de\/hu\/wp-json\/wp\/v2\/product"}],"about":[{"href":"https:\/\/syprin.de\/hu\/wp-json\/wp\/v2\/types\/product"}],"replies":[{"embeddable":true,"href":"https:\/\/syprin.de\/hu\/wp-json\/wp\/v2\/comments?post=7406"}],"wp:featuredmedia":[{"embeddable":true,"href":"https:\/\/syprin.de\/hu\/wp-json\/wp\/v2\/media\/7285"}],"wp:attachment":[{"href":"https:\/\/syprin.de\/hu\/wp-json\/wp\/v2\/media?parent=7406"}],"wp:term":[{"taxonomy":"product_brand","embeddable":true,"href":"https:\/\/syprin.de\/hu\/wp-json\/wp\/v2\/product_brand?post=7406"},{"taxonomy":"product_cat","embeddable":true,"href":"https:\/\/syprin.de\/hu\/wp-json\/wp\/v2\/product_cat?post=7406"},{"taxonomy":"product_tag","embeddable":true,"href":"https:\/\/syprin.de\/hu\/wp-json\/wp\/v2\/product_tag?post=7406"}],"curies":[{"name":"wp","href":"https:\/\/api.w.org\/{rel}","templated":true}]}}