{"id":7391,"date":"2026-01-08T14:09:02","date_gmt":"2026-01-08T13:09:02","guid":{"rendered":"https:\/\/syprin.de\/?post_type=product&#038;p=7391"},"modified":"2026-04-28T09:54:43","modified_gmt":"2026-04-28T07:54:43","slug":"original-syprin-karburator-es-szelepcsere-keszlet","status":"publish","type":"product","link":"https:\/\/syprin.de\/hu\/produkt\/original-syprin-karburator-es-szelepcsere-keszlet\/","title":{"rendered":"ORIGINAL SYPRIN karbur\u00e1tor- \u00e9s szelepcsere-k\u00e9szlet"},"content":{"rendered":"<div class=\"wpb-content-wrapper\"><p>[vc_row][vc_column][vc_column_text css=&#8221;&#8221;]<\/p>\n<div class=\"prod post-9508 product type-product status-publish has-post-thumbnail product_cat-reiniger first instock shipping-taxable purchasable product-type-simple\">\n<div class=\"prod-cont\">\n<div class=\"prod-actions\">\n<h3 class=\"prod-rating-wrap\">ORIGINAL SYPRIN porlaszt\u00f3- \u00e9s \u00f3lomcsere-k\u00e9szlet<\/h3>\n<p>Az eredeti Syprin karbur\u00e1tor-tiszt\u00edt\u00f3 \u00e9s \u00f3lomp\u00f3tl\u00f3 az ide\u00e1lis kombin\u00e1ci\u00f3 a r\u00e9gebbi benzin\u00fczem\u0171 veter\u00e1n aut\u00f3k \u00e9s motorker\u00e9kp\u00e1rok \u00e1pol\u00e1s\u00e1hoz \u00e9s megel\u0151z\u0151 karbantart\u00e1s\u00e1hoz.<\/p>\n<\/div>\n<\/div>\n<\/div>\n<div class=\"prod-tabs-wrap\">\n<div class=\"prod-tab-cont\">\n<div id=\"prod-tab-1\" class=\"prod-tab page-styling prod-tab-desc\">\n<h3>Mi van benne?<\/h3>\n<p>1x ORIGINAL SYPRIN \u00d3lomp\u00f3tl\u00f3 (250 ml)<br \/>\n1x ORIGINAL SYPRIN Karbur\u00e1tor-tiszt\u00edt\u00f3 (300 ml)<\/p>\n<h3>Kompatibilit\u00e1s<\/h3>\n<p>A SYPRIN d\u00edzelmotor- \u00e9s befecskendez\u0151-\u00e1pol\u00f3 adal\u00e9k minden d\u00edzelmotorhoz alkalmas, f\u00fcggetlen\u00fcl att\u00f3l, hogy rendelkezik-e r\u00e9szecskesz\u0171r\u0151vel. Megel\u0151z\u00e9sre vagy hibaelh\u00e1r\u00edt\u00e1sra. Turb\u00f3tesztelt. K\u00f6zvetlen\u00fcl az \u00fczemanyagtart\u00e1lyba adagoland\u00f3. Teljes m\u00e9rt\u00e9kben kompatibilis minden ismert d\u00edzel- \u00e9s biod\u00edzel-\u00fczemanyaggal. Optim\u00e1lis eredm\u00e9nyeket 250 ml adal\u00e9k \u00e9s 50 l \u00fczemanyag kever\u00e9si ar\u00e1ny\u00e1n\u00e1l \u00e9rhet el.<\/p>\n<h3><b>Inform\u00e1ci\u00f3k a vesz\u00e9lyes \u00e1rukr\u00f3l: Eredeti Syprin \u00f3lomhelyettes\u00edt\u0151 + karbur\u00e1tor-tiszt\u00edt\u00f3<\/b><\/h3>\n<p><img decoding=\"async\" data-src=\"https:\/\/syprin.de\/wp-content\/uploads\/2018\/02\/Gesundheitsgefahr_GHS08-7.webp\" width=\"64\" height=\"64\" src=\"data:image\/svg+xml;base64,PHN2ZyB3aWR0aD0iMSIgaGVpZ2h0PSIxIiB4bWxucz0iaHR0cDovL3d3dy53My5vcmcvMjAwMC9zdmciPjwvc3ZnPg==\" class=\"lazyload\" style=\"--smush-placeholder-width: 64px; --smush-placeholder-aspect-ratio: 64\/64;\" \/><\/p>\n<p><strong>Vesz\u00e9ly<br \/>\n<\/strong>Vesz\u00e9lyre figyelmeztet\u0151 jelz\u00e9sek :<br \/>\nH304 Lenyel\u00e9s \u00e9s a l\u00e9gutakba jut\u00e1s eset\u00e9n hal\u00e1los kimenetel\u0171 lehet.<br \/>\nH412 K\u00e1ros a v\u00edzi szervezetekre, hossz\u00fa t\u00e1v\u00fa hat\u00e1ssal.<\/p>\n<p>Biztons\u00e1gi utas\u00edt\u00e1sok :<br \/>\nP101\u00a0Ha orvosi tan\u00e1csra van sz\u00fcks\u00e9g, tartsa k\u00e9zn\u00e9l a csomagol\u00e1st vagy a c\u00edmk\u00e9t.<br \/>\nP102\u00a0Gyermekekt\u0151l elz\u00e1rva tartand\u00f3.<br \/>\nP103\u00a0K\u00e9rj\u00fck, figyelmesen olvassa el az \u00f6sszes utas\u00edt\u00e1st, \u00e9s k\u00f6vesse azokat.<br \/>\nP273\u00a0Ker\u00fclni kell a k\u00f6rnyezetbe val\u00f3 kibocs\u00e1t\u00e1st.<br \/>\nP301+P310\u00a0LENYEL\u00c9S ESET\u00c9N: Azonnal h\u00edvja a m\u00e9rgez\u0151anyag-inform\u00e1ci\u00f3s k\u00f6zpontot vagy orvost.<br \/>\nP331 Kein Erbrechen herbeif\u00fchren.<br \/>\nP405 Z\u00e1rt helyen t\u00e1roland\u00f3.<br \/>\nP501 A tartalom \/ a tart\u00e1ly \u00e1rtalmatlan\u00edt\u00e1sa a helyi \/ region\u00e1lis \/ orsz\u00e1gos \/<br \/>\nnemzetk\u00f6zi el\u0151\u00edr\u00e1soknak megfelel\u0151en.<\/p>\n<h3 class=\"a-section a-spacing-none\">Gy\u00e1rt\u00f3i inform\u00e1ci\u00f3k<\/h3>\n<div class=\"a-section a-spacing-none\">\n<p><strong>N\u00e9v:<\/strong> OS Motorsystem GmbH &amp; Co. KG<br \/>\n<strong>C\u00edm:<\/strong> Blumenweg 20a D-09224 Chemnitz<br \/>\n<strong>E-Mail:<\/strong> info@syprin.de<br \/>\n<strong>Weboldal:<\/strong> <a href=\"https:\/\/syprin.de\/hu\/\" target=\"_blank\" rel=\"noopener\">https:\/\/syprin.de\/<\/a><br \/>\n<strong>Eur\u00f3pai gy\u00e1rt\u00f3:<\/strong> Igen<\/p>\n<\/div>\n<\/div>\n<\/div>\n<\/div>\n<p>[\/vc_column_text][\/vc_column][\/vc_row]<\/p>\n<\/div>","protected":false},"excerpt":{"rendered":"<div class=\"prod post-9508 product type-product status-publish has-post-thumbnail product_cat-reiniger first instock shipping-taxable purchasable product-type-simple\">\n<div class=\"prod-cont\">\n<div class=\"prod-actions\">\n<h3 class=\"prod-rating-wrap\">ORIGINAL SYPRIN porlaszt\u00f3- \u00e9s \u00f3lomcsere-k\u00e9szlet<\/h3>\n<p>Az eredeti Syprin karbur\u00e1tor-tiszt\u00edt\u00f3 \u00e9s \u00f3lomp\u00f3tl\u00f3 az ide\u00e1lis kombin\u00e1ci\u00f3 a r\u00e9gebbi benzin\u00fczem\u0171 veter\u00e1n aut\u00f3k \u00e9s motorker\u00e9kp\u00e1rok \u00e1pol\u00e1s\u00e1hoz \u00e9s megel\u0151z\u0151 karbantart\u00e1s\u00e1hoz.<\/p>\n<\/div>\n<\/div>\n<\/div>\n<div class=\"prod-tabs-wrap\">\n<div class=\"prod-tab-cont\">\n<div id=\"prod-tab-1\" class=\"prod-tab page-styling prod-tab-desc\">\n<h3>\u00cdg\u00e9ret\u00fcnk:<\/h3>\n<ul>\n<li>A hagyom\u00e1nyok kedvel\u0151inek: eredeti Syprin olajcsere r\u00e9gi aut\u00f3k \u00e9s motorker\u00e9kp\u00e1rok szerelmeseinek, megel\u0151z\u0151 v\u00e9delemk\u00e9nt, minden benzinmotorhoz alkalmas<\/li>\n<\/ul>\n<ul>\n<li><span class=\"a-list-item\">R\u00e9gebbi benzinhez: rendk\u00edv\u00fcl hat\u00e9kony \u00f3lom-adal\u00e9kanyag-kombin\u00e1ci\u00f3, megb\u00edzhat\u00f3an v\u00e9di a szelepeket \u00e9s a gy\u00fajt\u00f3gyerty\u00e1kat a lerak\u00f3d\u00e1sokt\u00f3l \u00e9s a szelep\u00fcl\u00e9sek kop\u00e1s\u00e1t\u00f3l.<\/span><\/li>\n<\/ul>\n<ul>\n<li>Biztons\u00e1gos \u00e9s k\u00f6nnyen kezelhet\u0151: a palackon tal\u00e1lhat\u00f3 t\u00f6lt\u0151seg\u00edt\u0151, az \u00fczemanyag-felt\u00f6lt\u00e9s sor\u00e1n \u00f6nkevered\u0151, az \u00f3lommal d\u00fas\u00edtott benzin pedig rendk\u00edv\u00fcl hat\u00e9kony adal\u00e9kanyag<\/li>\n<\/ul>\n<ul>\n<li>Fenntarthat\u00f3s\u00e1g \u00e9s tart\u00f3ss\u00e1g: Az eredeti Syprin VR51 karbur\u00e1tor-tiszt\u00edt\u00f3val a k\u00e9szletben kiv\u00e1l\u00f3 min\u0151s\u00e9g\u0171 \u00e1pol\u00e1s a r\u00e9gebbi benzinmotorokhoz. Meghosszabb\u00edtja az \u00e9lettartamot<\/li>\n<\/ul>\n<ul>\n<li>N\u00e9met gy\u00e1rtm\u00e1ny: a legjobb min\u0151s\u00e9g h\u0171s\u00e9ges j\u00e1rm\u0171v\u00e9hez \u2013 b\u00edzzon az eredeti Syprin benzin-\u00f3lom-p\u00f3tl\u00f3ban a hossz\u00fa t\u00e1v\u00fa vezet\u00e9si \u00e9lm\u00e9ny \u00e9rdek\u00e9ben<\/li>\n<\/ul>\n<\/div>\n<\/div>\n<\/div>\n","protected":false},"featured_media":7288,"comment_status":"open","ping_status":"closed","template":"","meta":{"wds_primary_product_brand":0,"wds_primary_product_cat":0},"product_brand":[],"product_cat":[348,352,353],"product_tag":[],"class_list":{"0":"post-7391","1":"product","2":"type-product","3":"status-publish","4":"has-post-thumbnail","6":"product_cat-benzin","7":"product_cat-tisztitoszer","8":"product_cat-olompotlo","10":"first","11":"instock","12":"taxable","13":"shipping-taxable","14":"purchasable","15":"product-type-simple"},"_links":{"self":[{"href":"https:\/\/syprin.de\/hu\/wp-json\/wp\/v2\/product\/7391","targetHints":{"allow":["GET"]}}],"collection":[{"href":"https:\/\/syprin.de\/hu\/wp-json\/wp\/v2\/product"}],"about":[{"href":"https:\/\/syprin.de\/hu\/wp-json\/wp\/v2\/types\/product"}],"replies":[{"embeddable":true,"href":"https:\/\/syprin.de\/hu\/wp-json\/wp\/v2\/comments?post=7391"}],"wp:featuredmedia":[{"embeddable":true,"href":"https:\/\/syprin.de\/hu\/wp-json\/wp\/v2\/media\/7288"}],"wp:attachment":[{"href":"https:\/\/syprin.de\/hu\/wp-json\/wp\/v2\/media?parent=7391"}],"wp:term":[{"taxonomy":"product_brand","embeddable":true,"href":"https:\/\/syprin.de\/hu\/wp-json\/wp\/v2\/product_brand?post=7391"},{"taxonomy":"product_cat","embeddable":true,"href":"https:\/\/syprin.de\/hu\/wp-json\/wp\/v2\/product_cat?post=7391"},{"taxonomy":"product_tag","embeddable":true,"href":"https:\/\/syprin.de\/hu\/wp-json\/wp\/v2\/product_tag?post=7391"}],"curies":[{"name":"wp","href":"https:\/\/api.w.org\/{rel}","templated":true}]}}