{"id":7383,"date":"2026-01-08T14:13:02","date_gmt":"2026-01-08T13:13:02","guid":{"rendered":"https:\/\/syprin.de\/?post_type=product&#038;p=7383"},"modified":"2026-04-27T16:30:00","modified_gmt":"2026-04-27T14:30:00","slug":"original-syprin-karburator-es-motoroeblito-keszlet","status":"publish","type":"product","link":"https:\/\/syprin.de\/hu\/produkt\/original-syprin-karburator-es-motoroeblito-keszlet\/","title":{"rendered":"ORIGINAL SYPRIN karbur\u00e1tor- \u00e9s motor\u00f6bl\u00edt\u0151 k\u00e9szlet"},"content":{"rendered":"<div class=\"wpb-content-wrapper\"><p>[vc_row][vc_column][vc_column_text css=&#8221;&#8221;]<\/p>\n<h2>ORIGINAL karbur\u00e1tor- \u00e9s motor\u00f6bl\u00edt\u0151 csomag<\/h2>\n<p>A karbur\u00e1tor- \u00e9s motor\u00f6bl\u00edt\u0151 k\u00e9szlet alaposan megtiszt\u00edtja a teljes motort \u00e9s az \u00fczemanyag-rendszert.<br \/>\nElt\u00e1vol\u00edtja az olajiszapot, a koromot \u00e9s a lerak\u00f3d\u00e1sokat, jav\u00edtja a motor teljes\u00edtm\u00e9ny\u00e9t \u00e9s hat\u00e9konys\u00e1g\u00e1t \u2013 ide\u00e1lis<br \/>\nk\u00e9t- \u00e9s n\u00e9gy\u00fctem\u0171 benzinmotorokhoz. N\u00e9met gy\u00e1rtm\u00e1ny\u00fa min\u0151s\u00e9g.<\/p>\n<h3 class=\"a-section a-spacing-none\">Gy\u00e1rt\u00f3i inform\u00e1ci\u00f3k<\/h3>\n<div class=\"a-section a-spacing-none\">\n<p><strong>N\u00e9v:<\/strong> OS Motorsystem GmbH &amp; Co. KG<br \/>\n<strong>C\u00edm:<\/strong> Blumenweg 20a D-09224 Chemnitz<br \/>\n<strong>E-Mail:<\/strong> info@syprin.de<br \/>\n<strong>Weboldal:<\/strong> <a href=\"https:\/\/syprin.de\/hu\/\" target=\"_blank\" rel=\"noopener\">https:\/\/syprin.de\/<\/a><br \/>\n<strong>Eur\u00f3pai gy\u00e1rt\u00f3:<\/strong> Igen<\/p>\n<\/div>\n<p>[\/vc_column_text][\/vc_column][\/vc_row]<\/p>\n<\/div>","protected":false},"excerpt":{"rendered":"<h2>ORIGINAL karbur\u00e1tor- \u00e9s motor\u00f6bl\u00edt\u0151 csomag<\/h2>\n<p>A karbur\u00e1tor- \u00e9s motor\u00f6bl\u00edt\u0151 szett alaposan megtiszt\u00edtja a teljes motort \u00e9s az \u00fczemanyag-rendszert. Elt\u00e1vol\u00edtja az olajiszapot, a koromot \u00e9s a lerak\u00f3d\u00e1sokat, jav\u00edtja a motor teljes\u00edtm\u00e9ny\u00e9t \u00e9s hat\u00e9konys\u00e1g\u00e1t \u2013 ide\u00e1lis 2- \u00e9s 4-\u00fctem\u0171 benzinmotorokhoz. N\u00e9met gy\u00e1rtm\u00e1ny\u00fa min\u0151s\u00e9g.<\/p>\n<h2>\u00cdg\u00e9ret\u00fcnk:<\/h2>\n<ul>\n<li>HAT\u00c9KONY M\u00c9LYTISZT\u00cdT\u00c1S: Megb\u00edzhat\u00f3an elt\u00e1vol\u00edtja a lerak\u00f3d\u00e1sokat, az olajiszapot \u00e9s a koromot.<\/li>\n<\/ul>\n<ul>\n<li>JAV\u00cdTOTT MOTORTELJES\u00cdTM\u00c9NY: Vissza\u00e1ll\u00edtja az eredeti teljes\u00edtm\u00e9nyt, \u00e9s biztos\u00edtja<br \/>\na csendes m\u0171k\u00f6d\u00e9st.<\/li>\n<\/ul>\n<ul>\n<li>ALACSONYABB \u00dcZEMANYAG-FOGYASZT\u00c1S: Tiszta motor \u2013 alacsonyabb \u00fczemanyag-fogyaszt\u00e1s \u00e9s jobb kipufog\u00f3g\u00e1z-\u00e9rt\u00e9kek.<\/li>\n<\/ul>\n<ul>\n<li>IDE\u00c1LIS BENZINMOTOROKHOZ: Ide\u00e1lis 2- \u00e9s 4-\u00fctem\u0171 motorokhoz, turb\u00f3felt\u00f6lt\u0151kh\u00f6z, kataliz\u00e1torokhoz \u00e9s veter\u00e1n aut\u00f3khoz.<\/li>\n<\/ul>\n<ul>\n<li>N\u00c9MET MIN\u0150S\u00c9G: Pr\u00e9mium adal\u00e9kanyagok a legmagasabb teljes\u00edtm\u00e9ny \u00e9s megb\u00edzhat\u00f3s\u00e1g \u00e9rdek\u00e9ben.<\/li>\n<\/ul>\n","protected":false},"featured_media":7289,"comment_status":"open","ping_status":"closed","template":"","meta":{"wds_primary_product_brand":0,"wds_primary_product_cat":0},"product_brand":[],"product_cat":[348,349,352],"product_tag":[],"class_list":{"0":"post-7383","1":"product","2":"type-product","3":"status-publish","4":"has-post-thumbnail","6":"product_cat-benzin","7":"product_cat-dizel","8":"product_cat-tisztitoszer","10":"first","11":"instock","12":"taxable","13":"shipping-taxable","14":"purchasable","15":"product-type-simple"},"_links":{"self":[{"href":"https:\/\/syprin.de\/hu\/wp-json\/wp\/v2\/product\/7383","targetHints":{"allow":["GET"]}}],"collection":[{"href":"https:\/\/syprin.de\/hu\/wp-json\/wp\/v2\/product"}],"about":[{"href":"https:\/\/syprin.de\/hu\/wp-json\/wp\/v2\/types\/product"}],"replies":[{"embeddable":true,"href":"https:\/\/syprin.de\/hu\/wp-json\/wp\/v2\/comments?post=7383"}],"wp:featuredmedia":[{"embeddable":true,"href":"https:\/\/syprin.de\/hu\/wp-json\/wp\/v2\/media\/7289"}],"wp:attachment":[{"href":"https:\/\/syprin.de\/hu\/wp-json\/wp\/v2\/media?parent=7383"}],"wp:term":[{"taxonomy":"product_brand","embeddable":true,"href":"https:\/\/syprin.de\/hu\/wp-json\/wp\/v2\/product_brand?post=7383"},{"taxonomy":"product_cat","embeddable":true,"href":"https:\/\/syprin.de\/hu\/wp-json\/wp\/v2\/product_cat?post=7383"},{"taxonomy":"product_tag","embeddable":true,"href":"https:\/\/syprin.de\/hu\/wp-json\/wp\/v2\/product_tag?post=7383"}],"curies":[{"name":"wp","href":"https:\/\/api.w.org\/{rel}","templated":true}]}}