{"id":7371,"date":"2026-03-17T14:08:37","date_gmt":"2026-03-17T13:08:37","guid":{"rendered":"https:\/\/syprin.de\/?post_type=product&#038;p=7371"},"modified":"2026-04-27T16:27:40","modified_gmt":"2026-04-27T14:27:40","slug":"original-syprin-benzin-teljesitmenyvedo","status":"publish","type":"product","link":"https:\/\/syprin.de\/hu\/produkt\/original-syprin-benzin-teljesitmenyvedo\/","title":{"rendered":"ORIGINAL SYPRIN Benzin-teljes\u00edtm\u00e9nyv\u00e9d\u0151"},"content":{"rendered":"<div class=\"wpb-content-wrapper\"><p>[vc_row][vc_column][vc_column_text css=&#8221;&#8221;]<\/p>\n<h3>Petrol Performance Protection \u2013 befecskendez\u0151 f\u00fav\u00f3k\u00e1k tiszt\u00edt\u00e1sa, a motor teljes\u00edtm\u00e9ny\u00e9nek meg\u0151rz\u00e9se<\/h3>\n<p>A befecskendez\u0151 f\u00fav\u00f3k\u00e1kon \u00e9s a sz\u00edv\u00f3szelepeken kialakul\u00f3 sz\u00e9nlerak\u00f3d\u00e1sok \u00e9s lerak\u00f3d\u00e1sok a benzin-k\u00f6zvetlen befecskendez\u00e9s\u0171 (GDI) motorok teljes\u00edtm\u00e9nycs\u00f6kken\u00e9s\u00e9nek \u00e9s egyenetlen m\u0171k\u00f6d\u00e9s\u00e9nek leggyakoribb okai k\u00f6z\u00e9 tartoznak. A Petrol Performance Protection egy rendk\u00edv\u00fcl hat\u00e9kony \u00fczemanyag-rendszer tiszt\u00edt\u00f3szer, amelyet kifejezetten GDI, TSI, FSI \u00e9s TFSI motorokhoz fejlesztettek ki \u2013 az injektorok tisztas\u00e1g\u00e1nak, a motor egyenletes m\u0171k\u00f6d\u00e9s\u00e9nek \u00e9s a motor hossz\u00fa t\u00e1v\u00fa v\u00e9delm\u00e9nek biztos\u00edt\u00e1sa \u00e9rdek\u00e9ben.<\/p>\n<h3>Petrol Performance Protection \u2013 \u00fczemanyag-rendszer tiszt\u00edt\u00f3szer k\u00f6zvetlen benzinbefecskendez\u00e9s\u0171 motorokhoz<\/h3>\n<p>A modern k\u00f6zvetlen benzinbefecskendez\u00e9s\u0171 motorokban (GDI) a sz\u00edv\u00f3szelepek m\u00e1r nem ker\u00fclnek kapcsolatba az \u00fczemanyaggal, \u00edgy a forgatty\u00fah\u00e1z-szell\u0151z\u00e9sb\u0151l sz\u00e1rmaz\u00f3 olajk\u00f6d \u00e9s az \u00e9g\u00e9si maradv\u00e1nyok ott rak\u00f3dnak le, \u00e9s id\u0151vel megk\u00f6vesednek. A Petrol Performance Protection c\u00e9lzottan feloldja ezeket a lerak\u00f3d\u00e1sokat, helyre\u00e1ll\u00edtja a megfelel\u0151 gy\u00fajt\u00e1si id\u0151pontot, \u00e9s hat\u00e9konyan megel\u0151zi a motor akadoz\u00e1s\u00e1t, az egyenetlen alapj\u00e1ratot, valamint az LSPI-t (Low Speed Pre-Ignition). Ugyanakkor a k\u00e9sz\u00edtm\u00e9ny jav\u00edtja a dugatty\u00fa \u00e9s a henger k\u00f6z\u00f6tti s\u00farl\u00f3d\u00e1si \u00e9rt\u00e9keket, v\u00e9di a teljes befecskendez\u0151 rendszert a korr\u00f3zi\u00f3t\u00f3l, \u00e9s szab\u00e1lyozottan vezeti el a vizet.<\/p>\n<h3>Kompatibilit\u00e1s \u00e9s alkalmaz\u00e1s<\/h3>\n<p>A Petrol Performance Protection minden k\u00f6zvetlen befecskendez\u00e9s\u0171 benzinmotorhoz (GDI, TSI, FSI, TFSI, CGI), valamint a hagyom\u00e1nyos sz\u00edv\u00f3csatorn\u00e1s befecskendez\u00e9si rendszerekhez is alkalmas. Kifejezetten rendszeres, megel\u0151z\u0151 c\u00e9l\u00fa haszn\u00e1latra fejlesztett\u00e9k ki. Kompatibilis a kereskedelemben kaphat\u00f3 benzin\u00fczemanyagokkal (Super E5\/E10) \u00e9s a pr\u00e9mium \u00fczemanyagokkal. K\u00f6zvetlen\u00fcl az \u00fczemanyagtart\u00e1lyba adagoland\u00f3. Egy doboz ak\u00e1r 60 liter \u00fczemanyaghoz is elegend\u0151.<\/p>\n<h3>Vesz\u00e9lyes anyagokra vonatkoz\u00f3 inform\u00e1ci\u00f3k ORIGINAL Syprin Petrol Performance Protection<\/h3>\n<p><img decoding=\"async\" class=\"alignnone wp-image-4351 lazyload\" data-src=\"https:\/\/syprin.de\/wp-content\/uploads\/2018\/02\/Gesundheitsgefahr_GHS08-6-300x300.webp\" alt=\"\" width=\"64\" height=\"64\" data-srcset=\"https:\/\/syprin.de\/wp-content\/uploads\/2018\/02\/Gesundheitsgefahr_GHS08-6-300x300.webp 300w, https:\/\/syprin.de\/wp-content\/uploads\/2018\/02\/Gesundheitsgefahr_GHS08-6-595x595.webp 595w, https:\/\/syprin.de\/wp-content\/uploads\/2018\/02\/Gesundheitsgefahr_GHS08-6-150x150.webp 150w, https:\/\/syprin.de\/wp-content\/uploads\/2018\/02\/Gesundheitsgefahr_GHS08-6-768x768.webp 768w, https:\/\/syprin.de\/wp-content\/uploads\/2018\/02\/Gesundheitsgefahr_GHS08-6-380x380.webp 380w, https:\/\/syprin.de\/wp-content\/uploads\/2018\/02\/Gesundheitsgefahr_GHS08-6-450x450.webp 450w, https:\/\/syprin.de\/wp-content\/uploads\/2018\/02\/Gesundheitsgefahr_GHS08-6-350x350.webp 350w, https:\/\/syprin.de\/wp-content\/uploads\/2018\/02\/Gesundheitsgefahr_GHS08-6-100x100.webp 100w, https:\/\/syprin.de\/wp-content\/uploads\/2018\/02\/Gesundheitsgefahr_GHS08-6.webp 1000w\" data-sizes=\"(max-width: 64px) 100vw, 64px\" src=\"data:image\/svg+xml;base64,PHN2ZyB3aWR0aD0iMSIgaGVpZ2h0PSIxIiB4bWxucz0iaHR0cDovL3d3dy53My5vcmcvMjAwMC9zdmciPjwvc3ZnPg==\" style=\"--smush-placeholder-width: 64px; --smush-placeholder-aspect-ratio: 64\/64;\" \/><\/p>\n<p><strong>Biztons\u00e1gi figyelmeztet\u00e9sek:<\/strong><\/p>\n<ul>\n<li>H304 Lenyel\u00e9s vagy a l\u00e9gutakba jut\u00e1s eset\u00e9n hal\u00e1los kimenetel\u0171 lehet.<\/li>\n<li>H412 K\u00e1ros a v\u00edzi szervezetekre, hossz\u00fa t\u00e1v\u00fa hat\u00e1ssal.<\/li>\n<\/ul>\n<p><strong>Biztons\u00e1gi utas\u00edt\u00e1sok:<\/strong><\/p>\n<ul>\n<li>P273 Ker\u00fclni kell a k\u00f6rnyezetbe val\u00f3 kibocs\u00e1t\u00e1st<\/li>\n<li>P301+P310 Lenyel\u00e9s eset\u00e9n: Azonnal h\u00edvja a m\u00e9rgez\u0151anyag-inform\u00e1ci\u00f3s k\u00f6zpontot, orvost vagy \u2026.<\/li>\n<li>P331 Ne id\u00e9zzen el\u0151 h\u00e1ny\u00e1st<\/li>\n<li>P405 Z\u00e1rt helyen t\u00e1roland\u00f3<\/li>\n<li>P501 Tartalom \/ tart\u00e1ly \u2026 bet\u00f6lt\u00e9se. (A jogalkot\u00f3 \u00e1ltal \u00fcresen hagyott r\u00e9szt a forgalmaz\u00f3nak kell kit\u00f6ltenie)<\/li>\n<li>EUH208 Tartalmaz (az allerg\u00e9n anyag neve). Allergi\u00e1s reakci\u00f3kat okozhat.<\/li>\n<\/ul>\n<h3 class=\"a-section a-spacing-none\">Gy\u00e1rt\u00f3i inform\u00e1ci\u00f3k<\/h3>\n<p><strong>N\u00e9v:<\/strong> OS Motorsystem GmbH &amp; Co. KG<br \/>\n<strong>C\u00edm:<\/strong> Blumenweg 20a D-09224 Chemnitz<br \/>\n<strong>E-Mail:<\/strong> info@syprin.de<br \/>\n<strong>Weboldal:<\/strong> <a href=\"https:\/\/syprin.de\/hu\/\" target=\"_blank\" rel=\"noopener\">https:\/\/syprin.de\/<\/a><br \/>\n<strong>Eur\u00f3pai gy\u00e1rt\u00f3:<\/strong> Igen[\/vc_column_text][\/vc_column][\/vc_row]<\/p>\n<\/div>","protected":false},"excerpt":{"rendered":"<h3>\u00cdg\u00e9ret\u00fcnk:<\/h3>\n<p>\u2022\u00a0Elt\u00e1vol\u00edtja a kokszosod\u00e1st \u00e9s a lerak\u00f3d\u00e1sokat a GDI-befecskendez\u0151 f\u00fav\u00f3k\u00e1kr\u00f3l, a sz\u00edv\u00f3szelepekr\u0151l \u00e9s<br \/>\naz \u00e9g\u00e9st\u00e9rb\u0151l. Hossz\u00fa t\u00e1von meg\u0151rzi a motor teljes\u00edtm\u00e9ny\u00e9t.<\/p>\n<p>\u2022 N\u00e9metorsz\u00e1gban fejlesztett\u00e9k \u00e9s gy\u00e1rtott\u00e1k.<\/p>\n<p>\u2022\u00a0Cs\u00f6kkenti a dugatty\u00fa \u00e9s a henger k\u00f6z\u00f6tti s\u00farl\u00f3d\u00e1st, megel\u0151zi a gy\u00fajt\u00e1skimarad\u00e1sokat (LSPI) \u00e9s<br \/>\naz azokb\u00f3l ered\u0151 motork\u00e1rosod\u00e1sokat.<\/p>\n<p>\u2022 K\u00f6nny\u0171, k\u00f6zvetlen adagol\u00e1shoz az \u00fczemanyagtart\u00e1lyba.<\/p>\n","protected":false},"featured_media":7293,"comment_status":"open","ping_status":"closed","template":"","meta":{"wds_primary_product_brand":0,"wds_primary_product_cat":0},"product_brand":[],"product_cat":[348],"product_tag":[],"class_list":{"0":"post-7371","1":"product","2":"type-product","3":"status-publish","4":"has-post-thumbnail","6":"product_cat-benzin","8":"first","9":"instock","10":"sale","11":"taxable","12":"shipping-taxable","13":"purchasable","14":"product-type-simple"},"_links":{"self":[{"href":"https:\/\/syprin.de\/hu\/wp-json\/wp\/v2\/product\/7371","targetHints":{"allow":["GET"]}}],"collection":[{"href":"https:\/\/syprin.de\/hu\/wp-json\/wp\/v2\/product"}],"about":[{"href":"https:\/\/syprin.de\/hu\/wp-json\/wp\/v2\/types\/product"}],"replies":[{"embeddable":true,"href":"https:\/\/syprin.de\/hu\/wp-json\/wp\/v2\/comments?post=7371"}],"wp:featuredmedia":[{"embeddable":true,"href":"https:\/\/syprin.de\/hu\/wp-json\/wp\/v2\/media\/7293"}],"wp:attachment":[{"href":"https:\/\/syprin.de\/hu\/wp-json\/wp\/v2\/media?parent=7371"}],"wp:term":[{"taxonomy":"product_brand","embeddable":true,"href":"https:\/\/syprin.de\/hu\/wp-json\/wp\/v2\/product_brand?post=7371"},{"taxonomy":"product_cat","embeddable":true,"href":"https:\/\/syprin.de\/hu\/wp-json\/wp\/v2\/product_cat?post=7371"},{"taxonomy":"product_tag","embeddable":true,"href":"https:\/\/syprin.de\/hu\/wp-json\/wp\/v2\/product_tag?post=7371"}],"curies":[{"name":"wp","href":"https:\/\/api.w.org\/{rel}","templated":true}]}}