{"id":7203,"date":"2025-12-29T16:57:56","date_gmt":"2025-12-29T15:57:56","guid":{"rendered":"https:\/\/syprin.de\/?page_id=7203"},"modified":"2026-04-15T15:55:51","modified_gmt":"2026-04-15T13:55:51","slug":"faq","status":"publish","type":"page","link":"https:\/\/syprin.de\/hu\/faq\/","title":{"rendered":"FAQ"},"content":{"rendered":"<div class=\"wpb-content-wrapper\"><p>[vc_row css=&#8221;.vc_custom_1767882194541{margin-top: 50px !important;}&#8221;][vc_column][vc_column_text css=&#8221;&#8221;]<\/p>\n<h2><span style=\"text-decoration: underline; color: #ffffff;\">Frequently Asked Questions<\/span><\/h2>\n<p><span style=\"color: #ffffff; font-size: 16px;\">The following FAQs are some common questions from our customers. If you have any further questions, please feel free to send them to <a style=\"color: #ffffff;\" href=\"mailto:info@syprin.de\">info@syprin.de<\/a>.<\/span>[\/vc_column_text][\/vc_column][\/vc_row][vc_row][vc_column width=&#8221;1\/4&#8243;][vc_column_text css=&#8221;&#8221;]<\/p>\n<h2><span style=\"text-decoration: underline; color: #ffffff;\">Need help?<\/span><\/h2>\n<p><span style=\"color: #ffffff; font-size: 15px;\">If you have a problem or question that requires immediate assistance, you can click the button below to chat live with a customer service representative.<\/span><\/p>\n<p><span style=\"color: #ffffff; font-size: 15px;\">If we are unavailable, please send us an email and we will get back to you within a few hours!<\/span>[\/vc_column_text][vc_column_text css=&#8221;.vc_custom_1768383719358{margin-top: 50px !important;margin-bottom: 15px !important;}&#8221;]<\/p>\n<h3><span style=\"color: #ffffff;\">Ist Ihre Frage nicht dabei? Schreiben Sie uns!<\/span><\/h3>\n<p>[\/vc_column_text][vc_raw_html css=&#8221;&#8221;]JTVCZm9ybWluYXRvcl9mb3JtJTIwaWQlM0QlMjI0NzExJTIyJTVE[\/vc_raw_html][\/vc_column][vc_column width=&#8221;3\/4&#8243; css=&#8221;.vc_custom_1769612369560{margin-top: 40px !important;}&#8221;][vc_tta_accordion][vc_tta_section title=&#8221;Top 5 Product Questions (Most Common Uses)&#8221; tab_id=&#8221;1769612289505-137b33a0-54f8&#8243;][vc_toggle title=&#8221;Can you use a cleaner and an additive together?&#8221; color=&#8221;white&#8221; custom_font_container=&#8221;tag:h2|text_align:left|color:%23FFFFFF&#8221; custom_use_theme_fonts=&#8221;yes&#8221; css=&#8221;&#8221; use_custom_heading=&#8221;true&#8221;]<span style=\"color: #ffffff;\">Never mix fuel cleaner and additives in the same tank. First, add the cleaner to no more than one-third of the tank\u2019s capacity, fill the tank completely, and drive 80\u2013100 km before continuing as usual. Add the additive only at the next refueling, then fill the tank completely.<\/span>[\/vc_toggle][vc_toggle title=&#8221;Wie wendet man die Diesel Rescue Box an?&#8221; color=&#8221;white&#8221; custom_font_container=&#8221;tag:h2|text_align:left|color:%23FFFFFF&#8221; custom_use_theme_fonts=&#8221;yes&#8221; css=&#8221;&#8221; use_custom_heading=&#8221;true&#8221;]<span style=\"color: #ffffff;\">F\u00fcllen Sie die gro\u00dfe Reiniger-Flasche (500 ml) in einen Tank mit maximal ein Drittel Inhalt \u2013 idealerweise leer. Tanken Sie vollst\u00e4ndig und fahren Sie direkt 80-100 km, um Schmutz im System zu l\u00f6sen; nutzen Sie das Fahrzeug danach normal bis zum selben F\u00fcllstand. Beim n\u00e4chsten Tanken f\u00fcllen Sie die kleine AdditivFlasche (250 ml) ein, dann weiter tanken.<\/span>[\/vc_toggle][vc_toggle title=&#8221;Ist eine volle Dose bei kleineren Tanks zu viel?&#8221; color=&#8221;white&#8221; custom_font_container=&#8221;tag:h2|text_align:left|color:%23FFFFFF&#8221; custom_use_theme_fonts=&#8221;yes&#8221; css=&#8221;&#8221; use_custom_heading=&#8221;true&#8221;]<span style=\"color: #ffffff;\">Nein, f\u00fcr normale PKW-Tanks bis 80 l (Diesel\/Benzin) verwenden Sie immer die volle Dose. Die Angabe \u201ebis zu 80 l\u201c beschreibt die maximale Wirkungsreichweite. Bei Motorr\u00e4dern mit Tanks bis 15 l reicht 1\/4 Dose. Das selbstmischende Produkt ist sicher dosiert.<\/span>[\/vc_toggle][vc_toggle title=&#8221;Wie wird der Diesel Reiniger angewendet?&#8221; color=&#8221;white&#8221; custom_font_container=&#8221;tag:h2|text_align:left|color:%23FFFFFF&#8221; custom_use_theme_fonts=&#8221;yes&#8221; css=&#8221;&#8221; use_custom_heading=&#8221;true&#8221;]<span style=\"color: #ffffff;\">F\u00fcllen Sie den Diesel Reiniger (500 ml) in einen Tank mit maximal ein Drittel Inhalt \u2013 idealerweise leer ein. Tanken Sie vollst\u00e4ndig und fahren Sie direkt 80-100 km f\u00fcr beste Wirkung; nutzen Sie das Fahrzeug danach normal weiter.<\/span>[\/vc_toggle][vc_toggle title=&#8221;Was ist der Unterschied zwischen Reiniger und Additiv?&#8221; color=&#8221;white&#8221; custom_font_container=&#8221;tag:h2|text_align:left|color:%23FFFFFF&#8221; custom_use_theme_fonts=&#8221;yes&#8221; css=&#8221;&#8221; use_custom_heading=&#8221;true&#8221;]<span style=\"color: #ffffff;\">Der Reiniger entfernt Schmutz und Ablagerungen aus dem Kraftstoffsystem wie Einspritzd\u00fcsen. Das Additiv pflegt den Motor, sch\u00fctzt vor Rost und steigert die Leistung.<\/span>[\/vc_toggle][\/vc_tta_section][vc_tta_section title=&#8221;Weitere Produktfragen&#8221; tab_id=&#8221;1769612289536-504fbe52-317f&#8221;][vc_toggle title=&#8221;Haben Reiniger und Additiv gleiche F\u00fcllmenge?&#8221; color=&#8221;white&#8221; custom_font_container=&#8221;tag:h2|text_align:left|color:%23FFFFFF&#8221; custom_use_theme_fonts=&#8221;yes&#8221; css=&#8221;&#8221; use_custom_heading=&#8221;true&#8221;]<span style=\"color: #ffffff;\">Nein. Der Reiniger hat 500 ml, das Additiv 250 ml pro Anwendung.<\/span>[\/vc_toggle][vc_toggle title=&#8221;Wie oft wird der Diesel Reiniger angewendet?&#8221; color=&#8221;white&#8221; custom_font_container=&#8221;tag:h2|text_align:left|color:%23FFFFFF&#8221; custom_use_theme_fonts=&#8221;yes&#8221; css=&#8221;&#8221; use_custom_heading=&#8221;true&#8221;]<span style=\"color: #ffffff;\">Wenden Sie den Diesel Reiniger 2-3 Mal j\u00e4hrlich an, ideal vor Saisonwechseln wie Reifenwechsel.<\/span>[\/vc_toggle][vc_toggle title=&#8221;F\u00fcr welche Motoren ist der Diesel Reiniger geeignet?&#8221; color=&#8221;white&#8221; custom_font_container=&#8221;tag:h2|text_align:left|color:%23FFFFFF&#8221; custom_use_theme_fonts=&#8221;yes&#8221; css=&#8221;&#8221; use_custom_heading=&#8221;true&#8221;]<span style=\"color: #ffffff;\">Der Diesel Reiniger passt zu allen Dieselmotoren \u2013 mit oder ohne DPF, Turbo und kompatibel mit Biodiesel.<\/span>[\/vc_toggle][vc_toggle title=&#8221;Wie wird das Diesel Additiv angewendet?&#8221; color=&#8221;white&#8221; custom_font_container=&#8221;tag:h2|text_align:left|color:%23FFFFFF&#8221; custom_use_theme_fonts=&#8221;yes&#8221; css=&#8221;&#8221; use_custom_heading=&#8221;true&#8221;]<span style=\"color: #ffffff;\">F\u00fcllen Sie das Diesel Additiv (250 ml) in einen Tank mit maximal ein Drittel Inhalt ein und tanken Sie dann voll.<\/span>[\/vc_toggle][vc_toggle title=&#8221;Ist der Benzin Reiniger mit E10 kompatibel?&#8221; color=&#8221;white&#8221; custom_font_container=&#8221;tag:h2|text_align:left|color:%23FFFFFF&#8221; custom_use_theme_fonts=&#8221;yes&#8221; css=&#8221;&#8221; use_custom_heading=&#8221;true&#8221;]<span style=\"color: #ffffff;\">Ja. Er eignet sich f\u00fcr E10-Benzin und alle Benzinmotoren in PKW, Motorr\u00e4dern und Generatoren.<\/span>[\/vc_toggle][vc_toggle title=&#8221;In welcher Reihenfolge soll die Diesel Rescue Box Plus angewendet werden?&#8221; color=&#8221;white&#8221; custom_font_container=&#8221;tag:h2|text_align:left|color:%23FFFFFF&#8221; custom_use_theme_fonts=&#8221;yes&#8221; css=&#8221;&#8221; use_custom_heading=&#8221;true&#8221;]<span style=\"color: #ffffff;\">Verwenden Sie zuerst den Systemreiniger (gro\u00dfe rote Flasche), dann beim n\u00e4chsten Tanken den DPF-Reiniger (kleine gelbe Flasche). Die kleine rote Additiv-Flasche kommt bei der \u00fcbern\u00e4chsten Betankung.<\/span>[\/vc_toggle][vc_toggle title=&#8221;Wie oft soll man den Benzin Reiniger anwenden?&#8221; color=&#8221;white&#8221; custom_font_container=&#8221;tag:h2|text_align:left|color:%23FFFFFF&#8221; custom_use_theme_fonts=&#8221;yes&#8221; css=&#8221;&#8221; use_custom_heading=&#8221;true&#8221;]<span style=\"color: #ffffff;\">Wenden Sie den Benzin Reiniger viertelj\u00e4hrlich oder alle 2000 km an (500 ml auf bis 80 l).<\/span>[\/vc_toggle][vc_toggle title=&#8221;Was bewirkt die Benzin Rescue Box?&#8221; color=&#8221;white&#8221; custom_font_container=&#8221;tag:h2|text_align:left|color:%23FFFFFF&#8221; custom_use_theme_fonts=&#8221;yes&#8221; css=&#8221;&#8221; use_custom_heading=&#8221;true&#8221;]<span style=\"color: #ffffff;\">Die Benzin Rescue Box reinigt die Einspritzanlage, optimiert die Vernebelung und senkt Verbrauch plus Abgaswerte.<\/span>[\/vc_toggle][vc_toggle title=&#8221;Unterschied Reiniger und Pflege in der Benzin Rescue Box?&#8221; color=&#8221;white&#8221; custom_font_container=&#8221;tag:h2|text_align:left|color:%23FFFFFF&#8221; custom_use_theme_fonts=&#8221;yes&#8221; css=&#8221;&#8221; use_custom_heading=&#8221;true&#8221;]<span style=\"color: #ffffff;\">Der Reiniger entfernt intensive Ablagerungen, das Pflege-Additiv sch\u00fctzt Ventile und Zylinder langfristig.<\/span>[\/vc_toggle][vc_toggle title=&#8221;Ist die benzin Rescue Box f\u00fcr Motorr\u00e4der geeignet?&#8221; color=&#8221;white&#8221; custom_font_container=&#8221;tag:h2|text_align:left|color:%23FFFFFF&#8221; custom_use_theme_fonts=&#8221;yes&#8221; css=&#8221;&#8221; use_custom_heading=&#8221;true&#8221;]<span style=\"color: #ffffff;\">Ja. Sie passt zu Hochleistungsmotoren wie Motorr\u00e4dern mit E10-Benzin.<\/span>[\/vc_toggle][vc_toggle title=&#8221;Sind Original Syprin Produkte sicher f\u00fcr mein Fahrzeug&#8221; color=&#8221;white&#8221; custom_font_container=&#8221;tag:h2|text_align:left|color:%23FFFFFF&#8221; custom_use_theme_fonts=&#8221;yes&#8221; css=&#8221;&#8221; use_custom_heading=&#8221;true&#8221;]<span style=\"color: #ffffff;\">Ja, Original Syprin Produkte werden unter strengen Qualit\u00e4tsstandards hergestellt und sind sicher f\u00fcr Fahrzeuge. Sie verbessern die Leistung und verl\u00e4ngern die Motordauer<\/span>[\/vc_toggle][vc_toggle title=&#8221;Kann ich Original Syprin Produkte auch f\u00fcr Oldtimer-Fahrzeuge verwenden?&#8221; color=&#8221;white&#8221; custom_font_container=&#8221;tag:h2|text_align:left|color:%23FFFFFF&#8221; custom_use_theme_fonts=&#8221;yes&#8221; css=&#8221;&#8221; use_custom_heading=&#8221;true&#8221;]<span style=\"color: #ffffff;\">Ja, speziell f\u00fcr Oldtimer geeignet: Original Syprin Bleiersatz und Vergaserreiniger passen zu historischen Motoren.<\/span>[\/vc_toggle][vc_toggle title=&#8221;Kann man Reiniger und Additiv zusammen verwenden?&#8221; color=&#8221;white&#8221; custom_font_container=&#8221;tag:h2|text_align:left|color:%23FFFFFF&#8221; custom_use_theme_fonts=&#8221;yes&#8221; css=&#8221;&#8221; use_custom_heading=&#8221;true&#8221;]<span style=\"color: #ffffff;\">Reiniger und Additiv geh\u00f6ren nie zusammen in einen Tank. F\u00fcllen Sie den Reiniger zuerst bei maximal ein Drittel Tankinhalt ein, tanken Sie voll und fahren Sie zun\u00e4chst 80-100 km, danach normal weiter. Das Additiv kommt erst bei der n\u00e4chsten Betankung, dann weiter tanken.<\/span>[\/vc_toggle][\/vc_tta_section][vc_tta_section title=&#8221;Versand &amp; Lieferung&#8221; tab_id=&#8221;1769612289618-2d4e30aa-192f&#8221;][vc_toggle title=&#8221;Wann kommt mein Paket an?&#8221; color=&#8221;white&#8221; custom_font_container=&#8221;tag:h2|text_align:left|color:%23FFFFFF&#8221; custom_use_theme_fonts=&#8221;yes&#8221; css=&#8221;&#8221; use_custom_heading=&#8221;true&#8221;]<span style=\"color: #ffffff;\">Bestellungen, die werktags bis 14 Uhr eingehen, werden noch am selben Tag versendet. Innerhalb Deutschlands trifft Ihre Bestellung in der Regel innerhalb von 1\u20132 Werktagen ein; au\u00dferhalb Deutschlands verl\u00e4ngern sich die Lieferzeiten. Bei Lieferverz\u00f6gerungen durch Streiks der Zustelldienste haben wir leider keinen Einfluss.<\/span>[\/vc_toggle][vc_toggle title=&#8221;Wohin verschicken Sie die Ware?&#8221; color=&#8221;white&#8221; custom_font_container=&#8221;tag:h2|text_align:left|color:%23FFFFFF&#8221; custom_use_theme_fonts=&#8221;yes&#8221; css=&#8221;&#8221; use_custom_heading=&#8221;true&#8221;]<span style=\"color: #ffffff;\">Wir versenden Original Syprin Produkte weltweit.<\/span>[\/vc_toggle][vc_toggle title=&#8221;Wie hoch sind die Versandkosten?&#8221; color=&#8221;white&#8221; custom_font_container=&#8221;tag:h2|text_align:left|color:%23FFFFFF&#8221; custom_use_theme_fonts=&#8221;yes&#8221; css=&#8221;&#8221; use_custom_heading=&#8221;true&#8221;]<span style=\"color: #ffffff;\">In Deutschland versandkostenfrei. EU und weltweites Ausland: abweichende Versandkosten.<\/span>[\/vc_toggle][vc_toggle title=&#8221;Wann versenden Sie meine Bestellung?&#8221; color=&#8221;white&#8221; custom_font_container=&#8221;tag:h2|text_align:left|color:%23FFFFFF&#8221; custom_use_theme_fonts=&#8221;yes&#8221; css=&#8221;&#8221; use_custom_heading=&#8221;true&#8221;]<span style=\"color: #ffffff;\">Wir versenden alle Bestellungen Montag bis Freitag.<\/span>[\/vc_toggle][\/vc_tta_section][vc_tta_section title=&#8221;R\u00fcckgabe &amp; Reklamation&#8221; tab_id=&#8221;1769612289647-60abe229-aa12&#8243;][vc_toggle title=&#8221;Bieten Sie eine R\u00fcckerstattung oder einen Umtausch an?&#8221; color=&#8221;white&#8221; custom_font_container=&#8221;tag:h2|text_align:left|color:%23FFFFFF&#8221; custom_use_theme_fonts=&#8221;yes&#8221; css=&#8221;&#8221; use_custom_heading=&#8221;true&#8221;]<span style=\"color: #ffffff;\">Sie k\u00f6nnen innerhalb von 30 Tagen Ihre Ware in Originalverpackung zur\u00fccksenden. Bei Falschbestellung ist auch Umtausch m\u00f6glich.<\/span>[\/vc_toggle][vc_toggle title=&#8221;Bieten Sie Kundesupport an Wochenenden \/ Feiertagen an?&#8221; color=&#8221;white&#8221; custom_font_container=&#8221;tag:h2|text_align:left|color:%23FFFFFF&#8221; custom_use_theme_fonts=&#8221;yes&#8221; css=&#8221;&#8221; use_custom_heading=&#8221;true&#8221;]<span style=\"color: #ffffff;\">Nein, am Wochenende und an Feiertagen hat unser Team frei. Wir beantworten Ihre Fragen montags bis freitags.<\/span>[\/vc_toggle][vc_toggle title=&#8221;Wie kann ich einen Artikel reklamieren?&#8221; color=&#8221;white&#8221; custom_font_container=&#8221;tag:h2|text_align:left|color:%23FFFFFF&#8221; custom_use_theme_fonts=&#8221;yes&#8221; css=&#8221;&#8221; use_custom_heading=&#8221;true&#8221;]<span style=\"color: #ffffff;\">Sollten Sie Grund zur Beanstandung haben, melden Sie sich bei uns per E-Mail oder Telefon. Unser Bestreben ist es, Ihnen ausnahmslos Qualit\u00e4tsprodukte auszuliefern.<\/span>[\/vc_toggle][vc_toggle title=&#8221;Was mache ich, wenn ein Artikel beim Versand besch\u00e4digt wurde?&#8221; color=&#8221;white&#8221; custom_font_container=&#8221;tag:h2|text_align:left|color:%23FFFFFF&#8221; custom_use_theme_fonts=&#8221;yes&#8221; css=&#8221;&#8221; use_custom_heading=&#8221;true&#8221;]<span style=\"color: #ffffff;\">\u00dcberpr\u00fcfen Sie die Ware idealerweise in Anwesenheit des Lieferanten auf Unversehrtheit. Bei defektem Paket nehmen Sie schnellstm\u00f6glich Kontakt auf und senden Fotos der besch\u00e4digten Ware.<\/span>[\/vc_toggle][\/vc_tta_section][vc_tta_section title=&#8221;Original Syprin&#8221; tab_id=&#8221;1769612289677-9c12c5c8-4bab&#8221;][vc_toggle title=&#8221;Wer steht hinter Original Syprin?&#8221; color=&#8221;white&#8221; custom_font_container=&#8221;tag:h2|text_align:left|color:%23FFFFFF&#8221; custom_use_theme_fonts=&#8221;yes&#8221; css=&#8221;&#8221; use_custom_heading=&#8221;true&#8221;]<span style=\"color: #ffffff;\">Original Syprin wurde von den Gebr\u00fcder Andy und Tino Lang, Industriemeister mit Liebe zu Motoren, entwickelt.<\/span>[\/vc_toggle][vc_toggle title=&#8221;Wann kann ich Sie erreichen?&#8221; color=&#8221;white&#8221; custom_font_container=&#8221;tag:h2|text_align:left|color:%23FFFFFF&#8221; custom_use_theme_fonts=&#8221;yes&#8221; css=&#8221;&#8221; use_custom_heading=&#8221;true&#8221;]<span style=\"color: #ffffff;\">Montags bis freitags bis 15 Uhr sind wir telefonisch, per Kontaktformular oder E-Mail erreichbar.<\/span>[\/vc_toggle][vc_toggle title=&#8221;Wie lange gibt es Original Syprin schon?&#8221; color=&#8221;white&#8221; custom_font_container=&#8221;tag:h2|text_align:left|color:%23FFFFFF&#8221; custom_use_theme_fonts=&#8221;yes&#8221; css=&#8221;&#8221; use_custom_heading=&#8221;true&#8221;]<span style=\"color: #ffffff;\">Original Syprin gibt es seit 2010. Unser Firmensitz ist in Chemnitz\/Gr\u00fcna, Sachsen.<\/span>[\/vc_toggle][vc_toggle title=&#8221;Warum sollte ich Original Syprin Produkte kaufen?&#8221; color=&#8221;white&#8221; custom_font_container=&#8221;tag:h2|text_align:left|color:%23FFFFFF&#8221; custom_use_theme_fonts=&#8221;yes&#8221; css=&#8221;&#8221; use_custom_heading=&#8221;true&#8221;]<span style=\"color: #ffffff;\">Original Syprin reinigt gr\u00fcndlicher als g\u00fcnstige Alternativen dank deutscher Qualit\u00e4tsfertigung und verbessert Leerlauf, Gasannahme sowie Verbrauch bei \u00e4lteren Motoren sp\u00fcrbar. Nutzer berichten von ruhigeren Motorlauf bereits nach einer Tankf\u00fcllung. Es l\u00f6st hartn\u00e4ckigen Ru\u00df, verhindert Ablagerungen und bietet langfristigen Motorschutz f\u00fcr h\u00f6chste Anspr\u00fcche.<\/span>[\/vc_toggle][\/vc_tta_section][\/vc_tta_accordion][\/vc_column][\/vc_row]<\/p>\n<\/div>","protected":false},"excerpt":{"rendered":"<p>[vc_row css=&#8221;.vc_custom_1767882194541{margin-top: 50px !important;}&#8221;][vc_column][vc_column_text css=&#8221;&#8221;] Frequently Asked Questions The following FAQs are some common questions from our customers. If you have any further questions, please feel free to send them to info@syprin.de.[\/vc_column_text][\/vc_column][\/vc_row][vc_row][vc_column width=&#8221;1\/4&#8243;][vc_column_text css=&#8221;&#8221;] Need help? If you have a problem or question that requires immediate assistance, you can click the button below to chat [&hellip;]<\/p>\n","protected":false},"author":14,"featured_media":0,"parent":0,"menu_order":0,"comment_status":"closed","ping_status":"closed","template":"","meta":{"footnotes":""},"class_list":["post-7203","page","type-page","status-publish","hentry"],"_links":{"self":[{"href":"https:\/\/syprin.de\/hu\/wp-json\/wp\/v2\/pages\/7203","targetHints":{"allow":["GET"]}}],"collection":[{"href":"https:\/\/syprin.de\/hu\/wp-json\/wp\/v2\/pages"}],"about":[{"href":"https:\/\/syprin.de\/hu\/wp-json\/wp\/v2\/types\/page"}],"author":[{"embeddable":true,"href":"https:\/\/syprin.de\/hu\/wp-json\/wp\/v2\/users\/14"}],"replies":[{"embeddable":true,"href":"https:\/\/syprin.de\/hu\/wp-json\/wp\/v2\/comments?post=7203"}],"version-history":[{"count":4,"href":"https:\/\/syprin.de\/hu\/wp-json\/wp\/v2\/pages\/7203\/revisions"}],"predecessor-version":[{"id":7245,"href":"https:\/\/syprin.de\/hu\/wp-json\/wp\/v2\/pages\/7203\/revisions\/7245"}],"wp:attachment":[{"href":"https:\/\/syprin.de\/hu\/wp-json\/wp\/v2\/media?parent=7203"}],"curies":[{"name":"wp","href":"https:\/\/api.w.org\/{rel}","templated":true}]}}