{"id":7194,"date":"2026-04-15T11:02:07","date_gmt":"2026-04-15T09:02:07","guid":{"rendered":"https:\/\/syprin.de\/?page_id=7194"},"modified":"2026-04-30T16:25:42","modified_gmt":"2026-04-30T14:25:42","slug":"altalanos-szerzodesi-feltetelek","status":"publish","type":"page","link":"https:\/\/syprin.de\/hu\/altalanos-szerzodesi-feltetelek\/","title":{"rendered":"\u00c1ltal\u00e1nos szerz\u0151d\u00e9si felt\u00e9telek"},"content":{"rendered":"<div class=\"wpb-content-wrapper\"><p>[vc_row][vc_column width=&#8221;1\/4&#8243;][vc_empty_space height=&#8221;1px&#8221;][\/vc_column][vc_column width=&#8221;1\/2&#8243;][vc_column_text css=&#8221;&#8221;]<\/p>\n<div class=\"shopify-policy__body\">\n<div class=\"rte\">\n<div style=\"text-align: center;\">\n<h1><span style=\"color: #ffffff;\">\u00c1ltal\u00e1nos Szerz\u0151d\u00e9si Felt\u00e9telek (\u00c1SZF)<\/span><\/h1>\n<h2><span style=\"color: #ffffff;\">Tartalomjegyz\u00e9k<\/span><\/h2>\n<ol>\n<li><span style=\"color: #ffffff;\">Hat\u00e1ly<\/span><\/li>\n<li><span style=\"color: #ffffff;\">Szerz\u0151d\u00e9sk\u00f6t\u00e9s<\/span><\/li>\n<li><span style=\"color: #ffffff;\">El\u00e1ll\u00e1si jog<\/span><\/li>\n<li><span style=\"color: #ffffff;\">\u00c1rak \u00e9s fizet\u00e9si felt\u00e9telek<\/span><\/li>\n<li><span style=\"color: #ffffff;\">Sz\u00e1ll\u00edt\u00e1si \u00e9s k\u00e9zbes\u00edt\u00e9si felt\u00e9telek<\/span><\/li>\n<li><span style=\"color: #ffffff;\">El\u0151fizet\u00e9ses szerz\u0151d\u00e9sek id\u0151tartama \u00e9s megsz\u00fcntet\u00e9se<\/span><\/li>\n<li><span style=\"color: #ffffff;\">Tulajdonjog fenntart\u00e1sa<\/span><\/li>\n<li><span style=\"color: #ffffff;\">Kell\u00e9kszavatoss\u00e1g (j\u00f3t\u00e1ll\u00e1s)<\/span><\/li>\n<li><span style=\"color: #ffffff;\">Felel\u0151ss\u00e9g<\/span><\/li>\n<li><span style=\"color: #ffffff;\">Prom\u00f3ci\u00f3s kuponok bev\u00e1lt\u00e1sa<\/span><\/li>\n<li><span style=\"color: #ffffff;\">Aj\u00e1nd\u00e9kutalv\u00e1nyok bev\u00e1lt\u00e1sa<\/span><\/li>\n<li><span style=\"color: #ffffff;\">Alkalmazand\u00f3 jog<\/span><\/li>\n<li><span style=\"color: #ffffff;\">Illet\u00e9kes b\u00edr\u00f3s\u00e1g<\/span><\/li>\n<li><span style=\"color: #ffffff;\">Magatart\u00e1si k\u00f3dex<\/span><\/li>\n<li><span style=\"color: #ffffff;\">Alternat\u00edv vitarendez\u00e9s<\/span><\/li>\n<\/ol>\n<h2><span style=\"color: #ffffff;\">1) Hat\u00e1ly<\/span><\/h2>\n<h3><span style=\"color: #ffffff;\">1.1<\/span><\/h3>\n<p><span style=\"color: #ffffff;\">Ezek az \u00c1ltal\u00e1nos Szerz\u0151d\u00e9si Felt\u00e9telek (a tov\u00e1bbiakban: \u201e\u00c1SZF\u201d) az OS Motorsystem GmbH &amp; Co. KG (a tov\u00e1bbiakban: \u201eElad\u00f3\u201d) \u00e1ltal \u00fczemeltetett online \u00e1ruh\u00e1zban k\u00edn\u00e1lt term\u00e9kek ad\u00e1sv\u00e9tel\u00e9re vonatkoz\u00f3 minden szerz\u0151d\u00e9sre \u00e9rv\u00e9nyesek, amelyeket fogyaszt\u00f3 vagy v\u00e1llalkoz\u00e1s (a tov\u00e1bbiakban: \u201eVev\u0151\u201d) k\u00f6t az Elad\u00f3val.<\/span><\/p>\n<h3><span style=\"color: #ffffff;\">1.2<\/span><\/h3>\n<p><span style=\"color: #ffffff;\">Az utalv\u00e1nyok \u00e9rt\u00e9kes\u00edt\u00e9s\u00e9re vonatkoz\u00f3 szerz\u0151d\u00e9sekre ezek az \u00c1SZF-ek megfelel\u0151en alkalmazand\u00f3k, amennyiben elt\u00e9r\u0151 szab\u00e1lyoz\u00e1s nincs meghat\u00e1rozva.<\/span><\/p>\n<h3><span style=\"color: #ffffff;\">1.3<\/span><\/h3>\n<p><span style=\"color: #ffffff;\">Fogyaszt\u00f3nak min\u0151s\u00fcl minden term\u00e9szetes szem\u00e9ly, aki jog\u00fcgyletet f\u0151k\u00e9nt nem kereskedelmi vagy \u00f6n\u00e1ll\u00f3 szakmai tev\u00e9kenys\u00e9g\u00e9hez kapcsol\u00f3d\u00f3 c\u00e9lb\u00f3l k\u00f6t.<\/span><\/p>\n<h3><span style=\"color: #ffffff;\">1.4<\/span><\/h3>\n<p><span style=\"color: #ffffff;\">V\u00e1llalkoz\u00f3nak min\u0151s\u00fcl minden term\u00e9szetes vagy jogi szem\u00e9ly, illetve jogk\u00e9pes szem\u00e9lyegyes\u00fcl\u00e9s, aki saj\u00e1t kereskedelmi vagy \u00f6n\u00e1ll\u00f3 szakmai tev\u00e9kenys\u00e9ge keret\u00e9ben j\u00e1r el.<\/span><\/p>\n<h3><span style=\"color: #ffffff;\">1.5<\/span><\/h3>\n<p><span style=\"color: #ffffff;\">A szerz\u0151d\u00e9s t\u00e1rgya a term\u00e9kle\u00edr\u00e1s alapj\u00e1n lehet egyszeri sz\u00e1ll\u00edt\u00e1s vagy folyamatos sz\u00e1ll\u00edt\u00e1s (el\u0151fizet\u00e9ses szerz\u0151d\u00e9s).<\/span><\/p>\n<h2><span style=\"color: #ffffff;\">2) Szerz\u0151d\u00e9sk\u00f6t\u00e9s<\/span><\/h2>\n<h3><span style=\"color: #ffffff;\">2.1<\/span><\/h3>\n<p><span style=\"color: #ffffff;\">Az online \u00e1ruh\u00e1zban tal\u00e1lhat\u00f3 term\u00e9kle\u00edr\u00e1sok nem min\u0151s\u00fclnek k\u00f6telez\u0151 \u00e9rv\u00e9ny\u0171 aj\u00e1nlatnak, hanem a Vev\u0151 aj\u00e1nlatt\u00e9tel\u00e9re szolg\u00e1lnak.<\/span><\/p>\n<h3><span style=\"color: #ffffff;\">2.2<\/span><\/h3>\n<p><span style=\"color: #ffffff;\">A Vev\u0151 az aj\u00e1nlatot az online rendel\u00e9si folyamat sor\u00e1n adhatja le. A kos\u00e1rba helyezett term\u00e9kek megrendel\u00e9s\u00e9vel \u00e9s a rendel\u00e9si folyamat v\u00e9g\u00e9n tal\u00e1lhat\u00f3 gomb megnyom\u00e1s\u00e1val jogilag k\u00f6telez\u0151 aj\u00e1nlatot tesz.<\/span><\/p>\n<h3><span style=\"color: #ffffff;\">2.3<\/span><\/h3>\n<p><span style=\"color: #ffffff;\">Az Elad\u00f3 az aj\u00e1nlatot \u00f6t napon bel\u00fcl elfogadhatja:<\/span><\/p>\n<ul>\n<li><span style=\"color: #ffffff;\">\u00edr\u00e1sos vagy elektronikus rendel\u00e9s-visszaigazol\u00e1ssal,<\/span><\/li>\n<li><span style=\"color: #ffffff;\">a term\u00e9k kisz\u00e1ll\u00edt\u00e1s\u00e1val,<\/span><\/li>\n<li><span style=\"color: #ffffff;\">fizet\u00e9sre t\u00f6rt\u00e9n\u0151 felsz\u00f3l\u00edt\u00e1ssal.<\/span><\/li>\n<\/ul>\n<h3><span style=\"color: #ffffff;\">2.4<\/span><\/h3>\n<p><span style=\"color: #ffffff;\">PayPal fizet\u00e9si m\u00f3d v\u00e1laszt\u00e1sa eset\u00e9n a fizet\u00e9s a PayPal Europe S.\u00e0 r.l. et Cie, S.C.A. k\u00f6zrem\u0171k\u00f6d\u00e9s\u00e9vel t\u00f6rt\u00e9nik.<\/span><\/p>\n<h3><span style=\"color: #ffffff;\">2.5<\/span><\/h3>\n<p><span style=\"color: #ffffff;\">A szerz\u0151d\u00e9s sz\u00f6veg\u00e9t az Elad\u00f3 menti \u00e9s a rendel\u00e9s ut\u00e1n elektronikus form\u00e1ban elk\u00fcldi a Vev\u0151nek.<\/span><\/p>\n<h3><span style=\"color: #ffffff;\">2.6<\/span><\/h3>\n<p><span style=\"color: #ffffff;\">A Vev\u0151 a rendel\u00e9si folyamat sor\u00e1n b\u00e1rmikor jav\u00edthatja adatbeviteli hib\u00e1it.<\/span><\/p>\n<h3><span style=\"color: #ffffff;\">2.7<\/span><\/h3>\n<p><span style=\"color: #ffffff;\">A szerz\u0151d\u00e9s k\u00fcl\u00f6nb\u00f6z\u0151 nyelveken k\u00f6thet\u0151 meg az online \u00e1ruh\u00e1z nyelvi be\u00e1ll\u00edt\u00e1sai szerint.<\/span><\/p>\n<h3><span style=\"color: #ffffff;\">2.8<\/span><\/h3>\n<p><span style=\"color: #ffffff;\">A rendel\u00e9s feldolgoz\u00e1sa rendszerint e-mailben t\u00f6rt\u00e9nik.<\/span><\/p>\n<h2><span style=\"color: #ffffff;\">3) El\u00e1ll\u00e1si jog<\/span><\/h2>\n<h3><span style=\"color: #ffffff;\">3.1<\/span><\/h3>\n<p><span style=\"color: #ffffff;\">A fogyaszt\u00f3kat t\u00f6rv\u00e9nyes el\u00e1ll\u00e1si jog illeti meg.<\/span><\/p>\n<h3><span style=\"color: #ffffff;\">3.2<\/span><\/h3>\n<p><span style=\"color: #ffffff;\">Az el\u00e1ll\u00e1si jog r\u00e9szletes szab\u00e1lyait az Elad\u00f3 k\u00fcl\u00f6n el\u00e1ll\u00e1si t\u00e1j\u00e9koztat\u00f3ja tartalmazza.<\/span><\/p>\n<h3><span style=\"color: #ffffff;\">3.3<\/span><\/h3>\n<p><span style=\"color: #ffffff;\">Az el\u00e1ll\u00e1si jog nem illeti meg azokat a fogyaszt\u00f3kat, akik az Eur\u00f3pai Uni\u00f3n k\u00edv\u00fcl rendelkeznek lak\u00f3hellyel \u00e9s sz\u00e1ll\u00edt\u00e1si c\u00edmmel.<\/span><\/p>\n<h2><span style=\"color: #ffffff;\">4) \u00c1rak \u00e9s fizet\u00e9si felt\u00e9telek<\/span><\/h2>\n<h3><span style=\"color: #ffffff;\">4.1<\/span><\/h3>\n<p><span style=\"color: #ffffff;\">A felt\u00fcntetett \u00e1rak teljes \u00e1rak, amelyek tartalmazz\u00e1k a t\u00f6rv\u00e9nyes \u00e1f\u00e1t.<\/span><\/p>\n<h3><span style=\"color: #ffffff;\">4.2<\/span><\/h3>\n<p><span style=\"color: #ffffff;\">EU-n k\u00edv\u00fcli sz\u00e1ll\u00edt\u00e1s eset\u00e9n tov\u00e1bbi k\u00f6lts\u00e9gek mer\u00fclhetnek fel, p\u00e9ld\u00e1ul v\u00e1mok vagy banki d\u00edjak.<\/span><\/p>\n<h3><span style=\"color: #ffffff;\">4.3<\/span><\/h3>\n<p><span style=\"color: #ffffff;\">Az el\u00e9rhet\u0151 fizet\u00e9si m\u00f3dokat az online \u00e1ruh\u00e1z jelen\u00edti meg.<\/span><\/p>\n<h3><span style=\"color: #ffffff;\">4.4<\/span><\/h3>\n<p><span style=\"color: #ffffff;\">El\u0151re utal\u00e1s eset\u00e9n a fizet\u00e9s a szerz\u0151d\u00e9s l\u00e9trej\u00f6ttekor esed\u00e9kes.<\/span><\/p>\n<h3><span style=\"color: #ffffff;\">4.5<\/span><\/h3>\n<p><span style=\"color: #ffffff;\">\u201eSofort\u00fcberweisung\u201d fizet\u00e9s eset\u00e9n a Klarna Bank AB kezeli a fizet\u00e9st.<\/span><\/p>\n<h3><span style=\"color: #ffffff;\">4.6<\/span><\/h3>\n<p><span style=\"color: #ffffff;\">Apple Pay haszn\u00e1lata eset\u00e9n a fizet\u00e9s az Apple Distribution International rendszeren kereszt\u00fcl t\u00f6rt\u00e9nik.<\/span><\/p>\n<h3><span style=\"color: #ffffff;\">4.7<\/span><\/h3>\n<p><span style=\"color: #ffffff;\">Google Pay haszn\u00e1lata eset\u00e9n a fizet\u00e9s a Google Ireland Limited rendszeren kereszt\u00fcl t\u00f6rt\u00e9nik.<\/span><\/p>\n<h3><span style=\"color: #ffffff;\">4.8<\/span><\/h3>\n<p><span style=\"color: #ffffff;\">Mollie fizet\u00e9s eset\u00e9n a Mollie B.V. v\u00e9gzi a fizet\u00e9si feldolgoz\u00e1st.<\/span><\/p>\n<h3><span style=\"color: #ffffff;\">4.9<\/span><\/h3>\n<p><span style=\"color: #ffffff;\">SumUp fizet\u00e9s eset\u00e9n a SumUp Limited m\u0171k\u00f6dik k\u00f6zre.<\/span><\/p>\n<h3><span style=\"color: #ffffff;\">4.10<\/span><\/h3>\n<p><span style=\"color: #ffffff;\">PayPal beszed\u00e9s eset\u00e9n a fizet\u00e9s SEPA beszed\u00e9ssel t\u00f6rt\u00e9nik.<\/span><\/p>\n<h2><span style=\"color: #ffffff;\">5) Sz\u00e1ll\u00edt\u00e1si \u00e9s k\u00e9zbes\u00edt\u00e9si felt\u00e9telek<\/span><\/h2>\n<h3><span style=\"color: #ffffff;\">5.1<\/span><\/h3>\n<p><span style=\"color: #ffffff;\">A kisz\u00e1ll\u00edt\u00e1s a megadott sz\u00e1ll\u00edt\u00e1si c\u00edmre t\u00f6rt\u00e9nik.<\/span><\/p>\n<h3><span style=\"color: #ffffff;\">5.2<\/span><\/h3>\n<p><span style=\"color: #ffffff;\">Sped\u00edci\u00f3s sz\u00e1ll\u00edt\u00e1s eset\u00e9n a k\u00e9zbes\u00edt\u00e9s az utcafronti j\u00e1rdaszeg\u00e9lyig t\u00f6rt\u00e9nik.<\/span><\/p>\n<h3><span style=\"color: #ffffff;\">5.3<\/span><\/h3>\n<p><span style=\"color: #ffffff;\">Ha a k\u00e9zbes\u00edt\u00e9s a Vev\u0151 hib\u00e1j\u00e1b\u00f3l sikertelen, az ebb\u0151l ered\u0151 k\u00f6lts\u00e9gek a Vev\u0151t terhelik.<\/span><\/p>\n<h3><span style=\"color: #ffffff;\">5.4<\/span><\/h3>\n<p><span style=\"color: #ffffff;\">V\u00e1llalkoz\u00e1sok eset\u00e9n a k\u00e1rvesz\u00e9ly a fuvaroz\u00f3nak t\u00f6rt\u00e9n\u0151 \u00e1tad\u00e1skor sz\u00e1ll \u00e1t.<\/span><\/p>\n<h3><span style=\"color: #ffffff;\">5.5<\/span><\/h3>\n<p><span style=\"color: #ffffff;\">Az Elad\u00f3 fenntartja a jogot a szerz\u0151d\u00e9st\u0151l val\u00f3 el\u00e1ll\u00e1sra, ha az \u00e1rut besz\u00e1ll\u00edt\u00f3i okok miatt nem tudja biztos\u00edtani.<\/span><\/p>\n<h3><span style=\"color: #ffffff;\">5.6<\/span><\/h3>\n<p><span style=\"color: #ffffff;\">Szem\u00e9lyes \u00e1tv\u00e9tel eset\u00e9n sz\u00e1ll\u00edt\u00e1si k\u00f6lts\u00e9g nem ker\u00fcl felsz\u00e1m\u00edt\u00e1sra.<\/span><\/p>\n<h3><span style=\"color: #ffffff;\">5.7<\/span><\/h3>\n<p><span style=\"color: #ffffff;\">Az utalv\u00e1nyok k\u00e9zbes\u00edt\u00e9se t\u00f6rt\u00e9nhet:<\/span><\/p>\n<ul>\n<li><span style=\"color: #ffffff;\">e-mailben<\/span><\/li>\n<li><span style=\"color: #ffffff;\">postai \u00faton<\/span><\/li>\n<\/ul>\n<h2><span style=\"color: #ffffff;\">6) El\u0151fizet\u00e9ses szerz\u0151d\u00e9sek id\u0151tartama \u00e9s megsz\u00fcntet\u00e9se<\/span><\/h2>\n<h3><span style=\"color: #ffffff;\">6.1<\/span><\/h3>\n<p><span style=\"color: #ffffff;\">Az el\u0151fizet\u00e9ses szerz\u0151d\u00e9sek hat\u00e1rozatlan id\u0151re j\u00f6nnek l\u00e9tre, minim\u00e1lis futamid\u0151vel.<\/span><\/p>\n<h3><span style=\"color: #ffffff;\">6.2<\/span><\/h3>\n<p><span style=\"color: #ffffff;\">A rendk\u00edv\u00fcli felmond\u00e1s joga fontos okb\u00f3l fennmarad.<\/span><\/p>\n<h3><span style=\"color: #ffffff;\">6.3<\/span><\/h3>\n<p><span style=\"color: #ffffff;\">A felmond\u00e1s \u00edr\u00e1sban, e-mailben vagy online felmond\u00e1si funkci\u00f3n kereszt\u00fcl t\u00f6rt\u00e9nhet.<\/span><\/p>\n<h2><span style=\"color: #ffffff;\">7) Tulajdonjog fenntart\u00e1sa<\/span><\/h2>\n<p><span style=\"color: #ffffff;\">Az Elad\u00f3 fenntartja a tulajdonjogot a teljes v\u00e9tel\u00e1r kiegyenl\u00edt\u00e9s\u00e9ig.<\/span><\/p>\n<h2><span style=\"color: #ffffff;\">8) Kell\u00e9kszavatoss\u00e1g<\/span><\/h2>\n<h3><span style=\"color: #ffffff;\">8.1<\/span><\/h3>\n<p><span style=\"color: #ffffff;\">V\u00e1llalkoz\u00e1sok eset\u00e9n az Elad\u00f3 d\u00f6nthet a kijav\u00edt\u00e1s vagy csere m\u00f3dj\u00e1r\u00f3l.<\/span><\/p>\n<h3><span style=\"color: #ffffff;\">8.2<\/span><\/h3>\n<p><span style=\"color: #ffffff;\">A korl\u00e1toz\u00e1sok nem \u00e9rv\u00e9nyesek csal\u00e1s, sz\u00e1nd\u00e9koss\u00e1g vagy szem\u00e9lyi s\u00e9r\u00fcl\u00e9s eset\u00e9n.<\/span><\/p>\n<h3><span style=\"color: #ffffff;\">8.3<\/span><\/h3>\n<p><span style=\"color: #ffffff;\">A t\u00f6rv\u00e9nyes el\u00e9v\u00fcl\u00e9si id\u0151k v\u00e1ltozatlanok maradnak.<\/span><\/p>\n<h3><span style=\"color: #ffffff;\">8.4<\/span><\/h3>\n<p><span style=\"color: #ffffff;\">Keresked\u0151 \u00fcgyfelekre vonatkozik az \u00e1ruvizsg\u00e1lati \u00e9s kifog\u00e1sol\u00e1si k\u00f6telezetts\u00e9g.<\/span><\/p>\n<h3><span style=\"color: #ffffff;\">8.5<\/span><\/h3>\n<p><span style=\"color: #ffffff;\">Fogyaszt\u00f3knak aj\u00e1nlott a sz\u00e1ll\u00edt\u00e1si s\u00e9r\u00fcl\u00e9seket azonnal jelezni.<\/span><\/p>\n<h2><span style=\"color: #ffffff;\">9) Felel\u0151ss\u00e9g<\/span><\/h2>\n<h3><span style=\"color: #ffffff;\">9.1<\/span><\/h3>\n<p><span style=\"color: #ffffff;\">Az Elad\u00f3 korl\u00e1tlanul felel:<\/span><\/p>\n<ul>\n<li><span style=\"color: #ffffff;\">sz\u00e1nd\u00e9koss\u00e1g vagy s\u00falyos gondatlans\u00e1g eset\u00e9n,<\/span><\/li>\n<li><span style=\"color: #ffffff;\">\u00e9let, testi \u00e9ps\u00e9g vagy eg\u00e9szs\u00e9g s\u00e9relme eset\u00e9n,<\/span><\/li>\n<li><span style=\"color: #ffffff;\">garanciav\u00e1llal\u00e1s eset\u00e9n,<\/span><\/li>\n<li><span style=\"color: #ffffff;\">k\u00f6telez\u0151 jogszab\u00e1lyi felel\u0151ss\u00e9g eset\u00e9n.<\/span><\/li>\n<\/ul>\n<h3><span style=\"color: #ffffff;\">9.2<\/span><\/h3>\n<p><span style=\"color: #ffffff;\">Enyhe gondatlans\u00e1g eset\u00e9n a felel\u0151ss\u00e9g az el\u0151re l\u00e1that\u00f3, tipikus k\u00e1rokra korl\u00e1toz\u00f3dik.<\/span><\/p>\n<h3><span style=\"color: #ffffff;\">9.3<\/span><\/h3>\n<p><span style=\"color: #ffffff;\">Egy\u00e9b esetekben a felel\u0151ss\u00e9g kiz\u00e1rt.<\/span><\/p>\n<h2><span style=\"color: #ffffff;\">10) Prom\u00f3ci\u00f3s kuponok bev\u00e1lt\u00e1sa<\/span><\/h2>\n<h3><span style=\"color: #ffffff;\">10.1<\/span><\/h3>\n<p><span style=\"color: #ffffff;\">A prom\u00f3ci\u00f3s kuponok csak a megadott id\u0151szakban haszn\u00e1lhat\u00f3k fel.<\/span><\/p>\n<h3><span style=\"color: #ffffff;\">10.2<\/span><\/h3>\n<p><span style=\"color: #ffffff;\">Bizonyos term\u00e9kek kiz\u00e1rhat\u00f3k az akci\u00f3b\u00f3l.<\/span><\/p>\n<h3><span style=\"color: #ffffff;\">10.3<\/span><\/h3>\n<p><span style=\"color: #ffffff;\">A kuponokat a rendel\u00e9s lez\u00e1r\u00e1sa el\u0151tt kell bev\u00e1ltani.<\/span><\/p>\n<h3><span style=\"color: #ffffff;\">10.4<\/span><\/h3>\n<p><span style=\"color: #ffffff;\">Rendel\u00e9senk\u00e9nt csak egy prom\u00f3ci\u00f3s kupon haszn\u00e1lhat\u00f3.<\/span><\/p>\n<h3><span style=\"color: #ffffff;\">10.5<\/span><\/h3>\n<p><span style=\"color: #ffffff;\">A kupon \u00e9rt\u00e9k\u00e9nek megfelel\u0151 minim\u00e1lis rendel\u00e9si \u00f6sszeg sz\u00fcks\u00e9ges.<\/span><\/p>\n<h3><span style=\"color: #ffffff;\">10.6<\/span><\/h3>\n<p><span style=\"color: #ffffff;\">A fennmarad\u00f3 \u00f6sszeg m\u00e1s fizet\u00e9si m\u00f3ddal rendezhet\u0151.<\/span><\/p>\n<h3><span style=\"color: #ffffff;\">10.7<\/span><\/h3>\n<p><span style=\"color: #ffffff;\">A kupon k\u00e9szp\u00e9nzre nem v\u00e1lthat\u00f3.<\/span><\/p>\n<h3><span style=\"color: #ffffff;\">10.8<\/span><\/h3>\n<p><span style=\"color: #ffffff;\">El\u00e1ll\u00e1s eset\u00e9n a prom\u00f3ci\u00f3s kupon \u00e9rt\u00e9ke nem t\u00e9r\u00edthet\u0151 vissza.<\/span><\/p>\n<h3><span style=\"color: #ffffff;\">10.9<\/span><\/h3>\n<p><span style=\"color: #ffffff;\">A kupon \u00e1truh\u00e1zhat\u00f3.<\/span><\/p>\n<h2><span style=\"color: #ffffff;\">11) Aj\u00e1nd\u00e9kutalv\u00e1nyok bev\u00e1lt\u00e1sa<\/span><\/h2>\n<h3><span style=\"color: #ffffff;\">11.1<\/span><\/h3>\n<p><span style=\"color: #ffffff;\">Az aj\u00e1nd\u00e9kutalv\u00e1nyok csak az online \u00e1ruh\u00e1zban v\u00e1lthat\u00f3k be.<\/span><\/p>\n<h3><span style=\"color: #ffffff;\">11.2<\/span><\/h3>\n<p><span style=\"color: #ffffff;\">Az aj\u00e1nd\u00e9kutalv\u00e1nyok a v\u00e1s\u00e1rl\u00e1st k\u00f6vet\u0151 harmadik \u00e9v v\u00e9g\u00e9ig \u00e9rv\u00e9nyesek.<\/span><\/p>\n<h3><span style=\"color: #ffffff;\">11.3<\/span><\/h3>\n<p><span style=\"color: #ffffff;\">Az utalv\u00e1nyt a rendel\u00e9s v\u00e9gleges\u00edt\u00e9se el\u0151tt kell bev\u00e1ltani.<\/span><\/p>\n<h3><span style=\"color: #ffffff;\">11.4<\/span><\/h3>\n<p><span style=\"color: #ffffff;\">Aj\u00e1nd\u00e9kutalv\u00e1nnyal m\u00e1sik utalv\u00e1ny nem v\u00e1s\u00e1rolhat\u00f3.<\/span><\/p>\n<h3><span style=\"color: #ffffff;\">11.5<\/span><\/h3>\n<p><span style=\"color: #ffffff;\">Hi\u00e1nyz\u00f3 \u00f6sszeg m\u00e1s fizet\u00e9si m\u00f3ddal p\u00f3tolhat\u00f3.<\/span><\/p>\n<h3><span style=\"color: #ffffff;\">11.6<\/span><\/h3>\n<p><span style=\"color: #ffffff;\">Az utalv\u00e1ny k\u00e9szp\u00e9nzre nem v\u00e1lthat\u00f3.<\/span><\/p>\n<h3><span style=\"color: #ffffff;\">11.7<\/span><\/h3>\n<p><span style=\"color: #ffffff;\">Az aj\u00e1nd\u00e9kutalv\u00e1ny \u00e1truh\u00e1zhat\u00f3.<\/span><\/p>\n<h2><span style=\"color: #ffffff;\">12) Alkalmazand\u00f3 jog<\/span><\/h2>\n<h3><span style=\"color: #ffffff;\">12.1<\/span><\/h3>\n<p><span style=\"color: #ffffff;\">A szerz\u0151d\u00e9sre a N\u00e9met Sz\u00f6vets\u00e9gi K\u00f6zt\u00e1rsas\u00e1g joga alkalmazand\u00f3.<\/span><\/p>\n<h3><span style=\"color: #ffffff;\">12.2<\/span><\/h3>\n<p><span style=\"color: #ffffff;\">A fogyaszt\u00f3 k\u00f6telez\u0151 jogait ez nem korl\u00e1tozza.<\/span><\/p>\n<h2><span style=\"color: #ffffff;\">13) Illet\u00e9kes b\u00edr\u00f3s\u00e1g<\/span><\/h2>\n<p><span style=\"color: #ffffff;\">Keresked\u0151k eset\u00e9n az Elad\u00f3 sz\u00e9khelye szerinti b\u00edr\u00f3s\u00e1g illet\u00e9kes.<\/span><\/p>\n<h2><span style=\"color: #ffffff;\">14) Magatart\u00e1si k\u00f3dex<\/span><\/h2>\n<p><span style=\"color: #ffffff;\">Az Elad\u00f3 elfogadta a Trusted Shops min\u0151s\u00e9gi krit\u00e9riumait.<\/span><\/p>\n<h2><span style=\"color: #ffffff;\">15) Alternat\u00edv vitarendez\u00e9s<\/span><\/h2>\n<p><span style=\"color: #ffffff;\">Az Elad\u00f3 nem k\u00f6teles \u00e9s nem hajland\u00f3 fogyaszt\u00f3v\u00e9delmi b\u00e9k\u00e9ltet\u0151 test\u00fcleti elj\u00e1r\u00e1sban r\u00e9szt venni.<\/span><\/p>\n<p><span style=\"color: #ffffff;\">.<\/span><\/p>\n<\/div>\n<div id=\"itkanzlei_txt_copyright\">\n<div style=\"text-align: center;\"><span style=\"color: #ffffff;\"><a style=\"color: #ffffff;\" href=\"https:\/\/www.it-recht-kanzlei.de\/\" target=\"_blank\" rel=\"noopener\"><img decoding=\"async\" id=\"itkanzlei_img_copyright\" title=\"\u00a9 IT-Recht Kanzlei\" data-src=\"https:\/\/www.it-recht-kanzlei.de\/logo\/Copyright-Logo_AGB.png?i=39b44-202c6-39c7-907d-1\" alt=\"\u00a9 IT-Recht Kanzlei\" src=\"data:image\/svg+xml;base64,PHN2ZyB3aWR0aD0iMSIgaGVpZ2h0PSIxIiB4bWxucz0iaHR0cDovL3d3dy53My5vcmcvMjAwMC9zdmciPjwvc3ZnPg==\" class=\"lazyload\" \/><\/a><\/span><\/div>\n<div style=\"text-align: center;\"><span style=\"color: #ffffff;\">Stand: 06.01.2026, 04:06:25 Uhr<\/span><\/div>\n<\/div>\n<\/div>\n<\/div>\n<p>[\/vc_column_text][\/vc_column][vc_column width=&#8221;1\/4&#8243;][vc_empty_space height=&#8221;1px&#8221;][\/vc_column][\/vc_row]<\/p>\n<\/div>","protected":false},"excerpt":{"rendered":"<p>[vc_row][vc_column width=&#8221;1\/4&#8243;][vc_empty_space height=&#8221;1px&#8221;][\/vc_column][vc_column width=&#8221;1\/2&#8243;][vc_column_text css=&#8221;&#8221;] \u00c1ltal\u00e1nos Szerz\u0151d\u00e9si Felt\u00e9telek (\u00c1SZF) Tartalomjegyz\u00e9k Hat\u00e1ly Szerz\u0151d\u00e9sk\u00f6t\u00e9s El\u00e1ll\u00e1si jog \u00c1rak \u00e9s fizet\u00e9si felt\u00e9telek Sz\u00e1ll\u00edt\u00e1si \u00e9s k\u00e9zbes\u00edt\u00e9si felt\u00e9telek El\u0151fizet\u00e9ses szerz\u0151d\u00e9sek id\u0151tartama \u00e9s megsz\u00fcntet\u00e9se Tulajdonjog fenntart\u00e1sa Kell\u00e9kszavatoss\u00e1g (j\u00f3t\u00e1ll\u00e1s) Felel\u0151ss\u00e9g Prom\u00f3ci\u00f3s kuponok bev\u00e1lt\u00e1sa Aj\u00e1nd\u00e9kutalv\u00e1nyok bev\u00e1lt\u00e1sa Alkalmazand\u00f3 jog Illet\u00e9kes b\u00edr\u00f3s\u00e1g Magatart\u00e1si k\u00f3dex Alternat\u00edv vitarendez\u00e9s 1) Hat\u00e1ly 1.1 Ezek az \u00c1ltal\u00e1nos Szerz\u0151d\u00e9si Felt\u00e9telek (a tov\u00e1bbiakban: [&hellip;]<\/p>\n","protected":false},"author":14,"featured_media":0,"parent":0,"menu_order":0,"comment_status":"closed","ping_status":"closed","template":"","meta":{"footnotes":""},"class_list":["post-7194","page","type-page","status-publish","hentry"],"_links":{"self":[{"href":"https:\/\/syprin.de\/hu\/wp-json\/wp\/v2\/pages\/7194","targetHints":{"allow":["GET"]}}],"collection":[{"href":"https:\/\/syprin.de\/hu\/wp-json\/wp\/v2\/pages"}],"about":[{"href":"https:\/\/syprin.de\/hu\/wp-json\/wp\/v2\/types\/page"}],"author":[{"embeddable":true,"href":"https:\/\/syprin.de\/hu\/wp-json\/wp\/v2\/users\/14"}],"replies":[{"embeddable":true,"href":"https:\/\/syprin.de\/hu\/wp-json\/wp\/v2\/comments?post=7194"}],"version-history":[{"count":3,"href":"https:\/\/syprin.de\/hu\/wp-json\/wp\/v2\/pages\/7194\/revisions"}],"predecessor-version":[{"id":7754,"href":"https:\/\/syprin.de\/hu\/wp-json\/wp\/v2\/pages\/7194\/revisions\/7754"}],"wp:attachment":[{"href":"https:\/\/syprin.de\/hu\/wp-json\/wp\/v2\/media?parent=7194"}],"curies":[{"name":"wp","href":"https:\/\/api.w.org\/{rel}","templated":true}]}}