{"id":6301,"date":"2018-02-14T09:59:05","date_gmt":"2018-02-14T09:59:05","guid":{"rendered":"https:\/\/syprin.de\/?post_type=product&#038;p=6301"},"modified":"2026-04-20T17:27:48","modified_gmt":"2026-04-20T15:27:48","slug":"original-syprin-engine-flush","status":"publish","type":"product","link":"https:\/\/syprin.de\/en\/product\/original-syprin-engine-flush\/","title":{"rendered":"ORIGINAL SYPRIN Engine Flush"},"content":{"rendered":"<div class=\"wpb-content-wrapper\"><p>[vc_row][vc_column][vc_column_text css=&#8221;&#8221;]<\/p>\n<div class=\"row\">\n<div class=\"large-12 columns margin-bottom-10\">\n<h3>ORIGINAL SYPRIN Engine flush<\/h3>\n<p>Die Original Syprin Motorsp\u00fclung ist eine hochwertige Sp\u00fclung f\u00fcr Diesel &amp; Benzinmotoren und pflegt den Motor.<\/p>\n<h3>Compatibility<\/h3>\n<p>A major advantage of <strong>Syprin engine flush<\/strong> is that it is suitable for all diesel and <strong>gasoline engines with or without particulate filters of the same mass<\/strong>.<\/p>\n<p>Hazardous goods information <strong>Original Syprin engine flush<\/strong><\/p>\n<\/div>\n<div><img loading=\"lazy\" decoding=\"async\" class=\"\" src=\"https:\/\/syprin.de\/wp-content\/uploads\/2018\/02\/Gesundheitsgefahr_GHS08-7.webp\" width=\"64\" height=\"64\" \/><\/div>\n<p><img loading=\"lazy\" decoding=\"async\" class=\"\" src=\"https:\/\/syprin.de\/wp-content\/uploads\/2026\/01\/Ausrufezeichen_Achtung.webp\" width=\"64\" height=\"64\" \/><br \/>\n<strong><br \/>\n<\/strong><strong>Hazard warnings:<br \/>\n<\/strong><\/p>\n<div class=\"page\" title=\"Page 4\">\n<div class=\"layoutArea\">\n<div class=\"column\">\n<p>H304\u00a0May be fatal if swallowed and enters airways<br \/>\nH317 May cause allergic skin reactions.<\/p>\n<\/div>\n<\/div>\n<\/div>\n<p><strong>Safety instructions:<br \/>\n<\/strong>P101\u00a0 If medical advice is needed, have the container or label at hand.<br \/>\nP102\u00a0\u00a0Keep out of reach of children.<br \/>\nP301+P310\u00a0IF SWALLOWED: Immediately call a POISON CONTROL CENTER\/doctor. P331 Do NOT induce vomiting.<br \/>\nP405 Keep under lock and key.<br \/>\nP501\u00a0Dispose of contents\/container at an approved disposal facility.<br \/>\nEUH066 Repeated contact may cause skin to become dry or cracked.<\/p>\n<h3 class=\"a-section a-spacing-none\">Manufacturer information<\/h3>\n<div class=\"a-section a-spacing-none\">\n<p><strong>Name:<\/strong> OS Motorsystem GmbH &amp; Co. KG<br \/>\n<strong>Address:<\/strong> Blumenweg 20a D-09224 Chemnitz<br \/>\n<strong>E-Mail:<\/strong> info@syprin.de<br \/>\n<strong>Website:<\/strong> <a href=\"https:\/\/syprin.de\/en\/\" target=\"_blank\" rel=\"noopener\">https:\/\/syprin.de\/<\/a><br \/>\n<strong>European manufacturer:<\/strong> Yes<\/p>\n<\/div>\n<\/div>\n<p>[\/vc_column_text][\/vc_column][\/vc_row]<\/p>\n<\/div>","protected":false},"excerpt":{"rendered":"<h3>ORIGINAL SYPRIN Engine Flush<\/h3>\n<p>Original Syprin Engine Flush is a high-quality flush for diesel and gasoline engines that helps maintain the engine.<\/p>\n<h3>Our promises<\/h3>\n<ul class=\"a-unordered-list a-vertical a-spacing-mini\">\n<li class=\"a-spacing-mini\">SUITABLE FOR ALL DIESEL AND GASOLINE ENGINES: Original Syprin Engine Flush is the best solution for all types of diesel and gasoline vehicles.<\/li>\n<\/ul>\n<ul>\n<li class=\"a-spacing-mini\">RESTORE ULTIMATE PERFORMANCE: Engine flush restores engine performance.<\/li>\n<\/ul>\n<ul>\n<li class=\"a-spacing-mini\"><span class=\"a-list-item\"> EFFECTIVE CLEANING: Original Syprin EF1 engine flush removes stubborn deposits and prevents oil lines from clogging.<\/span><\/li>\n<\/ul>\n<ul>\n<li class=\"a-spacing-mini\"><span class=\"a-list-item\"> BEST PREVENTION: Minimizes corrosion and protects the engine from wear.<\/span><\/li>\n<\/ul>\n<ul>\n<li class=\"a-spacing-mini\">MADE IN GERMANY: Original Syprin engine flush is manufactured entirely in Germany.<\/li>\n<\/ul>\n","protected":false},"featured_media":6209,"comment_status":"open","ping_status":"closed","template":"","meta":{"wds_primary_product_brand":0,"wds_primary_product_cat":0},"product_brand":[],"product_cat":[316,319],"product_tag":[],"class_list":{"0":"post-6301","1":"product","2":"type-product","3":"status-publish","4":"has-post-thumbnail","6":"product_cat-gasoline","7":"product_cat-diesel","9":"first","10":"instock","11":"taxable","12":"shipping-taxable","13":"purchasable","14":"product-type-simple"},"_links":{"self":[{"href":"https:\/\/syprin.de\/en\/wp-json\/wp\/v2\/product\/6301","targetHints":{"allow":["GET"]}}],"collection":[{"href":"https:\/\/syprin.de\/en\/wp-json\/wp\/v2\/product"}],"about":[{"href":"https:\/\/syprin.de\/en\/wp-json\/wp\/v2\/types\/product"}],"replies":[{"embeddable":true,"href":"https:\/\/syprin.de\/en\/wp-json\/wp\/v2\/comments?post=6301"}],"wp:featuredmedia":[{"embeddable":true,"href":"https:\/\/syprin.de\/en\/wp-json\/wp\/v2\/media\/6209"}],"wp:attachment":[{"href":"https:\/\/syprin.de\/en\/wp-json\/wp\/v2\/media?parent=6301"}],"wp:term":[{"taxonomy":"product_brand","embeddable":true,"href":"https:\/\/syprin.de\/en\/wp-json\/wp\/v2\/product_brand?post=6301"},{"taxonomy":"product_cat","embeddable":true,"href":"https:\/\/syprin.de\/en\/wp-json\/wp\/v2\/product_cat?post=6301"},{"taxonomy":"product_tag","embeddable":true,"href":"https:\/\/syprin.de\/en\/wp-json\/wp\/v2\/product_tag?post=6301"}],"curies":[{"name":"wp","href":"https:\/\/api.w.org\/{rel}","templated":true}]}}